{"id":2611,"date":"2021-05-18T18:30:04","date_gmt":"2021-05-18T23:30:04","guid":{"rendered":"https:\/\/qrosoft.mx\/tiendabosquedeniebla\/product\/tomate-de-arbol-o-berenjenilla-rojo\/"},"modified":"2026-01-16T22:39:02","modified_gmt":"2026-01-17T04:39:02","slug":"tomate-de-arbol-o-berenjenilla-rojo","status":"publish","type":"product","link":"https:\/\/qrosoft.mx\/tiendabosquedeniebla\/product\/tomate-de-arbol-o-berenjenilla-rojo\/","title":{"rendered":"Tomate de \u00e1rbol o berenjenilla rojo"},"content":{"rendered":"<h4>Tomate de \u00e1rbol o berenjenilla rojo &#8211; <em>Solanum betaceum<\/em><\/h4>\n<ul>\n<li><strong>Familia:<\/strong> Solanaceae<\/li>\n<li><strong>Origen:<\/strong> Am\u00e9rica<\/li>\n<li><strong>Otros nombres:<\/strong> Berenjenilla.<\/li>\n<li><strong>Descripci\u00f3n:<\/strong> Arbusto perenne de 2 a 3m de alto. Vive de 3 a 4 a\u00f1os, florea a los 8 o 10 meses de sembrado.<\/li>\n<li><strong>Usos:<\/strong> Frutos comestibles crudos o cocinados en salsas y mermeladas. Tiene propiedades curativas para enfermedades respiratorias y combate la anemia.<\/li>\n<li><strong>Clima:<\/strong> Temperatura \u00f3ptima de 18 a 22\u00b0C con lluvias de 600 a 800mm anuales. Altitud de 1,800 a 2,800msnm. Crece mejor asociado con \u00e1rboles, donde se forma un microclima mas h\u00famedo y con menos luz. No soporta heladas, altas temperaturas y las sequ\u00edas prolongadas afectan la fructificaci\u00f3n.<\/li>\n<li><strong>Zonas:<\/strong> 3 y 4.<\/li>\n<li><strong>Siembra:<\/strong> A una distancia de 3m entre plantas, a media sombra.<\/li>\n<\/ul>\n","protected":false},"excerpt":{"rendered":"<p>Arbusto de frutos comestibles perenne<\/p>\n","protected":false},"featured_media":4562,"comment_status":"open","ping_status":"closed","template":"","meta":{"inline_featured_image":false,"_monsterinsights_skip_tracking":false,"_monsterinsights_sitenote_active":false,"_monsterinsights_sitenote_note":"","_monsterinsights_sitenote_category":0},"product_brand":[],"product_cat":[80],"product_tag":[],"class_list":{"0":"post-2611","1":"product","2":"type-product","3":"status-publish","4":"has-post-thumbnail","6":"product_cat-frutales","8":"first","9":"instock","10":"shipping-taxable","11":"purchasable","12":"product-type-variable","13":"has-default-attributes"},"_links":{"self":[{"href":"https:\/\/qrosoft.mx\/tiendabosquedeniebla\/wp-json\/wp\/v2\/product\/2611","targetHints":{"allow":["GET"]}}],"collection":[{"href":"https:\/\/qrosoft.mx\/tiendabosquedeniebla\/wp-json\/wp\/v2\/product"}],"about":[{"href":"https:\/\/qrosoft.mx\/tiendabosquedeniebla\/wp-json\/wp\/v2\/types\/product"}],"replies":[{"embeddable":true,"href":"https:\/\/qrosoft.mx\/tiendabosquedeniebla\/wp-json\/wp\/v2\/comments?post=2611"}],"wp:featuredmedia":[{"embeddable":true,"href":"https:\/\/qrosoft.mx\/tiendabosquedeniebla\/wp-json\/wp\/v2\/media\/4562"}],"wp:attachment":[{"href":"https:\/\/qrosoft.mx\/tiendabosquedeniebla\/wp-json\/wp\/v2\/media?parent=2611"}],"wp:term":[{"taxonomy":"product_brand","embeddable":true,"href":"https:\/\/qrosoft.mx\/tiendabosquedeniebla\/wp-json\/wp\/v2\/product_brand?post=2611"},{"taxonomy":"product_cat","embeddable":true,"href":"https:\/\/qrosoft.mx\/tiendabosquedeniebla\/wp-json\/wp\/v2\/product_cat?post=2611"},{"taxonomy":"product_tag","embeddable":true,"href":"https:\/\/qrosoft.mx\/tiendabosquedeniebla\/wp-json\/wp\/v2\/product_tag?post=2611"}],"curies":[{"name":"wp","href":"https:\/\/api.w.org\/{rel}","templated":true}]}}