{"id":2609,"date":"2021-05-18T18:30:03","date_gmt":"2021-05-18T23:30:03","guid":{"rendered":"https:\/\/qrosoft.mx\/tiendabosquedeniebla\/product\/timbre\/"},"modified":"2026-01-05T10:44:16","modified_gmt":"2026-01-05T16:44:16","slug":"timbre","status":"publish","type":"product","link":"https:\/\/qrosoft.mx\/tiendabosquedeniebla\/product\/timbre\/","title":{"rendered":"Timbre"},"content":{"rendered":"<h4><strong>Timbre &#8211; <em>Acacia angustissima<\/em><\/strong><\/h4>\n<ul>\n<li><strong>Familia:<\/strong> Fabaceae<\/li>\n<li><strong>Origen:<\/strong> Norte y Centro Am\u00e9rica<\/li>\n<li><strong>Area potencial de siembra por 1 g:<\/strong> 60m\u00b2<\/li>\n<li><strong>Semillas por 1 g:<\/strong> 120 aprox.<\/li>\n<li><strong>Descripci\u00f3n:<\/strong> Arbusto o \u00e1rbol perenne que llega a medir hasta 4m de altura, sin espinas.<\/li>\n<li><strong>Usos:<\/strong> Excelente fijadora de nitr\u00f3geno, nuestro \u00e1rbol favorito para los sistemas agroforestales como bosque huerto comestible y cultivo de tub\u00e9rculos (yuca, malanga). Contiene taninos para curtir pieles y es forrajera. Tambi\u00e9n es medicinal y se utiliza para afecciones de bilis, boca y dientes. Tiene ra\u00edces profundas, por lo que es \u00fatil para reducir la erosi\u00f3n y mejorar el suelo. Le\u00f1a de buena calidad. Tutor para enredaderas. Resiste bien el manejo de poda y rebrote.<\/li>\n<li><strong>Clima:<\/strong> Templado y caliente.<\/li>\n<li><strong>Zonas:<\/strong> 1, 2, 3, 4, 5<\/li>\n<li><strong>Siembra:<\/strong> Disperso en el bosque huerto comestible, a 50cm entre plantas en cultivo en callejones y otros sistemas agroforestales y a 2 X 2m en bancos para producci\u00f3n de le\u00f1a.<\/li>\n<\/ul>\n","protected":false},"excerpt":{"rendered":"<p>\u00c1rbol fijador de nitr\u00f3geno, forrajero y para le\u00f1a<\/p>\n","protected":false},"featured_media":2371,"comment_status":"open","ping_status":"closed","template":"","meta":{"inline_featured_image":false,"_monsterinsights_skip_tracking":false,"_monsterinsights_sitenote_active":false,"_monsterinsights_sitenote_note":"","_monsterinsights_sitenote_category":0},"product_brand":[],"product_cat":[84],"product_tag":[],"class_list":{"0":"post-2609","1":"product","2":"type-product","3":"status-publish","4":"has-post-thumbnail","6":"product_cat-fijadoras-de-nitrogeno","8":"first","9":"instock","10":"shipping-taxable","11":"purchasable","12":"product-type-variable","13":"has-default-attributes"},"_links":{"self":[{"href":"https:\/\/qrosoft.mx\/tiendabosquedeniebla\/wp-json\/wp\/v2\/product\/2609","targetHints":{"allow":["GET"]}}],"collection":[{"href":"https:\/\/qrosoft.mx\/tiendabosquedeniebla\/wp-json\/wp\/v2\/product"}],"about":[{"href":"https:\/\/qrosoft.mx\/tiendabosquedeniebla\/wp-json\/wp\/v2\/types\/product"}],"replies":[{"embeddable":true,"href":"https:\/\/qrosoft.mx\/tiendabosquedeniebla\/wp-json\/wp\/v2\/comments?post=2609"}],"wp:featuredmedia":[{"embeddable":true,"href":"https:\/\/qrosoft.mx\/tiendabosquedeniebla\/wp-json\/wp\/v2\/media\/2371"}],"wp:attachment":[{"href":"https:\/\/qrosoft.mx\/tiendabosquedeniebla\/wp-json\/wp\/v2\/media?parent=2609"}],"wp:term":[{"taxonomy":"product_brand","embeddable":true,"href":"https:\/\/qrosoft.mx\/tiendabosquedeniebla\/wp-json\/wp\/v2\/product_brand?post=2609"},{"taxonomy":"product_cat","embeddable":true,"href":"https:\/\/qrosoft.mx\/tiendabosquedeniebla\/wp-json\/wp\/v2\/product_cat?post=2609"},{"taxonomy":"product_tag","embeddable":true,"href":"https:\/\/qrosoft.mx\/tiendabosquedeniebla\/wp-json\/wp\/v2\/product_tag?post=2609"}],"curies":[{"name":"wp","href":"https:\/\/api.w.org\/{rel}","templated":true}]}}