{"id":2602,"date":"2021-05-18T18:29:59","date_gmt":"2021-05-18T23:29:59","guid":{"rendered":"https:\/\/qrosoft.mx\/tiendabosquedeniebla\/product\/soya-huasteca-200\/"},"modified":"2025-12-02T18:51:21","modified_gmt":"2025-12-03T00:51:21","slug":"soya-huasteca-200","status":"publish","type":"product","link":"https:\/\/qrosoft.mx\/tiendabosquedeniebla\/product\/soya-huasteca-200\/","title":{"rendered":"Soya huasteca 200"},"content":{"rendered":"<h4><strong>Soya huasteca 200 &#8211; <em>Glycine max<\/em><\/strong><\/h4>\n<ul>\n<li><strong>Familia:<\/strong> Fabaceae<\/li>\n<li><strong>Origen:<\/strong> Asia<\/li>\n<li><strong>Area potencial de siembra por 0.5 kg:<\/strong> 125m\u00b2<\/li>\n<li><strong>Semillas por 0.5 kg:<\/strong> 4000 aprox.<\/li>\n<li><strong>Descripci\u00f3n:<\/strong> Planta anual, herb\u00e1cea de 30 a 40cm de alto. Semillas amarillas. Variedad no transg\u00e9nica seleccionada por el INIFAP, resistente a plagas y enfermedades.<\/li>\n<li><strong>Usos:<\/strong> Semillas comestibles, con un alto contenido de prote\u00edna (43.23%) y aceite (21.94%).<\/li>\n<li><strong>Clima:<\/strong> Seleccionada por el INIFAP para crecer en los climas tropicales, tolera temporales err\u00e1ticos, lluvias escasas, y se adapta a las regiones del tr\u00f3pico h\u00famedo y sub-h\u00famedo de M\u00e9xico. Baja sensibilidad al fotoper\u00edodo corto en latitudes tropicales.<\/li>\n<li><strong>Zonas:<\/strong> 1, 2, 3<\/li>\n<li><strong>Siembra:<\/strong> Directo en el suelo a una distancia de 30cm entre plantas.<\/li>\n<li><strong>Cosecha:<\/strong> Cultivo r\u00e1pido que se cosecha a los 122 d\u00edas, cuando la mata y las vainas est\u00e9n secas.<\/li>\n<\/ul>\n","protected":false},"excerpt":{"rendered":"<p>Hortaliza anual de hojas comestibles<\/p>\n","protected":false},"featured_media":4504,"comment_status":"open","ping_status":"closed","template":"","meta":{"inline_featured_image":false,"_monsterinsights_skip_tracking":false,"_monsterinsights_sitenote_active":false,"_monsterinsights_sitenote_note":"","_monsterinsights_sitenote_category":0},"product_brand":[],"product_cat":[370],"product_tag":[],"class_list":{"0":"post-2602","1":"product","2":"type-product","3":"status-publish","4":"has-post-thumbnail","6":"product_cat-soyas","8":"first","9":"instock","10":"shipping-taxable","11":"purchasable","12":"product-type-variable","13":"has-default-attributes"},"_links":{"self":[{"href":"https:\/\/qrosoft.mx\/tiendabosquedeniebla\/wp-json\/wp\/v2\/product\/2602","targetHints":{"allow":["GET"]}}],"collection":[{"href":"https:\/\/qrosoft.mx\/tiendabosquedeniebla\/wp-json\/wp\/v2\/product"}],"about":[{"href":"https:\/\/qrosoft.mx\/tiendabosquedeniebla\/wp-json\/wp\/v2\/types\/product"}],"replies":[{"embeddable":true,"href":"https:\/\/qrosoft.mx\/tiendabosquedeniebla\/wp-json\/wp\/v2\/comments?post=2602"}],"wp:featuredmedia":[{"embeddable":true,"href":"https:\/\/qrosoft.mx\/tiendabosquedeniebla\/wp-json\/wp\/v2\/media\/4504"}],"wp:attachment":[{"href":"https:\/\/qrosoft.mx\/tiendabosquedeniebla\/wp-json\/wp\/v2\/media?parent=2602"}],"wp:term":[{"taxonomy":"product_brand","embeddable":true,"href":"https:\/\/qrosoft.mx\/tiendabosquedeniebla\/wp-json\/wp\/v2\/product_brand?post=2602"},{"taxonomy":"product_cat","embeddable":true,"href":"https:\/\/qrosoft.mx\/tiendabosquedeniebla\/wp-json\/wp\/v2\/product_cat?post=2602"},{"taxonomy":"product_tag","embeddable":true,"href":"https:\/\/qrosoft.mx\/tiendabosquedeniebla\/wp-json\/wp\/v2\/product_tag?post=2602"}],"curies":[{"name":"wp","href":"https:\/\/api.w.org\/{rel}","templated":true}]}}