{"id":2600,"date":"2021-05-18T18:29:55","date_gmt":"2021-05-18T23:29:55","guid":{"rendered":"https:\/\/qrosoft.mx\/tiendabosquedeniebla\/product\/sauco\/"},"modified":"2026-01-16T22:39:04","modified_gmt":"2026-01-17T04:39:04","slug":"sauco","status":"publish","type":"product","link":"https:\/\/qrosoft.mx\/tiendabosquedeniebla\/product\/sauco\/","title":{"rendered":"Sa\u00faco"},"content":{"rendered":"<h4>Sauco &#8211; Sambucus mexicana<\/h4>\n<ul>\n<li><strong>Familia:<\/strong> Adoxaceae<\/li>\n<li><strong>Origen:<\/strong> M\u00e9xico<\/li>\n<li><strong>Descripci\u00f3n:<\/strong> Arbusto de 2 a 7m de alto.<\/li>\n<li><strong>Usos:<\/strong> Forrajero para cabras, vacas y borregos. Productora de biomasa, excelente abono verde. Buena barrera viva. Los frutos son comestibles s\u00f3lo cocidos ya que crudos pueden ser t\u00f3xicos. Tiene propiedades medicinales. Flores comestibles cocinadas. En Las Ca\u00f1adas lo sembramos en vez de Gigant\u00f3n en los lugares que hay heladas.<\/li>\n<li><strong>Clima:<\/strong> H\u00famedos y muy h\u00famedos, con una altura de 800 a 3,900msnm. Tolera heladas.<\/li>\n<li><strong>Zona:<\/strong> 2, 3 y 4.<\/li>\n<li><strong>Siembra:<\/strong> Enterrar verticalmente la vareta unos 10cm o dos yemas. Sembrar a una distancia de 40cm en cama biointensiva, a 50cm entre plantas y 1m entre hileras en banco forraje.<\/li>\n<\/ul>\n","protected":false},"excerpt":{"rendered":"<p>Arbusto medicinal, culinario, productor de biomasa y control de erosi\u00f3n.<\/p>\n","protected":false},"featured_media":2362,"comment_status":"closed","ping_status":"closed","template":"","meta":{"inline_featured_image":false,"_monsterinsights_skip_tracking":false,"_monsterinsights_sitenote_active":false,"_monsterinsights_sitenote_note":"","_monsterinsights_sitenote_category":0},"product_brand":[],"product_cat":[269,260],"product_tag":[],"class_list":{"0":"post-2600","1":"product","2":"type-product","3":"status-publish","4":"has-post-thumbnail","6":"product_cat-control-de-erosion","7":"product_cat-medicinales-y-culinarias","9":"first","10":"instock","11":"shipping-taxable","12":"purchasable","13":"product-type-variable","14":"has-default-attributes"},"_links":{"self":[{"href":"https:\/\/qrosoft.mx\/tiendabosquedeniebla\/wp-json\/wp\/v2\/product\/2600","targetHints":{"allow":["GET"]}}],"collection":[{"href":"https:\/\/qrosoft.mx\/tiendabosquedeniebla\/wp-json\/wp\/v2\/product"}],"about":[{"href":"https:\/\/qrosoft.mx\/tiendabosquedeniebla\/wp-json\/wp\/v2\/types\/product"}],"replies":[{"embeddable":true,"href":"https:\/\/qrosoft.mx\/tiendabosquedeniebla\/wp-json\/wp\/v2\/comments?post=2600"}],"wp:featuredmedia":[{"embeddable":true,"href":"https:\/\/qrosoft.mx\/tiendabosquedeniebla\/wp-json\/wp\/v2\/media\/2362"}],"wp:attachment":[{"href":"https:\/\/qrosoft.mx\/tiendabosquedeniebla\/wp-json\/wp\/v2\/media?parent=2600"}],"wp:term":[{"taxonomy":"product_brand","embeddable":true,"href":"https:\/\/qrosoft.mx\/tiendabosquedeniebla\/wp-json\/wp\/v2\/product_brand?post=2600"},{"taxonomy":"product_cat","embeddable":true,"href":"https:\/\/qrosoft.mx\/tiendabosquedeniebla\/wp-json\/wp\/v2\/product_cat?post=2600"},{"taxonomy":"product_tag","embeddable":true,"href":"https:\/\/qrosoft.mx\/tiendabosquedeniebla\/wp-json\/wp\/v2\/product_tag?post=2600"}],"curies":[{"name":"wp","href":"https:\/\/api.w.org\/{rel}","templated":true}]}}