{"id":2599,"date":"2021-05-18T18:29:54","date_gmt":"2021-05-18T23:29:54","guid":{"rendered":"https:\/\/qrosoft.mx\/tiendabosquedeniebla\/product\/santolina-flor-blanca\/"},"modified":"2025-12-15T09:13:58","modified_gmt":"2025-12-15T15:13:58","slug":"santolina-flor-blanca","status":"publish","type":"product","link":"https:\/\/qrosoft.mx\/tiendabosquedeniebla\/product\/santolina-flor-blanca\/","title":{"rendered":"Santolina Flor blanca"},"content":{"rendered":"<h4>Santolina Flor blanca &#8211; <em>Santolina chamaecyparissus<\/em><\/h4>\n<ul>\n<li><strong>Familia:<\/strong> Asteraceae<\/li>\n<li><strong>Origen:<\/strong> Sur de Europa<\/li>\n<li><strong>Otros nombres:<\/strong> cipresilla, hierba lombriguera, guardarropa, manzanillera.<\/li>\n<li><strong>Descripci\u00f3n:<\/strong> Subarbusto o planta herb\u00e1cea de 20 a 70cm, perteneciente a la familia de las Aster\u00e1ceas. Posee numerosos tallos delgados y estrechas hojas color gris\u00e1ceo. Flores blancas y fruto cuadrangular.<\/li>\n<li><strong>Usos:<\/strong> Es rica en aceites arom\u00e1ticos. Se utiliza para evitar las polillas poniendo ramas dentro de los cajones de ropa. En medicina puede servir como verm\u00edfugo, antibi\u00f3tico y desinfectante.<\/li>\n<li><strong>Clima:<\/strong> Templado a fr\u00edo y seco.<\/li>\n<li><strong>Zonas:<\/strong> 3, 4, 5.<\/li>\n<li><strong>Siembra:<\/strong> A pleno sol, en suelos arenosos. Riego moderado.<\/li>\n<\/ul>\n","protected":false},"excerpt":{"rendered":"<p>Planta medicinal perenne<\/p>\n","protected":false},"featured_media":2361,"comment_status":"open","ping_status":"closed","template":"","meta":{"inline_featured_image":false,"_monsterinsights_skip_tracking":false,"_monsterinsights_sitenote_active":false,"_monsterinsights_sitenote_note":"","_monsterinsights_sitenote_category":0},"product_brand":[],"product_cat":[260],"product_tag":[],"class_list":{"0":"post-2599","1":"product","2":"type-product","3":"status-publish","4":"has-post-thumbnail","6":"product_cat-medicinales-y-culinarias","8":"first","9":"instock","10":"shipping-taxable","11":"purchasable","12":"product-type-variable","13":"has-default-attributes"},"_links":{"self":[{"href":"https:\/\/qrosoft.mx\/tiendabosquedeniebla\/wp-json\/wp\/v2\/product\/2599","targetHints":{"allow":["GET"]}}],"collection":[{"href":"https:\/\/qrosoft.mx\/tiendabosquedeniebla\/wp-json\/wp\/v2\/product"}],"about":[{"href":"https:\/\/qrosoft.mx\/tiendabosquedeniebla\/wp-json\/wp\/v2\/types\/product"}],"replies":[{"embeddable":true,"href":"https:\/\/qrosoft.mx\/tiendabosquedeniebla\/wp-json\/wp\/v2\/comments?post=2599"}],"wp:featuredmedia":[{"embeddable":true,"href":"https:\/\/qrosoft.mx\/tiendabosquedeniebla\/wp-json\/wp\/v2\/media\/2361"}],"wp:attachment":[{"href":"https:\/\/qrosoft.mx\/tiendabosquedeniebla\/wp-json\/wp\/v2\/media?parent=2599"}],"wp:term":[{"taxonomy":"product_brand","embeddable":true,"href":"https:\/\/qrosoft.mx\/tiendabosquedeniebla\/wp-json\/wp\/v2\/product_brand?post=2599"},{"taxonomy":"product_cat","embeddable":true,"href":"https:\/\/qrosoft.mx\/tiendabosquedeniebla\/wp-json\/wp\/v2\/product_cat?post=2599"},{"taxonomy":"product_tag","embeddable":true,"href":"https:\/\/qrosoft.mx\/tiendabosquedeniebla\/wp-json\/wp\/v2\/product_tag?post=2599"}],"curies":[{"name":"wp","href":"https:\/\/api.w.org\/{rel}","templated":true}]}}