{"id":2592,"date":"2021-05-18T18:29:52","date_gmt":"2021-05-18T23:29:52","guid":{"rendered":"https:\/\/qrosoft.mx\/tiendabosquedeniebla\/product\/salvia-medicinal\/"},"modified":"2025-12-15T09:13:56","modified_gmt":"2025-12-15T15:13:56","slug":"salvia-medicinal","status":"publish","type":"product","link":"https:\/\/qrosoft.mx\/tiendabosquedeniebla\/product\/salvia-medicinal\/","title":{"rendered":"Salvia Medicinal"},"content":{"rendered":"<h4>Salvia Medicinal &#8211; <em>Salvia officinalis<\/em><\/h4>\n<ul>\n<li><strong>Familia:<\/strong> Lamiaceae<\/li>\n<li><strong>Origen:<\/strong> Sur de Europa<\/li>\n<li><strong>Descripci\u00f3n:<\/strong> Planta herb\u00e1cea de 30 a 70cm de altura. Hojas verde claro alargadas y velludas de textura rasposa. Flores moradas y peque\u00f1as.<\/li>\n<li><strong>Usos:<\/strong> Es de sabor y aroma mas fuerte. Estimulante digestivo, antiespasm\u00f3dica, astringente, y antis\u00e9ptica. Reduce la transpiraci\u00f3n, la salivaci\u00f3n y la producci\u00f3n de leche. Es antibi\u00f3tica, reduce los niveles de az\u00facar en la sangre, calma v\u00f3mitos y diarreas.<\/li>\n<li><strong>Clima:<\/strong> Templado a c\u00e1lido seco o \u00e1rido. No soporta mucho fr\u00edo.<\/li>\n<li><strong>Zonas:<\/strong> 3, 4 y 5.<\/li>\n<li><strong>Siembra:<\/strong> Sembrar en suelos bien drenados y soleados.<\/li>\n<\/ul>\n","protected":false},"excerpt":{"rendered":"<p>Planta medicinal perenne<\/p>\n","protected":false},"featured_media":2354,"comment_status":"open","ping_status":"closed","template":"","meta":{"inline_featured_image":false,"_monsterinsights_skip_tracking":false,"_monsterinsights_sitenote_active":false,"_monsterinsights_sitenote_note":"","_monsterinsights_sitenote_category":0},"product_brand":[],"product_cat":[260],"product_tag":[],"class_list":{"0":"post-2592","1":"product","2":"type-product","3":"status-publish","4":"has-post-thumbnail","6":"product_cat-medicinales-y-culinarias","8":"first","9":"instock","10":"shipping-taxable","11":"purchasable","12":"product-type-variable","13":"has-default-attributes"},"_links":{"self":[{"href":"https:\/\/qrosoft.mx\/tiendabosquedeniebla\/wp-json\/wp\/v2\/product\/2592","targetHints":{"allow":["GET"]}}],"collection":[{"href":"https:\/\/qrosoft.mx\/tiendabosquedeniebla\/wp-json\/wp\/v2\/product"}],"about":[{"href":"https:\/\/qrosoft.mx\/tiendabosquedeniebla\/wp-json\/wp\/v2\/types\/product"}],"replies":[{"embeddable":true,"href":"https:\/\/qrosoft.mx\/tiendabosquedeniebla\/wp-json\/wp\/v2\/comments?post=2592"}],"wp:featuredmedia":[{"embeddable":true,"href":"https:\/\/qrosoft.mx\/tiendabosquedeniebla\/wp-json\/wp\/v2\/media\/2354"}],"wp:attachment":[{"href":"https:\/\/qrosoft.mx\/tiendabosquedeniebla\/wp-json\/wp\/v2\/media?parent=2592"}],"wp:term":[{"taxonomy":"product_brand","embeddable":true,"href":"https:\/\/qrosoft.mx\/tiendabosquedeniebla\/wp-json\/wp\/v2\/product_brand?post=2592"},{"taxonomy":"product_cat","embeddable":true,"href":"https:\/\/qrosoft.mx\/tiendabosquedeniebla\/wp-json\/wp\/v2\/product_cat?post=2592"},{"taxonomy":"product_tag","embeddable":true,"href":"https:\/\/qrosoft.mx\/tiendabosquedeniebla\/wp-json\/wp\/v2\/product_tag?post=2592"}],"curies":[{"name":"wp","href":"https:\/\/api.w.org\/{rel}","templated":true}]}}