{"id":2590,"date":"2021-05-18T18:29:51","date_gmt":"2021-05-18T23:29:51","guid":{"rendered":"https:\/\/qrosoft.mx\/tiendabosquedeniebla\/product\/sagu\/"},"modified":"2025-12-15T09:13:55","modified_gmt":"2025-12-15T15:13:55","slug":"sagu","status":"publish","type":"product","link":"https:\/\/qrosoft.mx\/tiendabosquedeniebla\/product\/sagu\/","title":{"rendered":"Sag\u00fa"},"content":{"rendered":"<h4>Sag\u00fa &#8211; <em>Maranta arundinacea<\/em><\/h4>\n<ul>\n<li><strong>Familia:<\/strong> Marantaceae<\/li>\n<li><strong>Origen:<\/strong> Am\u00e9rica del sur<\/li>\n<li><strong>Descripci\u00f3n:<\/strong> Herb\u00e1cea perenne. Llega a medir hasta 1m de altura.<\/li>\n<li><strong>Usos:<\/strong> Ra\u00edz comestible, contiene gran cantidad de almid\u00f3n. La ra\u00edz seca y molida se utiliza como espesante de sopas o como talco.<\/li>\n<li><strong>Clima:<\/strong> De templado a c\u00e1lido en altitud de los 0 a 1,800msnm.<\/li>\n<li><strong>Zonas:<\/strong> 1, 2 y 3.<\/li>\n<li><strong>Siembra:<\/strong> En suelos h\u00famedos bien preparados, a una distancia de 40cm entre plantas.<\/li>\n<\/ul>\n","protected":false},"excerpt":{"rendered":"<p>Tub\u00e9rculo comestible de clima tropical<\/p>\n","protected":false},"featured_media":2352,"comment_status":"open","ping_status":"closed","template":"","meta":{"inline_featured_image":false,"_monsterinsights_skip_tracking":false,"_monsterinsights_sitenote_active":false,"_monsterinsights_sitenote_note":"","_monsterinsights_sitenote_category":0},"product_brand":[],"product_cat":[78],"product_tag":[],"class_list":{"0":"post-2590","1":"product","2":"type-product","3":"status-publish","4":"has-post-thumbnail","6":"product_cat-tuberculos","8":"first","9":"instock","10":"shipping-taxable","11":"purchasable","12":"product-type-variable","13":"has-default-attributes"},"_links":{"self":[{"href":"https:\/\/qrosoft.mx\/tiendabosquedeniebla\/wp-json\/wp\/v2\/product\/2590","targetHints":{"allow":["GET"]}}],"collection":[{"href":"https:\/\/qrosoft.mx\/tiendabosquedeniebla\/wp-json\/wp\/v2\/product"}],"about":[{"href":"https:\/\/qrosoft.mx\/tiendabosquedeniebla\/wp-json\/wp\/v2\/types\/product"}],"replies":[{"embeddable":true,"href":"https:\/\/qrosoft.mx\/tiendabosquedeniebla\/wp-json\/wp\/v2\/comments?post=2590"}],"wp:featuredmedia":[{"embeddable":true,"href":"https:\/\/qrosoft.mx\/tiendabosquedeniebla\/wp-json\/wp\/v2\/media\/2352"}],"wp:attachment":[{"href":"https:\/\/qrosoft.mx\/tiendabosquedeniebla\/wp-json\/wp\/v2\/media?parent=2590"}],"wp:term":[{"taxonomy":"product_brand","embeddable":true,"href":"https:\/\/qrosoft.mx\/tiendabosquedeniebla\/wp-json\/wp\/v2\/product_brand?post=2590"},{"taxonomy":"product_cat","embeddable":true,"href":"https:\/\/qrosoft.mx\/tiendabosquedeniebla\/wp-json\/wp\/v2\/product_cat?post=2590"},{"taxonomy":"product_tag","embeddable":true,"href":"https:\/\/qrosoft.mx\/tiendabosquedeniebla\/wp-json\/wp\/v2\/product_tag?post=2590"}],"curies":[{"name":"wp","href":"https:\/\/api.w.org\/{rel}","templated":true}]}}