{"id":2589,"date":"2021-05-18T18:29:50","date_gmt":"2021-05-18T23:29:50","guid":{"rendered":"https:\/\/qrosoft.mx\/tiendabosquedeniebla\/product\/sabila\/"},"modified":"2025-12-15T09:13:55","modified_gmt":"2025-12-15T15:13:55","slug":"sabila","status":"publish","type":"product","link":"https:\/\/qrosoft.mx\/tiendabosquedeniebla\/product\/sabila\/","title":{"rendered":"S\u00e1bila"},"content":{"rendered":"<h4>S\u00e1bila &#8211; <em>Aloe vera<\/em><\/h4>\n<ul>\n<li><strong>Familia:<\/strong> Asphodelaceae<\/li>\n<li><strong>Origen:<\/strong> Africano<\/li>\n<li><strong>Descripci\u00f3n:<\/strong> Planta de 60cm de alto por 50 a 80cm de ancho con hojas anchas y carnosas.<\/li>\n<li><strong>Usos:<\/strong> Estimula la regeneraci\u00f3n de los tejidos da\u00f1ados por el sol o quemaduras, antis\u00e9ptico, antibi\u00f3tico, antibacterial y coagulante. En M\u00e9xico se usa como planta \u201cprotectora\u201d de las malas vibras.<\/li>\n<li><strong>Clima:<\/strong> Se adapta bien en todos los climas, tanto \u00e1ridos como h\u00famedos, c\u00e1lidos y semi-fr\u00edos. Altura de 0 a 1,800msnm. Es sensible a las heladas.<\/li>\n<li><strong>Zonas:<\/strong> 1, 2, 3, 4 y 5.<\/li>\n<li><strong>Siembra:<\/strong> Es una planta muy resistente al trasplante gracias al agua que tienen sus hojas, al cabo de algunos a\u00f1os brotan hijuelos que se pueden separar para propagarla. Prefiere suelos arenosos.<\/li>\n<\/ul>\n","protected":false},"excerpt":{"rendered":"<p>Planta medicinal perenne<\/p>\n","protected":false},"featured_media":2351,"comment_status":"open","ping_status":"closed","template":"","meta":{"inline_featured_image":false,"_monsterinsights_skip_tracking":false,"_monsterinsights_sitenote_active":false,"_monsterinsights_sitenote_note":"","_monsterinsights_sitenote_category":0},"product_brand":[],"product_cat":[260],"product_tag":[],"class_list":{"0":"post-2589","1":"product","2":"type-product","3":"status-publish","4":"has-post-thumbnail","6":"product_cat-medicinales-y-culinarias","8":"first","9":"instock","10":"shipping-taxable","11":"purchasable","12":"product-type-variable","13":"has-default-attributes"},"_links":{"self":[{"href":"https:\/\/qrosoft.mx\/tiendabosquedeniebla\/wp-json\/wp\/v2\/product\/2589","targetHints":{"allow":["GET"]}}],"collection":[{"href":"https:\/\/qrosoft.mx\/tiendabosquedeniebla\/wp-json\/wp\/v2\/product"}],"about":[{"href":"https:\/\/qrosoft.mx\/tiendabosquedeniebla\/wp-json\/wp\/v2\/types\/product"}],"replies":[{"embeddable":true,"href":"https:\/\/qrosoft.mx\/tiendabosquedeniebla\/wp-json\/wp\/v2\/comments?post=2589"}],"wp:featuredmedia":[{"embeddable":true,"href":"https:\/\/qrosoft.mx\/tiendabosquedeniebla\/wp-json\/wp\/v2\/media\/2351"}],"wp:attachment":[{"href":"https:\/\/qrosoft.mx\/tiendabosquedeniebla\/wp-json\/wp\/v2\/media?parent=2589"}],"wp:term":[{"taxonomy":"product_brand","embeddable":true,"href":"https:\/\/qrosoft.mx\/tiendabosquedeniebla\/wp-json\/wp\/v2\/product_brand?post=2589"},{"taxonomy":"product_cat","embeddable":true,"href":"https:\/\/qrosoft.mx\/tiendabosquedeniebla\/wp-json\/wp\/v2\/product_cat?post=2589"},{"taxonomy":"product_tag","embeddable":true,"href":"https:\/\/qrosoft.mx\/tiendabosquedeniebla\/wp-json\/wp\/v2\/product_tag?post=2589"}],"curies":[{"name":"wp","href":"https:\/\/api.w.org\/{rel}","templated":true}]}}