{"id":2585,"date":"2021-05-18T18:29:46","date_gmt":"2021-05-18T23:29:46","guid":{"rendered":"https:\/\/qrosoft.mx\/tiendabosquedeniebla\/product\/romero\/"},"modified":"2025-12-16T16:31:02","modified_gmt":"2025-12-16T22:31:02","slug":"romero","status":"publish","type":"product","link":"https:\/\/qrosoft.mx\/tiendabosquedeniebla\/product\/romero\/","title":{"rendered":"Romero"},"content":{"rendered":"<h4>Romero &#8211; <em>Rosmarinus officinalis<\/em><\/h4>\n<ul>\n<li><strong>Familia:<\/strong> Lamiaceae<\/li>\n<li><strong>Origen:<\/strong> Mediterr\u00e1neo<\/li>\n<li><strong>Descripci\u00f3n:<\/strong> Arbusto de hasta 1.5m de altura.<\/li>\n<li><strong>Usos:<\/strong> Astringente, digestivo, antis\u00e9ptica, carminativo, diur\u00e9tica, antidepresiva, estimulante circulatorio, antiespasm\u00f3dica, reconstituyente del sistema nervioso, t\u00f3nico cardiaco. Es bueno para el enfriamiento, el reumatismo y el dolor de cabeza.<\/li>\n<li><strong>Clima:<\/strong> Templado y seco. No le gusta el exceso de humedad.<\/li>\n<li><strong>Zonas:<\/strong> 2, 3, 4 y 5.<\/li>\n<li><strong>Siembra:<\/strong> En un lugar soleado, entre piedras mejor.<\/li>\n<\/ul>\n","protected":false},"excerpt":{"rendered":"<p>arbusto parenne medicinal y culinario<\/p>\n","protected":false},"featured_media":2347,"comment_status":"open","ping_status":"closed","template":"","meta":{"inline_featured_image":false,"_monsterinsights_skip_tracking":false,"_monsterinsights_sitenote_active":false,"_monsterinsights_sitenote_note":"","_monsterinsights_sitenote_category":0},"product_brand":[],"product_cat":[260],"product_tag":[],"class_list":{"0":"post-2585","1":"product","2":"type-product","3":"status-publish","4":"has-post-thumbnail","6":"product_cat-medicinales-y-culinarias","8":"first","9":"instock","10":"shipping-taxable","11":"purchasable","12":"product-type-variable","13":"has-default-attributes"},"_links":{"self":[{"href":"https:\/\/qrosoft.mx\/tiendabosquedeniebla\/wp-json\/wp\/v2\/product\/2585","targetHints":{"allow":["GET"]}}],"collection":[{"href":"https:\/\/qrosoft.mx\/tiendabosquedeniebla\/wp-json\/wp\/v2\/product"}],"about":[{"href":"https:\/\/qrosoft.mx\/tiendabosquedeniebla\/wp-json\/wp\/v2\/types\/product"}],"replies":[{"embeddable":true,"href":"https:\/\/qrosoft.mx\/tiendabosquedeniebla\/wp-json\/wp\/v2\/comments?post=2585"}],"wp:featuredmedia":[{"embeddable":true,"href":"https:\/\/qrosoft.mx\/tiendabosquedeniebla\/wp-json\/wp\/v2\/media\/2347"}],"wp:attachment":[{"href":"https:\/\/qrosoft.mx\/tiendabosquedeniebla\/wp-json\/wp\/v2\/media?parent=2585"}],"wp:term":[{"taxonomy":"product_brand","embeddable":true,"href":"https:\/\/qrosoft.mx\/tiendabosquedeniebla\/wp-json\/wp\/v2\/product_brand?post=2585"},{"taxonomy":"product_cat","embeddable":true,"href":"https:\/\/qrosoft.mx\/tiendabosquedeniebla\/wp-json\/wp\/v2\/product_cat?post=2585"},{"taxonomy":"product_tag","embeddable":true,"href":"https:\/\/qrosoft.mx\/tiendabosquedeniebla\/wp-json\/wp\/v2\/product_tag?post=2585"}],"curies":[{"name":"wp","href":"https:\/\/api.w.org\/{rel}","templated":true}]}}