{"id":2584,"date":"2021-05-18T18:29:46","date_gmt":"2021-05-18T23:29:46","guid":{"rendered":"https:\/\/qrosoft.mx\/tiendabosquedeniebla\/product\/ramon\/"},"modified":"2025-12-15T09:13:54","modified_gmt":"2025-12-15T15:13:54","slug":"ramon","status":"publish","type":"product","link":"https:\/\/qrosoft.mx\/tiendabosquedeniebla\/product\/ramon\/","title":{"rendered":"Ram\u00f3n"},"content":{"rendered":"<h4>Ram\u00f3n &#8211; <em>Brosimum alicastrum<\/em><\/h4>\n<ul>\n<li><strong>Familia:<\/strong> Moraceae<\/li>\n<li><strong>Origen:<\/strong> Sur de M\u00e9xico y Centroam\u00e9rica<\/li>\n<li><strong>Otros nombres:<\/strong> Capomo, muj\u00fa, mojo, ojite<\/li>\n<li><strong>Descripci\u00f3n:<\/strong> \u00c1rbol de 12 a 15m de alto.<\/li>\n<li><strong>Usos:<\/strong> Las hojas y los tallos tiernos son un excelente forraje. Como alimento humano, las semillas se comen cocinadas, tostadas y en harina, fue un alimento importante en la cultura Maya. Son ricas en prote\u00ednas, hierro y vitamina C. Las semillas y el l\u00e1tex, estimulan la producci\u00f3n de leche. Su madera se usa para hacer muebles.<\/li>\n<li><strong>Clima:<\/strong> Tropical hasta 800m de altura. Se adapta bien a climas h\u00famedos, semi-h\u00famedos y semi-\u00e1ridos.<\/li>\n<li><strong>Zonas:<\/strong> 1 y 2.<\/li>\n<li><strong>Siembra:<\/strong> A una distancia de 4 a 6m en plantaci\u00f3n y en parcelas forrajeras intensivas en hileras a una distancia de 1.5 a 2m, con 25 a 30cm entre planta, dispersos en el solar o bosque-huerto.<\/li>\n<\/ul>\n","protected":false},"excerpt":{"rendered":"<p>\u00c1rbol forrajero y de semillas comestibles de clima tropical<\/p>\n","protected":false},"featured_media":2346,"comment_status":"open","ping_status":"closed","template":"","meta":{"inline_featured_image":false,"_monsterinsights_skip_tracking":false,"_monsterinsights_sitenote_active":false,"_monsterinsights_sitenote_note":"","_monsterinsights_sitenote_category":0},"product_brand":[],"product_cat":[273],"product_tag":[],"class_list":{"0":"post-2584","1":"product","2":"type-product","3":"status-publish","4":"has-post-thumbnail","6":"product_cat-forrajeras","8":"first","9":"instock","10":"shipping-taxable","11":"purchasable","12":"product-type-variable","13":"has-default-attributes"},"_links":{"self":[{"href":"https:\/\/qrosoft.mx\/tiendabosquedeniebla\/wp-json\/wp\/v2\/product\/2584","targetHints":{"allow":["GET"]}}],"collection":[{"href":"https:\/\/qrosoft.mx\/tiendabosquedeniebla\/wp-json\/wp\/v2\/product"}],"about":[{"href":"https:\/\/qrosoft.mx\/tiendabosquedeniebla\/wp-json\/wp\/v2\/types\/product"}],"replies":[{"embeddable":true,"href":"https:\/\/qrosoft.mx\/tiendabosquedeniebla\/wp-json\/wp\/v2\/comments?post=2584"}],"wp:featuredmedia":[{"embeddable":true,"href":"https:\/\/qrosoft.mx\/tiendabosquedeniebla\/wp-json\/wp\/v2\/media\/2346"}],"wp:attachment":[{"href":"https:\/\/qrosoft.mx\/tiendabosquedeniebla\/wp-json\/wp\/v2\/media?parent=2584"}],"wp:term":[{"taxonomy":"product_brand","embeddable":true,"href":"https:\/\/qrosoft.mx\/tiendabosquedeniebla\/wp-json\/wp\/v2\/product_brand?post=2584"},{"taxonomy":"product_cat","embeddable":true,"href":"https:\/\/qrosoft.mx\/tiendabosquedeniebla\/wp-json\/wp\/v2\/product_cat?post=2584"},{"taxonomy":"product_tag","embeddable":true,"href":"https:\/\/qrosoft.mx\/tiendabosquedeniebla\/wp-json\/wp\/v2\/product_tag?post=2584"}],"curies":[{"name":"wp","href":"https:\/\/api.w.org\/{rel}","templated":true}]}}