{"id":2578,"date":"2021-05-18T18:29:42","date_gmt":"2021-05-18T23:29:42","guid":{"rendered":"https:\/\/qrosoft.mx\/tiendabosquedeniebla\/product\/quinoa-cabeza-roja\/"},"modified":"2025-10-20T15:27:50","modified_gmt":"2025-10-20T21:27:50","slug":"quinoa-cabeza-roja","status":"publish","type":"product","link":"https:\/\/qrosoft.mx\/tiendabosquedeniebla\/product\/quinoa-cabeza-roja\/","title":{"rendered":"Quinoa cabeza roja"},"content":{"rendered":"<h4><strong>Quinoa cabeza roja &#8211; <em>Chenopodium quinoa<\/em><\/strong><\/h4>\n<ul>\n<li><strong>Familia:<\/strong> Amaranthaceae<\/li>\n<li><strong>Area potencial de siembra por 0.8 g:<\/strong> 6m\u00b2<\/li>\n<li><strong>Semillas por 0.8 g:<\/strong> 250 aprox.<\/li>\n<li><strong>Descripci\u00f3n:<\/strong> Planta anual de hasta 1.5m de altura. Hermosa inflorescencia color violeta intenso<\/li>\n<li><strong>Usos:<\/strong> Hojas, flores tiernas (como huauzontle) y semillas comestibles. Las semillas son de alto valor nutritivo, superiores a los cereales. Se cocinan como el arroz, solo que hay que lavarlos muy bien ya que contienen saponinas.<\/li>\n<li><strong>Clima:<\/strong> Se adapta a diferentes condiciones clim\u00e1ticas, es tolerante a la sequ\u00eda, a la h\u00fameda y al fr\u00edo, en su etapa adulta resiste hasta -5 \u00b0C. Requiere de suficiente humedad en la etapa inicial de su cultivo.<\/li>\n<li><strong>Zonas:<\/strong> 2, 3, 4<\/li>\n<li><strong>Siembra:<\/strong> Al voleo con una densidad de siembra de 1 a 2 g\/10m2<\/li>\n<\/ul>\n","protected":false},"excerpt":{"rendered":"<p>Pseudocereal anual de semillas comestibles<\/p>\n","protected":false},"featured_media":4501,"comment_status":"open","ping_status":"closed","template":"","meta":{"inline_featured_image":false,"_monsterinsights_skip_tracking":false,"_monsterinsights_sitenote_active":false,"_monsterinsights_sitenote_note":"","_monsterinsights_sitenote_category":0},"product_brand":[],"product_cat":[107],"product_tag":[],"class_list":{"0":"post-2578","1":"product","2":"type-product","3":"status-publish","4":"has-post-thumbnail","6":"product_cat-quinoas","8":"first","9":"instock","10":"shipping-taxable","11":"purchasable","12":"product-type-variable","13":"has-default-attributes"},"_links":{"self":[{"href":"https:\/\/qrosoft.mx\/tiendabosquedeniebla\/wp-json\/wp\/v2\/product\/2578","targetHints":{"allow":["GET"]}}],"collection":[{"href":"https:\/\/qrosoft.mx\/tiendabosquedeniebla\/wp-json\/wp\/v2\/product"}],"about":[{"href":"https:\/\/qrosoft.mx\/tiendabosquedeniebla\/wp-json\/wp\/v2\/types\/product"}],"replies":[{"embeddable":true,"href":"https:\/\/qrosoft.mx\/tiendabosquedeniebla\/wp-json\/wp\/v2\/comments?post=2578"}],"wp:featuredmedia":[{"embeddable":true,"href":"https:\/\/qrosoft.mx\/tiendabosquedeniebla\/wp-json\/wp\/v2\/media\/4501"}],"wp:attachment":[{"href":"https:\/\/qrosoft.mx\/tiendabosquedeniebla\/wp-json\/wp\/v2\/media?parent=2578"}],"wp:term":[{"taxonomy":"product_brand","embeddable":true,"href":"https:\/\/qrosoft.mx\/tiendabosquedeniebla\/wp-json\/wp\/v2\/product_brand?post=2578"},{"taxonomy":"product_cat","embeddable":true,"href":"https:\/\/qrosoft.mx\/tiendabosquedeniebla\/wp-json\/wp\/v2\/product_cat?post=2578"},{"taxonomy":"product_tag","embeddable":true,"href":"https:\/\/qrosoft.mx\/tiendabosquedeniebla\/wp-json\/wp\/v2\/product_tag?post=2578"}],"curies":[{"name":"wp","href":"https:\/\/api.w.org\/{rel}","templated":true}]}}