{"id":2563,"date":"2021-05-18T18:29:26","date_gmt":"2021-05-18T23:29:26","guid":{"rendered":"https:\/\/qrosoft.mx\/tiendabosquedeniebla\/product\/persimo-fuyu-de-semilla\/"},"modified":"2025-12-15T10:10:27","modified_gmt":"2025-12-15T16:10:27","slug":"persimo-fuyu","status":"publish","type":"product","link":"https:\/\/qrosoft.mx\/tiendabosquedeniebla\/product\/persimo-fuyu\/","title":{"rendered":"P\u00e9rsimo Fuyu"},"content":{"rendered":"<h4><strong>P\u00e9rsimo Fuyu <\/strong><strong>&#8211; <em>Diospyros kaki<\/em><\/strong><\/h4>\n<ul>\n<li><strong>Familia:<\/strong> Ebenaceae<\/li>\n<li><strong>Origen:<\/strong> China y Jap\u00f3n<\/li>\n<li><strong>Otros nombres:<\/strong> Kaki<\/li>\n<li><strong>Descripci\u00f3n:<\/strong> \u00c1rbol de 3 a 4 m de alto, copa redondeada. El injerto produce a los 3 o 4 a\u00f1os en climas c\u00e1lidos. Frutos deliciosos de 6 a 10cm de di\u00e1metro de color anaranjados a rojos.<\/li>\n<li><strong>Usos:<\/strong> Los frutos se comen cuando est\u00e1n bien maduros, color naranja encendido y suaves, su pulpa es jugosa dulce y blanda. El fruto se come fresco principalmente, pero tambi\u00e9n deshidratado, en jaleas y mermeladas, las hojas tiernas se utilizan para infusiones por su alto contenido de vitamina C.<\/li>\n<li><strong>Clima:<\/strong> Templado y subtropical. Soporta heladas y sequ\u00edas, sensible al viento.<\/li>\n<li><strong>Zonas:<\/strong> 3, 4 y 5.<\/li>\n<li><strong>Siembra:<\/strong> En \u00e9poca de lluvias a una distancia de 5 x 3m o 6 x 4m.<\/li>\n<\/ul>\n","protected":false},"excerpt":{"rendered":"<p>Frutal de clima subtropical y templado<\/p>\n","protected":false},"featured_media":2324,"comment_status":"open","ping_status":"closed","template":"","meta":{"inline_featured_image":false,"_monsterinsights_skip_tracking":false,"_monsterinsights_sitenote_active":false,"_monsterinsights_sitenote_note":"","_monsterinsights_sitenote_category":0},"product_brand":[],"product_cat":[80],"product_tag":[],"class_list":{"0":"post-2563","1":"product","2":"type-product","3":"status-publish","4":"has-post-thumbnail","6":"product_cat-frutales","8":"first","9":"instock","10":"shipping-taxable","11":"purchasable","12":"product-type-variable"},"_links":{"self":[{"href":"https:\/\/qrosoft.mx\/tiendabosquedeniebla\/wp-json\/wp\/v2\/product\/2563","targetHints":{"allow":["GET"]}}],"collection":[{"href":"https:\/\/qrosoft.mx\/tiendabosquedeniebla\/wp-json\/wp\/v2\/product"}],"about":[{"href":"https:\/\/qrosoft.mx\/tiendabosquedeniebla\/wp-json\/wp\/v2\/types\/product"}],"replies":[{"embeddable":true,"href":"https:\/\/qrosoft.mx\/tiendabosquedeniebla\/wp-json\/wp\/v2\/comments?post=2563"}],"wp:featuredmedia":[{"embeddable":true,"href":"https:\/\/qrosoft.mx\/tiendabosquedeniebla\/wp-json\/wp\/v2\/media\/2324"}],"wp:attachment":[{"href":"https:\/\/qrosoft.mx\/tiendabosquedeniebla\/wp-json\/wp\/v2\/media?parent=2563"}],"wp:term":[{"taxonomy":"product_brand","embeddable":true,"href":"https:\/\/qrosoft.mx\/tiendabosquedeniebla\/wp-json\/wp\/v2\/product_brand?post=2563"},{"taxonomy":"product_cat","embeddable":true,"href":"https:\/\/qrosoft.mx\/tiendabosquedeniebla\/wp-json\/wp\/v2\/product_cat?post=2563"},{"taxonomy":"product_tag","embeddable":true,"href":"https:\/\/qrosoft.mx\/tiendabosquedeniebla\/wp-json\/wp\/v2\/product_tag?post=2563"}],"curies":[{"name":"wp","href":"https:\/\/api.w.org\/{rel}","templated":true}]}}