{"id":2560,"date":"2021-05-18T18:29:25","date_gmt":"2021-05-18T23:29:25","guid":{"rendered":"https:\/\/qrosoft.mx\/tiendabosquedeniebla\/product\/perejil\/"},"modified":"2026-04-21T01:42:04","modified_gmt":"2026-04-21T06:42:04","slug":"perejil","status":"publish","type":"product","link":"https:\/\/qrosoft.mx\/tiendabosquedeniebla\/product\/perejil\/","title":{"rendered":"Perejil"},"content":{"rendered":"<h4><strong>Perejil &#8211; <em>Petroselinum crispum<\/em><\/strong><\/h4>\n<ul>\n<li><strong>Familia:<\/strong> Apiaceae<\/li>\n<li><strong>Origen:<\/strong> Europa<\/li>\n<li><strong>Area potencial de siembra por 1.5 g:<\/strong> 4.6m\u00b2<\/li>\n<li><strong>Semillas por 1.5 g:<\/strong> 240 aprox.<\/li>\n<li><strong>Descripci\u00f3n:<\/strong> Planta anual o bianual seg\u00fan el clima, con grandes hojas lisas color verde intenso.<\/li>\n<li><strong>Usos:<\/strong> como condimento, para hacer aguas frescas. Rico en hierro. Antioxidante, laxante, diur\u00e9tico<\/li>\n<li><strong>Clima:<\/strong> F\u00e1cil de cultivar en cualquier clima. Resistente al fr\u00edo.<\/li>\n<li><strong>Zonas:<\/strong> 2, 3, 4, 5, 6<\/li>\n<li><strong>Siembra:<\/strong> En alm\u00e1cigo y trasplantar a 30cm entre plantas, en suelo rico en materia org\u00e1nica y nitr\u00f3geno.<\/li>\n<li><strong>Cosecha:<\/strong> Es escalonada a partir del segundo mes de ser sembrado.<\/li>\n<li><strong>Nota:<\/strong> Las semillas son de germinaci\u00f3n lenta (aproximadamente 15 d\u00edas).<\/li>\n<\/ul>\n","protected":false},"excerpt":{"rendered":"<p>Planta anual de hojas culinarias<\/p>\n","protected":false},"featured_media":2321,"comment_status":"open","ping_status":"closed","template":"","meta":{"inline_featured_image":false,"_monsterinsights_skip_tracking":false,"_monsterinsights_sitenote_active":false,"_monsterinsights_sitenote_note":"","_monsterinsights_sitenote_category":0},"product_brand":[],"product_cat":[260],"product_tag":[],"class_list":{"0":"post-2560","1":"product","2":"type-product","3":"status-publish","4":"has-post-thumbnail","6":"product_cat-medicinales-y-culinarias","8":"first","9":"instock","10":"shipping-taxable","11":"purchasable","12":"product-type-variable","13":"has-default-attributes"},"_links":{"self":[{"href":"https:\/\/qrosoft.mx\/tiendabosquedeniebla\/wp-json\/wp\/v2\/product\/2560","targetHints":{"allow":["GET"]}}],"collection":[{"href":"https:\/\/qrosoft.mx\/tiendabosquedeniebla\/wp-json\/wp\/v2\/product"}],"about":[{"href":"https:\/\/qrosoft.mx\/tiendabosquedeniebla\/wp-json\/wp\/v2\/types\/product"}],"replies":[{"embeddable":true,"href":"https:\/\/qrosoft.mx\/tiendabosquedeniebla\/wp-json\/wp\/v2\/comments?post=2560"}],"wp:featuredmedia":[{"embeddable":true,"href":"https:\/\/qrosoft.mx\/tiendabosquedeniebla\/wp-json\/wp\/v2\/media\/2321"}],"wp:attachment":[{"href":"https:\/\/qrosoft.mx\/tiendabosquedeniebla\/wp-json\/wp\/v2\/media?parent=2560"}],"wp:term":[{"taxonomy":"product_brand","embeddable":true,"href":"https:\/\/qrosoft.mx\/tiendabosquedeniebla\/wp-json\/wp\/v2\/product_brand?post=2560"},{"taxonomy":"product_cat","embeddable":true,"href":"https:\/\/qrosoft.mx\/tiendabosquedeniebla\/wp-json\/wp\/v2\/product_cat?post=2560"},{"taxonomy":"product_tag","embeddable":true,"href":"https:\/\/qrosoft.mx\/tiendabosquedeniebla\/wp-json\/wp\/v2\/product_tag?post=2560"}],"curies":[{"name":"wp","href":"https:\/\/api.w.org\/{rel}","templated":true}]}}