{"id":2554,"date":"2021-05-18T18:29:23","date_gmt":"2021-05-18T23:29:23","guid":{"rendered":"https:\/\/qrosoft.mx\/tiendabosquedeniebla\/product\/pasto-tanzania\/"},"modified":"2026-01-10T18:51:58","modified_gmt":"2026-01-11T00:51:58","slug":"pasto-tanzania","status":"publish","type":"product","link":"https:\/\/qrosoft.mx\/tiendabosquedeniebla\/product\/pasto-tanzania\/","title":{"rendered":"Pasto tanzania"},"content":{"rendered":"<h4>Pasto Tanzania &#8211; <em>Megathyrsus maximus<\/em><\/h4>\n<ul>\n<li><strong>Familia:<\/strong> Poaceae<\/li>\n<li><strong>Origen:<\/strong> \u00c1frica<\/li>\n<li><strong>Descripci\u00f3n:<\/strong> Pastura forrajera perenne de hasta 3m de alto, que forma macollos. Muy productivo, rebasa en promedio los 2,500kg de materia seca\/Ha cada 21 d\u00edas.<\/li>\n<li><strong>Usos:<\/strong> \u00datil en sistemas silvopastoriles de bovinos, ya que se adapta f\u00e1cilmente a diferentes niveles de sombra, alcanza un 13% de contenido proteico a los 21 d\u00edas de rebrote y es f\u00e1cilmente digerible. Se recomienda rotar a los animales cuando el pasto tiene un m\u00ednimo de 15 cm, para una r\u00e1pida recuperaci\u00f3n de la pastura. Tambi\u00e9n se ocupa en sistemas sintr\u00f3picos, por no ser un pasto invasivo y su gran generaci\u00f3n de biomasa.<\/li>\n<li><strong>Clima:<\/strong> C\u00e1lido a templado. Se desarrolla bien desde los 0 hasta 1500m s. n. m. y en niveles de precipitaci\u00f3n anual entre 1,000 y 3500mm. Soporta altas temperaturas.<\/li>\n<li><strong>Zonas:<\/strong> 1, 2 y 3.<\/li>\n<li><strong>Siembra:<\/strong> Sembrar los rizomas a 40cm de distancia, enterr\u00e1ndolos verticalmente.<\/li>\n<\/ul>\n","protected":false},"excerpt":{"rendered":"<p>Pasto perenne forrajero y productor de biomasa<\/p>\n","protected":false},"featured_media":2315,"comment_status":"open","ping_status":"closed","template":"","meta":{"inline_featured_image":false,"_monsterinsights_skip_tracking":false,"_monsterinsights_sitenote_active":false,"_monsterinsights_sitenote_note":"","_monsterinsights_sitenote_category":0},"product_brand":[],"product_cat":[273],"product_tag":[],"class_list":{"0":"post-2554","1":"product","2":"type-product","3":"status-publish","4":"has-post-thumbnail","6":"product_cat-forrajeras","8":"first","9":"instock","10":"shipping-taxable","11":"purchasable","12":"product-type-variable","13":"has-default-attributes"},"_links":{"self":[{"href":"https:\/\/qrosoft.mx\/tiendabosquedeniebla\/wp-json\/wp\/v2\/product\/2554","targetHints":{"allow":["GET"]}}],"collection":[{"href":"https:\/\/qrosoft.mx\/tiendabosquedeniebla\/wp-json\/wp\/v2\/product"}],"about":[{"href":"https:\/\/qrosoft.mx\/tiendabosquedeniebla\/wp-json\/wp\/v2\/types\/product"}],"replies":[{"embeddable":true,"href":"https:\/\/qrosoft.mx\/tiendabosquedeniebla\/wp-json\/wp\/v2\/comments?post=2554"}],"wp:featuredmedia":[{"embeddable":true,"href":"https:\/\/qrosoft.mx\/tiendabosquedeniebla\/wp-json\/wp\/v2\/media\/2315"}],"wp:attachment":[{"href":"https:\/\/qrosoft.mx\/tiendabosquedeniebla\/wp-json\/wp\/v2\/media?parent=2554"}],"wp:term":[{"taxonomy":"product_brand","embeddable":true,"href":"https:\/\/qrosoft.mx\/tiendabosquedeniebla\/wp-json\/wp\/v2\/product_brand?post=2554"},{"taxonomy":"product_cat","embeddable":true,"href":"https:\/\/qrosoft.mx\/tiendabosquedeniebla\/wp-json\/wp\/v2\/product_cat?post=2554"},{"taxonomy":"product_tag","embeddable":true,"href":"https:\/\/qrosoft.mx\/tiendabosquedeniebla\/wp-json\/wp\/v2\/product_tag?post=2554"}],"curies":[{"name":"wp","href":"https:\/\/api.w.org\/{rel}","templated":true}]}}