{"id":2538,"date":"2021-05-18T18:29:05","date_gmt":"2021-05-18T23:29:05","guid":{"rendered":"https:\/\/qrosoft.mx\/tiendabosquedeniebla\/product\/name-blanco\/"},"modified":"2026-01-11T09:25:49","modified_gmt":"2026-01-11T15:25:49","slug":"name-blanco","status":"publish","type":"product","link":"https:\/\/qrosoft.mx\/tiendabosquedeniebla\/product\/name-blanco\/","title":{"rendered":"\u00d1ame blanco"},"content":{"rendered":"<h4>\u00d1ame blanco &#8211; <em>Dioscorea alata<\/em><\/h4>\n<ul>\n<li><strong>Familia:<\/strong> Dioscoreaceae<\/li>\n<li><strong>Origen:<\/strong> \u00c1frica<\/li>\n<li><strong>Descripci\u00f3n:<\/strong> Planta herb\u00e1cea trepadora anual y tuberosa de hojas acorazonadas, tallo cil\u00edndrico torcido en espiral, forma un tub\u00e9rculo marr\u00f3n amorfo de gran tama\u00f1o.<\/li>\n<li><strong>Usos:<\/strong> Tub\u00e9rculos comestibles de sabor parecido a la papa, propiedades medicinales para problemas ginecol\u00f3gicos.<\/li>\n<li><strong>Clima:<\/strong> C\u00e1lido y h\u00famedo.<\/li>\n<li><strong>Zonas:<\/strong> 1, 2, 3 .<\/li>\n<li><strong>Siembra:<\/strong> Junto a tutor, en cualquier tipo de suelo.<\/li>\n<\/ul>\n","protected":false},"excerpt":{"rendered":"<p>Tub\u00e9rculo comestible de clima subtropical y tropical<\/p>\n","protected":false},"featured_media":2290,"comment_status":"open","ping_status":"closed","template":"","meta":{"inline_featured_image":false,"_monsterinsights_skip_tracking":false,"_monsterinsights_sitenote_active":false,"_monsterinsights_sitenote_note":"","_monsterinsights_sitenote_category":0},"product_brand":[],"product_cat":[78],"product_tag":[],"class_list":{"0":"post-2538","1":"product","2":"type-product","3":"status-publish","4":"has-post-thumbnail","6":"product_cat-tuberculos","8":"first","9":"instock","10":"shipping-taxable","11":"purchasable","12":"product-type-variable","13":"has-default-attributes"},"_links":{"self":[{"href":"https:\/\/qrosoft.mx\/tiendabosquedeniebla\/wp-json\/wp\/v2\/product\/2538","targetHints":{"allow":["GET"]}}],"collection":[{"href":"https:\/\/qrosoft.mx\/tiendabosquedeniebla\/wp-json\/wp\/v2\/product"}],"about":[{"href":"https:\/\/qrosoft.mx\/tiendabosquedeniebla\/wp-json\/wp\/v2\/types\/product"}],"replies":[{"embeddable":true,"href":"https:\/\/qrosoft.mx\/tiendabosquedeniebla\/wp-json\/wp\/v2\/comments?post=2538"}],"wp:featuredmedia":[{"embeddable":true,"href":"https:\/\/qrosoft.mx\/tiendabosquedeniebla\/wp-json\/wp\/v2\/media\/2290"}],"wp:attachment":[{"href":"https:\/\/qrosoft.mx\/tiendabosquedeniebla\/wp-json\/wp\/v2\/media?parent=2538"}],"wp:term":[{"taxonomy":"product_brand","embeddable":true,"href":"https:\/\/qrosoft.mx\/tiendabosquedeniebla\/wp-json\/wp\/v2\/product_brand?post=2538"},{"taxonomy":"product_cat","embeddable":true,"href":"https:\/\/qrosoft.mx\/tiendabosquedeniebla\/wp-json\/wp\/v2\/product_cat?post=2538"},{"taxonomy":"product_tag","embeddable":true,"href":"https:\/\/qrosoft.mx\/tiendabosquedeniebla\/wp-json\/wp\/v2\/product_tag?post=2538"}],"curies":[{"name":"wp","href":"https:\/\/api.w.org\/{rel}","templated":true}]}}