{"id":2537,"date":"2021-05-18T18:29:01","date_gmt":"2021-05-18T23:29:01","guid":{"rendered":"https:\/\/qrosoft.mx\/tiendabosquedeniebla\/product\/nopal-de-verdura\/"},"modified":"2025-12-15T09:13:24","modified_gmt":"2025-12-15T15:13:24","slug":"nopal-de-verdura","status":"publish","type":"product","link":"https:\/\/qrosoft.mx\/tiendabosquedeniebla\/product\/nopal-de-verdura\/","title":{"rendered":"Nopal de verdura"},"content":{"rendered":"<h4>Nopal de verdura &#8211; <em>Opuntia sp.<\/em><\/h4>\n<ul>\n<li><strong>Familia:<\/strong> Cactaceae<\/li>\n<li><strong>Origen:<\/strong> Am\u00e9rica<\/li>\n<li><strong>Descripci\u00f3n:<\/strong> Planta perenne con tallos suculentos y pocas espinas. El tama\u00f1o lo puedes manejar con podas seg\u00fan se requiera.<\/li>\n<li><strong>Usos:<\/strong> Tallos comestibles<\/li>\n<li><strong>Clima:<\/strong> Prefiere clima seco, y de templado a subtropical. Aqu\u00ed en Las Ca\u00f1adas tenemos 1,800 mm de lluvia al a\u00f1o y se nos da bien, aunque varias de las pencas viejas se manchan de un hongo negro, pero la planta sigue produciendo.<\/li>\n<li><strong>Zonas:<\/strong> 2, 3, 4 y 5.<\/li>\n<li><strong>Siembra:<\/strong> En suelos bien drenados y en lugar soleado.<\/li>\n<\/ul>\n","protected":false},"excerpt":{"rendered":"<p>Planta de hojas comestibles perenne<\/p>\n","protected":false},"featured_media":2300,"comment_status":"open","ping_status":"closed","template":"","meta":{"inline_featured_image":false,"_monsterinsights_skip_tracking":false,"_monsterinsights_sitenote_active":false,"_monsterinsights_sitenote_note":"","_monsterinsights_sitenote_category":0},"product_brand":[],"product_cat":[803],"product_tag":[],"class_list":{"0":"post-2537","1":"product","2":"type-product","3":"status-publish","4":"has-post-thumbnail","6":"product_cat-hortalizas-varias","8":"first","9":"instock","10":"shipping-taxable","11":"purchasable","12":"product-type-variable","13":"has-default-attributes"},"_links":{"self":[{"href":"https:\/\/qrosoft.mx\/tiendabosquedeniebla\/wp-json\/wp\/v2\/product\/2537","targetHints":{"allow":["GET"]}}],"collection":[{"href":"https:\/\/qrosoft.mx\/tiendabosquedeniebla\/wp-json\/wp\/v2\/product"}],"about":[{"href":"https:\/\/qrosoft.mx\/tiendabosquedeniebla\/wp-json\/wp\/v2\/types\/product"}],"replies":[{"embeddable":true,"href":"https:\/\/qrosoft.mx\/tiendabosquedeniebla\/wp-json\/wp\/v2\/comments?post=2537"}],"wp:featuredmedia":[{"embeddable":true,"href":"https:\/\/qrosoft.mx\/tiendabosquedeniebla\/wp-json\/wp\/v2\/media\/2300"}],"wp:attachment":[{"href":"https:\/\/qrosoft.mx\/tiendabosquedeniebla\/wp-json\/wp\/v2\/media?parent=2537"}],"wp:term":[{"taxonomy":"product_brand","embeddable":true,"href":"https:\/\/qrosoft.mx\/tiendabosquedeniebla\/wp-json\/wp\/v2\/product_brand?post=2537"},{"taxonomy":"product_cat","embeddable":true,"href":"https:\/\/qrosoft.mx\/tiendabosquedeniebla\/wp-json\/wp\/v2\/product_cat?post=2537"},{"taxonomy":"product_tag","embeddable":true,"href":"https:\/\/qrosoft.mx\/tiendabosquedeniebla\/wp-json\/wp\/v2\/product_tag?post=2537"}],"curies":[{"name":"wp","href":"https:\/\/api.w.org\/{rel}","templated":true}]}}