{"id":2534,"date":"2021-05-18T18:29:00","date_gmt":"2021-05-18T23:29:00","guid":{"rendered":"https:\/\/qrosoft.mx\/tiendabosquedeniebla\/product\/naranja-washington-injerto\/"},"modified":"2025-12-15T09:13:23","modified_gmt":"2025-12-15T15:13:23","slug":"naranja-washington","status":"publish","type":"product","link":"https:\/\/qrosoft.mx\/tiendabosquedeniebla\/product\/naranja-washington\/","title":{"rendered":"Naranja Washington"},"content":{"rendered":"<h4>Naranja Washington &#8211; <em>Citrus X sinensis<\/em><\/h4>\n<ul>\n<li><strong>Familia:<\/strong> Rutaceae<\/li>\n<li><strong>Origen:<\/strong> Brasil<\/li>\n<li><strong>Descripci\u00f3n:<\/strong> \u00c1rbol perennifolio de 2 a 6m de alto. Su fruto grandes de buen sabor, bastante jugoso, se caracteriza por tener un ombligo en la extremidad.<\/li>\n<li><strong>Usos:<\/strong> Fruto comestible, mas generalmente utilizada para hacer jugos.<\/li>\n<li><strong>Clima:<\/strong> Ideal para el sub-tr\u00f3pico. En los tr\u00f3picos c\u00e1lidos h\u00famedos y secos tira las flores y da frutos de menor calidad, con cascara gruesa y poco jugo.<\/li>\n<li><strong>Zonas:<\/strong> 2, 3 y 4.<\/li>\n<\/ul>\n","protected":false},"excerpt":{"rendered":"<p>Frutal de clima subtropical, tropical y templado<\/p>\n","protected":false},"featured_media":2295,"comment_status":"open","ping_status":"closed","template":"","meta":{"inline_featured_image":false,"_monsterinsights_skip_tracking":false,"_monsterinsights_sitenote_active":false,"_monsterinsights_sitenote_note":"","_monsterinsights_sitenote_category":0},"product_brand":[],"product_cat":[80],"product_tag":[],"class_list":{"0":"post-2534","1":"product","2":"type-product","3":"status-publish","4":"has-post-thumbnail","6":"product_cat-frutales","8":"first","9":"instock","10":"shipping-taxable","11":"purchasable","12":"product-type-variable"},"_links":{"self":[{"href":"https:\/\/qrosoft.mx\/tiendabosquedeniebla\/wp-json\/wp\/v2\/product\/2534","targetHints":{"allow":["GET"]}}],"collection":[{"href":"https:\/\/qrosoft.mx\/tiendabosquedeniebla\/wp-json\/wp\/v2\/product"}],"about":[{"href":"https:\/\/qrosoft.mx\/tiendabosquedeniebla\/wp-json\/wp\/v2\/types\/product"}],"replies":[{"embeddable":true,"href":"https:\/\/qrosoft.mx\/tiendabosquedeniebla\/wp-json\/wp\/v2\/comments?post=2534"}],"wp:featuredmedia":[{"embeddable":true,"href":"https:\/\/qrosoft.mx\/tiendabosquedeniebla\/wp-json\/wp\/v2\/media\/2295"}],"wp:attachment":[{"href":"https:\/\/qrosoft.mx\/tiendabosquedeniebla\/wp-json\/wp\/v2\/media?parent=2534"}],"wp:term":[{"taxonomy":"product_brand","embeddable":true,"href":"https:\/\/qrosoft.mx\/tiendabosquedeniebla\/wp-json\/wp\/v2\/product_brand?post=2534"},{"taxonomy":"product_cat","embeddable":true,"href":"https:\/\/qrosoft.mx\/tiendabosquedeniebla\/wp-json\/wp\/v2\/product_cat?post=2534"},{"taxonomy":"product_tag","embeddable":true,"href":"https:\/\/qrosoft.mx\/tiendabosquedeniebla\/wp-json\/wp\/v2\/product_tag?post=2534"}],"curies":[{"name":"wp","href":"https:\/\/api.w.org\/{rel}","templated":true}]}}