{"id":2533,"date":"2021-05-18T18:29:00","date_gmt":"2021-05-18T23:29:00","guid":{"rendered":"https:\/\/qrosoft.mx\/tiendabosquedeniebla\/product\/naranja-valencia-injerto\/"},"modified":"2025-12-15T09:13:23","modified_gmt":"2025-12-15T15:13:23","slug":"naranja-valencia","status":"publish","type":"product","link":"https:\/\/qrosoft.mx\/tiendabosquedeniebla\/product\/naranja-valencia\/","title":{"rendered":"Naranja Valencia"},"content":{"rendered":"<h4>Naranja Valencia &#8211; <em>Citrus X sinensis<\/em><\/h4>\n<ul>\n<li><strong>Familia:<\/strong> Rutaceae<\/li>\n<li><strong>Origen:<\/strong> Espa\u00f1a Naranja Valencia<\/li>\n<li><strong>Descripci\u00f3n:<\/strong> \u00c1rbol de tama\u00f1o mediano de 7 a 10m. Frutos grandes con poca semilla, mucho jugo un tanto \u00e1cida, de buen sabor, el fruto se puede mantener mucho tiempo en el \u00e1rbol.<\/li>\n<li><strong>Usos:<\/strong> Es una variedad comercial. Frutos comestibles grandes, jugosos y un tanto \u00e1cidos.<\/li>\n<li><strong>Clima:<\/strong> Muy bien adaptada a los tr\u00f3picos, desde 0 hasta los 1,600msnm.<\/li>\n<li><strong>Zonas:<\/strong> 1, 2 y 3.<\/li>\n<li><strong>Siembra:<\/strong> Se adapta a muchos tipos de suelo.<\/li>\n<li><strong>Nota:<\/strong> Variedad tard\u00eda.<\/li>\n<\/ul>\n","protected":false},"excerpt":{"rendered":"<p>Frutal de clima subtropical, tropical y templado<\/p>\n","protected":false},"featured_media":2294,"comment_status":"open","ping_status":"closed","template":"","meta":{"inline_featured_image":false,"_monsterinsights_skip_tracking":false,"_monsterinsights_sitenote_active":false,"_monsterinsights_sitenote_note":"","_monsterinsights_sitenote_category":0},"product_brand":[],"product_cat":[80],"product_tag":[],"class_list":{"0":"post-2533","1":"product","2":"type-product","3":"status-publish","4":"has-post-thumbnail","6":"product_cat-frutales","8":"first","9":"instock","10":"shipping-taxable","11":"purchasable","12":"product-type-variable"},"_links":{"self":[{"href":"https:\/\/qrosoft.mx\/tiendabosquedeniebla\/wp-json\/wp\/v2\/product\/2533","targetHints":{"allow":["GET"]}}],"collection":[{"href":"https:\/\/qrosoft.mx\/tiendabosquedeniebla\/wp-json\/wp\/v2\/product"}],"about":[{"href":"https:\/\/qrosoft.mx\/tiendabosquedeniebla\/wp-json\/wp\/v2\/types\/product"}],"replies":[{"embeddable":true,"href":"https:\/\/qrosoft.mx\/tiendabosquedeniebla\/wp-json\/wp\/v2\/comments?post=2533"}],"wp:featuredmedia":[{"embeddable":true,"href":"https:\/\/qrosoft.mx\/tiendabosquedeniebla\/wp-json\/wp\/v2\/media\/2294"}],"wp:attachment":[{"href":"https:\/\/qrosoft.mx\/tiendabosquedeniebla\/wp-json\/wp\/v2\/media?parent=2533"}],"wp:term":[{"taxonomy":"product_brand","embeddable":true,"href":"https:\/\/qrosoft.mx\/tiendabosquedeniebla\/wp-json\/wp\/v2\/product_brand?post=2533"},{"taxonomy":"product_cat","embeddable":true,"href":"https:\/\/qrosoft.mx\/tiendabosquedeniebla\/wp-json\/wp\/v2\/product_cat?post=2533"},{"taxonomy":"product_tag","embeddable":true,"href":"https:\/\/qrosoft.mx\/tiendabosquedeniebla\/wp-json\/wp\/v2\/product_tag?post=2533"}],"curies":[{"name":"wp","href":"https:\/\/api.w.org\/{rel}","templated":true}]}}