{"id":2532,"date":"2021-05-18T18:28:59","date_gmt":"2021-05-18T23:28:59","guid":{"rendered":"https:\/\/qrosoft.mx\/tiendabosquedeniebla\/product\/naranja-de-azucar-injerto\/"},"modified":"2025-12-15T09:13:23","modified_gmt":"2025-12-15T15:13:23","slug":"naranja-de-azucar","status":"publish","type":"product","link":"https:\/\/qrosoft.mx\/tiendabosquedeniebla\/product\/naranja-de-azucar\/","title":{"rendered":"Naranja de Az\u00facar"},"content":{"rendered":"<h4>Naranja de Az\u00facar &#8211; <em>Citrus X sinensis<\/em><\/h4>\n<ul>\n<li><strong>Familia:<\/strong> Rutaceae<\/li>\n<li><strong>Origen:<\/strong> Sur de China, Birmania y Vietnam<\/li>\n<li><strong>Descripci\u00f3n:<\/strong> \u00c1rbol de tama\u00f1o mediano de 7 a 10m. Si es de semilla es erecto y si es de injerto es de copa redonda. Flor perfecta y autof\u00e9rtil, por lo que no necesita de otros \u00e1rboles para dar fruto. Los naranjos de injerto producen a los 3 o 4 a\u00f1os y los de semilla de los 8 a los 15 a\u00f1os.<\/li>\n<li><strong>Clima:<\/strong> Subtropical, puede adaptarse a regiones done la temperatura promedio sea de 13 a 39\u00b0C. Soporta heladas ligeras, no soporta heladas por debajo de -2\u00b0C y el \u00e1rbol muere a los -8\u00b0C.<\/li>\n<li><strong>Zonas:<\/strong> 1, 2, 3, 4 y 5.<\/li>\n<\/ul>\n","protected":false},"excerpt":{"rendered":"<p>Frutal de clima subtropical, tropical y templado<\/p>\n","protected":false},"featured_media":2293,"comment_status":"open","ping_status":"closed","template":"","meta":{"inline_featured_image":false,"_monsterinsights_skip_tracking":false,"_monsterinsights_sitenote_active":false,"_monsterinsights_sitenote_note":"","_monsterinsights_sitenote_category":0},"product_brand":[],"product_cat":[80],"product_tag":[],"class_list":{"0":"post-2532","1":"product","2":"type-product","3":"status-publish","4":"has-post-thumbnail","6":"product_cat-frutales","8":"first","9":"instock","10":"shipping-taxable","11":"purchasable","12":"product-type-variable"},"_links":{"self":[{"href":"https:\/\/qrosoft.mx\/tiendabosquedeniebla\/wp-json\/wp\/v2\/product\/2532","targetHints":{"allow":["GET"]}}],"collection":[{"href":"https:\/\/qrosoft.mx\/tiendabosquedeniebla\/wp-json\/wp\/v2\/product"}],"about":[{"href":"https:\/\/qrosoft.mx\/tiendabosquedeniebla\/wp-json\/wp\/v2\/types\/product"}],"replies":[{"embeddable":true,"href":"https:\/\/qrosoft.mx\/tiendabosquedeniebla\/wp-json\/wp\/v2\/comments?post=2532"}],"wp:featuredmedia":[{"embeddable":true,"href":"https:\/\/qrosoft.mx\/tiendabosquedeniebla\/wp-json\/wp\/v2\/media\/2293"}],"wp:attachment":[{"href":"https:\/\/qrosoft.mx\/tiendabosquedeniebla\/wp-json\/wp\/v2\/media?parent=2532"}],"wp:term":[{"taxonomy":"product_brand","embeddable":true,"href":"https:\/\/qrosoft.mx\/tiendabosquedeniebla\/wp-json\/wp\/v2\/product_brand?post=2532"},{"taxonomy":"product_cat","embeddable":true,"href":"https:\/\/qrosoft.mx\/tiendabosquedeniebla\/wp-json\/wp\/v2\/product_cat?post=2532"},{"taxonomy":"product_tag","embeddable":true,"href":"https:\/\/qrosoft.mx\/tiendabosquedeniebla\/wp-json\/wp\/v2\/product_tag?post=2532"}],"curies":[{"name":"wp","href":"https:\/\/api.w.org\/{rel}","templated":true}]}}