{"id":2524,"date":"2021-05-18T18:28:52","date_gmt":"2021-05-18T23:28:52","guid":{"rendered":"https:\/\/qrosoft.mx\/tiendabosquedeniebla\/product\/moringa\/"},"modified":"2026-01-11T11:40:30","modified_gmt":"2026-01-11T17:40:30","slug":"moringa","status":"publish","type":"product","link":"https:\/\/qrosoft.mx\/tiendabosquedeniebla\/product\/moringa\/","title":{"rendered":"Moringa"},"content":{"rendered":"<h4><strong>Moringa &#8211; <em>Moringa oleifera<\/em><\/strong><\/h4>\n<ul>\n<li><strong>Familia:<\/strong> Moringaceae<\/li>\n<li><strong>Origen:<\/strong> India<\/li>\n<li><strong>Area potencial de siembra por 5 g:<\/strong> 15m\u00b2<\/li>\n<li><strong>Semillas por 5 g:<\/strong> 15 aprox.<\/li>\n<li><strong>Descripci\u00f3n:<\/strong> Es un \u00e1rbol de crecimiento r\u00e1pido y que en algunos casos puede sobrepasar los 10m d e altura. La copa es poco densa, de forma abierta, el tronco puede ser \u00fanico o m\u00faltiple. Produce flores color crema en las \u00e9pocas de sequ\u00eda y una vaina larga y delgada de entre 20 a 40cm, que posee semillas oleaginosas.<\/li>\n<li><strong>Usos:<\/strong> Hojas comestibles ricas en vitaminas, prote\u00edna y acci\u00f3n desparasitante, por lo que se utiliza para combatir la desnutrici\u00f3n. Se utiliza tambi\u00e9n para forrajes. El aceite extra\u00eddo de las semillas tiene diversas aplicaciones.<\/li>\n<li><strong>Clima:<\/strong> Tropical, subtropical, \u00e1rido y semi-\u00e1rido.<\/li>\n<li><strong>Zonas:<\/strong> 1, 2<\/li>\n<li><strong>Siembra:<\/strong> En un lugar protegido del viento y el fr\u00edo, aunque es resistente a la sequ\u00eda pierde hojas a falta de humedad. Para bancos de forraje animal o humano a 1m x 1m, entre \u00e1rboles.<\/li>\n<\/ul>\n","protected":false},"excerpt":{"rendered":"<p>\u00c1rbol de hojas comestibles y forrajero<\/p>\n","protected":false},"featured_media":2283,"comment_status":"open","ping_status":"closed","template":"","meta":{"inline_featured_image":false,"_monsterinsights_skip_tracking":false,"_monsterinsights_sitenote_active":false,"_monsterinsights_sitenote_note":"","_monsterinsights_sitenote_category":0},"product_brand":[],"product_cat":[81],"product_tag":[],"class_list":{"0":"post-2524","1":"product","2":"type-product","3":"status-publish","4":"has-post-thumbnail","6":"product_cat-arboles-y-arbustos","8":"first","9":"instock","10":"shipping-taxable","11":"purchasable","12":"product-type-variable","13":"has-default-attributes"},"_links":{"self":[{"href":"https:\/\/qrosoft.mx\/tiendabosquedeniebla\/wp-json\/wp\/v2\/product\/2524","targetHints":{"allow":["GET"]}}],"collection":[{"href":"https:\/\/qrosoft.mx\/tiendabosquedeniebla\/wp-json\/wp\/v2\/product"}],"about":[{"href":"https:\/\/qrosoft.mx\/tiendabosquedeniebla\/wp-json\/wp\/v2\/types\/product"}],"replies":[{"embeddable":true,"href":"https:\/\/qrosoft.mx\/tiendabosquedeniebla\/wp-json\/wp\/v2\/comments?post=2524"}],"wp:featuredmedia":[{"embeddable":true,"href":"https:\/\/qrosoft.mx\/tiendabosquedeniebla\/wp-json\/wp\/v2\/media\/2283"}],"wp:attachment":[{"href":"https:\/\/qrosoft.mx\/tiendabosquedeniebla\/wp-json\/wp\/v2\/media?parent=2524"}],"wp:term":[{"taxonomy":"product_brand","embeddable":true,"href":"https:\/\/qrosoft.mx\/tiendabosquedeniebla\/wp-json\/wp\/v2\/product_brand?post=2524"},{"taxonomy":"product_cat","embeddable":true,"href":"https:\/\/qrosoft.mx\/tiendabosquedeniebla\/wp-json\/wp\/v2\/product_cat?post=2524"},{"taxonomy":"product_tag","embeddable":true,"href":"https:\/\/qrosoft.mx\/tiendabosquedeniebla\/wp-json\/wp\/v2\/product_tag?post=2524"}],"curies":[{"name":"wp","href":"https:\/\/api.w.org\/{rel}","templated":true}]}}