{"id":2522,"date":"2021-05-18T18:28:52","date_gmt":"2021-05-18T23:28:52","guid":{"rendered":"https:\/\/qrosoft.mx\/tiendabosquedeniebla\/product\/morera-de-fruta\/"},"modified":"2025-12-15T09:12:57","modified_gmt":"2025-12-15T15:12:57","slug":"morera-de-fruta","status":"publish","type":"product","link":"https:\/\/qrosoft.mx\/tiendabosquedeniebla\/product\/morera-de-fruta\/","title":{"rendered":"Morera de fruta"},"content":{"rendered":"<h4>Morera de fruta &#8211; <em>Morus sp<\/em><\/h4>\n<ul>\n<li><strong>Familia:<\/strong> Moraceae<\/li>\n<li><strong>Origen:<\/strong> Sudoeste de Asia<\/li>\n<li><strong>Descripci\u00f3n:<\/strong> \u00c1rbol de r\u00e1pido crecimiento de hasta 15m de altura. Hojas alternas, a veces lobuladas y margen aserrado. Fruto m\u00faltiple de 2-3 cm de largo, conforme madura cambia del rojo a p\u00farpura oscuro y negro. Florece en abril y fructifica en mayo.<\/li>\n<li><strong>Usos:<\/strong> Fruto maduro comestible de buen sabor, muy usado en refrescos, mermeladas, vinos y en la industria alimenticia como colorante natural. De forma medicinal ha sido muy utilizada por su aportaci\u00f3n de vitamina C para diversos padecimientos. Su hoja es el \u00fanico alimento del gusano de seda.<\/li>\n<li><strong>Clima:<\/strong> C\u00e1lido y templado.<\/li>\n<li><strong>Zonas:<\/strong> 2, 3 y 4.<\/li>\n<li><strong>Sembrar:<\/strong> En \u00e1rea soleada, prefiere suelos ricos en materia org\u00e1nica, y requiere riego abundante.<\/li>\n<\/ul>\n","protected":false},"excerpt":{"rendered":"<p>\u00c1rbusto perenne forrajero<\/p>\n","protected":false},"featured_media":4647,"comment_status":"open","ping_status":"closed","template":"","meta":{"inline_featured_image":false,"_monsterinsights_skip_tracking":false,"_monsterinsights_sitenote_active":false,"_monsterinsights_sitenote_note":"","_monsterinsights_sitenote_category":0},"product_brand":[],"product_cat":[80],"product_tag":[],"class_list":{"0":"post-2522","1":"product","2":"type-product","3":"status-publish","4":"has-post-thumbnail","6":"product_cat-frutales","8":"first","9":"instock","10":"shipping-taxable","11":"purchasable","12":"product-type-variable","13":"has-default-attributes"},"_links":{"self":[{"href":"https:\/\/qrosoft.mx\/tiendabosquedeniebla\/wp-json\/wp\/v2\/product\/2522","targetHints":{"allow":["GET"]}}],"collection":[{"href":"https:\/\/qrosoft.mx\/tiendabosquedeniebla\/wp-json\/wp\/v2\/product"}],"about":[{"href":"https:\/\/qrosoft.mx\/tiendabosquedeniebla\/wp-json\/wp\/v2\/types\/product"}],"replies":[{"embeddable":true,"href":"https:\/\/qrosoft.mx\/tiendabosquedeniebla\/wp-json\/wp\/v2\/comments?post=2522"}],"wp:featuredmedia":[{"embeddable":true,"href":"https:\/\/qrosoft.mx\/tiendabosquedeniebla\/wp-json\/wp\/v2\/media\/4647"}],"wp:attachment":[{"href":"https:\/\/qrosoft.mx\/tiendabosquedeniebla\/wp-json\/wp\/v2\/media?parent=2522"}],"wp:term":[{"taxonomy":"product_brand","embeddable":true,"href":"https:\/\/qrosoft.mx\/tiendabosquedeniebla\/wp-json\/wp\/v2\/product_brand?post=2522"},{"taxonomy":"product_cat","embeddable":true,"href":"https:\/\/qrosoft.mx\/tiendabosquedeniebla\/wp-json\/wp\/v2\/product_cat?post=2522"},{"taxonomy":"product_tag","embeddable":true,"href":"https:\/\/qrosoft.mx\/tiendabosquedeniebla\/wp-json\/wp\/v2\/product_tag?post=2522"}],"curies":[{"name":"wp","href":"https:\/\/api.w.org\/{rel}","templated":true}]}}