{"id":2521,"date":"2021-05-18T18:28:51","date_gmt":"2021-05-18T23:28:51","guid":{"rendered":"https:\/\/qrosoft.mx\/tiendabosquedeniebla\/product\/mijo-japones\/"},"modified":"2025-10-20T15:26:58","modified_gmt":"2025-10-20T21:26:58","slug":"mijo-japones","status":"publish","type":"product","link":"https:\/\/qrosoft.mx\/tiendabosquedeniebla\/product\/mijo-japones\/","title":{"rendered":"Mijo japon\u00e9s"},"content":{"rendered":"<h4><strong>Mijo japon\u00e9s &#8211; <em>Echinochloa frumentacea<\/em><\/strong><\/h4>\n<ul>\n<li><strong>Familia:<\/strong> Poaceae<\/li>\n<li><strong>Origen:<\/strong> Asia<\/li>\n<li><strong>Area potencial de siembra por 0.6 g:<\/strong> 10m\u00b2<\/li>\n<li><strong>Semillas por 0.6 g:<\/strong> 130 aprox.<\/li>\n<li><strong>Descripci\u00f3n:<\/strong> Cereal anual que puede llegar a alcanzar 1.80 m de altura.<\/li>\n<li><strong>Usos:<\/strong> Cereal muy rico en energ\u00eda, mayormente utilizado para alimentar aves, aunque es una buena opci\u00f3n para las personas cel\u00edacas ya que no contiene gluten.<\/li>\n<li><strong>Clima:<\/strong> Puede soportar cambios bruscos de temperatura.<\/li>\n<li><strong>Zonas:<\/strong> 1, 2, 3, 4<\/li>\n<li><strong>Siembra:<\/strong> Directamente en el suelo o en alm\u00e1cigo y trasplantar a cada 20cm entre plantas. Se puede desarrollar en todo tipo de suelos bien drenados, pero con suficiente humedad.<\/li>\n<\/ul>\n","protected":false},"excerpt":{"rendered":"<p>Cereal anual<\/p>\n","protected":false},"featured_media":2280,"comment_status":"open","ping_status":"closed","template":"","meta":{"inline_featured_image":false,"_monsterinsights_skip_tracking":false,"_monsterinsights_sitenote_active":false,"_monsterinsights_sitenote_note":"","_monsterinsights_sitenote_category":0},"product_brand":[],"product_cat":[798],"product_tag":[],"class_list":{"0":"post-2521","1":"product","2":"type-product","3":"status-publish","4":"has-post-thumbnail","6":"product_cat-cereales-varios","8":"first","9":"instock","10":"shipping-taxable","11":"purchasable","12":"product-type-variable","13":"has-default-attributes"},"_links":{"self":[{"href":"https:\/\/qrosoft.mx\/tiendabosquedeniebla\/wp-json\/wp\/v2\/product\/2521","targetHints":{"allow":["GET"]}}],"collection":[{"href":"https:\/\/qrosoft.mx\/tiendabosquedeniebla\/wp-json\/wp\/v2\/product"}],"about":[{"href":"https:\/\/qrosoft.mx\/tiendabosquedeniebla\/wp-json\/wp\/v2\/types\/product"}],"replies":[{"embeddable":true,"href":"https:\/\/qrosoft.mx\/tiendabosquedeniebla\/wp-json\/wp\/v2\/comments?post=2521"}],"wp:featuredmedia":[{"embeddable":true,"href":"https:\/\/qrosoft.mx\/tiendabosquedeniebla\/wp-json\/wp\/v2\/media\/2280"}],"wp:attachment":[{"href":"https:\/\/qrosoft.mx\/tiendabosquedeniebla\/wp-json\/wp\/v2\/media?parent=2521"}],"wp:term":[{"taxonomy":"product_brand","embeddable":true,"href":"https:\/\/qrosoft.mx\/tiendabosquedeniebla\/wp-json\/wp\/v2\/product_brand?post=2521"},{"taxonomy":"product_cat","embeddable":true,"href":"https:\/\/qrosoft.mx\/tiendabosquedeniebla\/wp-json\/wp\/v2\/product_cat?post=2521"},{"taxonomy":"product_tag","embeddable":true,"href":"https:\/\/qrosoft.mx\/tiendabosquedeniebla\/wp-json\/wp\/v2\/product_tag?post=2521"}],"curies":[{"name":"wp","href":"https:\/\/api.w.org\/{rel}","templated":true}]}}