{"id":2520,"date":"2021-05-18T18:28:51","date_gmt":"2021-05-18T23:28:51","guid":{"rendered":"https:\/\/qrosoft.mx\/tiendabosquedeniebla\/product\/menta-verde\/"},"modified":"2025-12-16T16:31:02","modified_gmt":"2025-12-16T22:31:02","slug":"menta-verde","status":"publish","type":"product","link":"https:\/\/qrosoft.mx\/tiendabosquedeniebla\/product\/menta-verde\/","title":{"rendered":"Menta Verde"},"content":{"rendered":"<h4>Menta verde &#8211; <em>Mentha sp.<\/em><\/h4>\n<ul>\n<li><strong>Familia:<\/strong> Lamiaceae<\/li>\n<li><strong>Origen:<\/strong> Inglaterra<\/li>\n<li><strong>Descripci\u00f3n:<\/strong> Hierba perenne de 30 a 60cm de alto<\/li>\n<li><strong>Usos:<\/strong> Se utilizan las hojas como digestivo y para las nauseas. Es estimulante y analg\u00e9sica. Tambi\u00e9n se usa como condimento y en la reposter\u00eda.<\/li>\n<li><strong>Clima:<\/strong> Templado con alta luminosidad, a alturas de 1,500 a 3,500msnm.<\/li>\n<li><strong>Zonas:<\/strong> 3, 4 y 5.<\/li>\n<li><strong>Siembra:<\/strong> En cualquier tipo de suelo.<\/li>\n<\/ul>\n","protected":false},"excerpt":{"rendered":"<p>Hierba perenne culinaria y medicinal<\/p>\n","protected":false},"featured_media":4572,"comment_status":"open","ping_status":"closed","template":"","meta":{"inline_featured_image":false,"_monsterinsights_skip_tracking":false,"_monsterinsights_sitenote_active":false,"_monsterinsights_sitenote_note":"","_monsterinsights_sitenote_category":0},"product_brand":[],"product_cat":[260],"product_tag":[],"class_list":{"0":"post-2520","1":"product","2":"type-product","3":"status-publish","4":"has-post-thumbnail","6":"product_cat-medicinales-y-culinarias","8":"first","9":"instock","10":"shipping-taxable","11":"purchasable","12":"product-type-variable","13":"has-default-attributes"},"_links":{"self":[{"href":"https:\/\/qrosoft.mx\/tiendabosquedeniebla\/wp-json\/wp\/v2\/product\/2520","targetHints":{"allow":["GET"]}}],"collection":[{"href":"https:\/\/qrosoft.mx\/tiendabosquedeniebla\/wp-json\/wp\/v2\/product"}],"about":[{"href":"https:\/\/qrosoft.mx\/tiendabosquedeniebla\/wp-json\/wp\/v2\/types\/product"}],"replies":[{"embeddable":true,"href":"https:\/\/qrosoft.mx\/tiendabosquedeniebla\/wp-json\/wp\/v2\/comments?post=2520"}],"wp:featuredmedia":[{"embeddable":true,"href":"https:\/\/qrosoft.mx\/tiendabosquedeniebla\/wp-json\/wp\/v2\/media\/4572"}],"wp:attachment":[{"href":"https:\/\/qrosoft.mx\/tiendabosquedeniebla\/wp-json\/wp\/v2\/media?parent=2520"}],"wp:term":[{"taxonomy":"product_brand","embeddable":true,"href":"https:\/\/qrosoft.mx\/tiendabosquedeniebla\/wp-json\/wp\/v2\/product_brand?post=2520"},{"taxonomy":"product_cat","embeddable":true,"href":"https:\/\/qrosoft.mx\/tiendabosquedeniebla\/wp-json\/wp\/v2\/product_cat?post=2520"},{"taxonomy":"product_tag","embeddable":true,"href":"https:\/\/qrosoft.mx\/tiendabosquedeniebla\/wp-json\/wp\/v2\/product_tag?post=2520"}],"curies":[{"name":"wp","href":"https:\/\/api.w.org\/{rel}","templated":true}]}}