{"id":2511,"date":"2021-05-18T18:28:48","date_gmt":"2021-05-18T23:28:48","guid":{"rendered":"https:\/\/qrosoft.mx\/tiendabosquedeniebla\/product\/mariposa-acuatica\/"},"modified":"2025-12-15T09:12:55","modified_gmt":"2025-12-15T15:12:55","slug":"mariposa-acuatica","status":"publish","type":"product","link":"https:\/\/qrosoft.mx\/tiendabosquedeniebla\/product\/mariposa-acuatica\/","title":{"rendered":"Mariposa acu\u00e1tica"},"content":{"rendered":"<p>Nombre com\u00fan: Mariposa acu\u00e1tica<br \/>\nNombre cient\u00edfico: Hedychium coronarium<br \/>\nFamilia: Zingiberaceae<br \/>\nOrigen: Asia tropical Mariposa acu\u00e1tica<br \/>\nDescripci\u00f3n: Altura de 1 a 1.5m, flores blancas con un agradable olor.<br \/>\nUsos: Para el tratamiento de aguas jabonosas, control de olores y de erosi\u00f3n del suelo.<br \/>\nClima: C\u00e1lido a templado en alturas de 500 a 1,500msnm. Sensible a las heladas.<br \/>\nZona: 1, 2 y 3.<br \/>\nSiembra: En un lugar soleado y en suelos h\u00famedos.<\/p>\n","protected":false},"excerpt":{"rendered":"<p>Planta semi-acu\u00e1tica perenne<\/p>\n","protected":false},"featured_media":4464,"comment_status":"closed","ping_status":"closed","template":"","meta":{"inline_featured_image":false,"_monsterinsights_skip_tracking":false,"_monsterinsights_sitenote_active":false,"_monsterinsights_sitenote_note":"","_monsterinsights_sitenote_category":0},"product_brand":[],"product_cat":[85],"product_tag":[],"class_list":{"0":"post-2511","1":"product","2":"type-product","3":"status-publish","4":"has-post-thumbnail","6":"product_cat-acuaticas","8":"first","9":"instock","10":"taxable","11":"shipping-taxable","12":"purchasable","13":"product-type-variable","14":"has-default-attributes"},"_links":{"self":[{"href":"https:\/\/qrosoft.mx\/tiendabosquedeniebla\/wp-json\/wp\/v2\/product\/2511","targetHints":{"allow":["GET"]}}],"collection":[{"href":"https:\/\/qrosoft.mx\/tiendabosquedeniebla\/wp-json\/wp\/v2\/product"}],"about":[{"href":"https:\/\/qrosoft.mx\/tiendabosquedeniebla\/wp-json\/wp\/v2\/types\/product"}],"replies":[{"embeddable":true,"href":"https:\/\/qrosoft.mx\/tiendabosquedeniebla\/wp-json\/wp\/v2\/comments?post=2511"}],"wp:featuredmedia":[{"embeddable":true,"href":"https:\/\/qrosoft.mx\/tiendabosquedeniebla\/wp-json\/wp\/v2\/media\/4464"}],"wp:attachment":[{"href":"https:\/\/qrosoft.mx\/tiendabosquedeniebla\/wp-json\/wp\/v2\/media?parent=2511"}],"wp:term":[{"taxonomy":"product_brand","embeddable":true,"href":"https:\/\/qrosoft.mx\/tiendabosquedeniebla\/wp-json\/wp\/v2\/product_brand?post=2511"},{"taxonomy":"product_cat","embeddable":true,"href":"https:\/\/qrosoft.mx\/tiendabosquedeniebla\/wp-json\/wp\/v2\/product_cat?post=2511"},{"taxonomy":"product_tag","embeddable":true,"href":"https:\/\/qrosoft.mx\/tiendabosquedeniebla\/wp-json\/wp\/v2\/product_tag?post=2511"}],"curies":[{"name":"wp","href":"https:\/\/api.w.org\/{rel}","templated":true}]}}