{"id":2510,"date":"2021-05-18T18:28:48","date_gmt":"2021-05-18T23:28:48","guid":{"rendered":"https:\/\/qrosoft.mx\/tiendabosquedeniebla\/product\/margarita-amarilla\/"},"modified":"2025-12-15T09:12:55","modified_gmt":"2025-12-15T15:12:55","slug":"margarita-amarilla","status":"publish","type":"product","link":"https:\/\/qrosoft.mx\/tiendabosquedeniebla\/product\/margarita-amarilla\/","title":{"rendered":"Margarita Amarilla"},"content":{"rendered":"<h4>Margarita amarilla &#8211; <em>Euryops sp.<\/em><\/h4>\n<ul>\n<li><strong>Familia:<\/strong> Asteraceae<\/li>\n<li><strong>Or\u00edgen:<\/strong> Sud\u00e1frica<\/li>\n<li><strong>Descripci\u00f3n:<\/strong> Arbusto le\u00f1oso de porte redondeado que puede 1.5m de altura. Hojas verde oscuro y flores amarillas muy vistosas que se dan a lo largo del a\u00f1o, con excepci\u00f3n del verano.<\/li>\n<li><strong>Usos:<\/strong> Principalemente es utilizada como ornamental. \u00c9ste tipo de flores son las que m\u00e1s ataren polinizadores. Mel\u00edfera.<\/li>\n<li><strong>Clima:<\/strong> Templado-c\u00e1lido. No tolera temperaturas inferiores a los -8\u00baC.<\/li>\n<li><strong>Siembra:<\/strong> Ubicar a pleno sol. Requiere riego moderado. La poda estimula su floraci\u00f3n. Multiplicar en primavera mendiante esquejes.<\/li>\n<\/ul>\n","protected":false},"excerpt":{"rendered":"<p>Flor atrayente de insectos ben\u00e9ficos perenne<\/p>\n","protected":false},"featured_media":2269,"comment_status":"open","ping_status":"closed","template":"","meta":{"inline_featured_image":false,"_monsterinsights_skip_tracking":false,"_monsterinsights_sitenote_active":false,"_monsterinsights_sitenote_note":"","_monsterinsights_sitenote_category":0},"product_brand":[],"product_cat":[799],"product_tag":[],"class_list":{"0":"post-2510","1":"product","2":"type-product","3":"status-publish","4":"has-post-thumbnail","6":"product_cat-ornamentales","8":"first","9":"instock","10":"shipping-taxable","11":"purchasable","12":"product-type-variable","13":"has-default-attributes"},"_links":{"self":[{"href":"https:\/\/qrosoft.mx\/tiendabosquedeniebla\/wp-json\/wp\/v2\/product\/2510","targetHints":{"allow":["GET"]}}],"collection":[{"href":"https:\/\/qrosoft.mx\/tiendabosquedeniebla\/wp-json\/wp\/v2\/product"}],"about":[{"href":"https:\/\/qrosoft.mx\/tiendabosquedeniebla\/wp-json\/wp\/v2\/types\/product"}],"replies":[{"embeddable":true,"href":"https:\/\/qrosoft.mx\/tiendabosquedeniebla\/wp-json\/wp\/v2\/comments?post=2510"}],"wp:featuredmedia":[{"embeddable":true,"href":"https:\/\/qrosoft.mx\/tiendabosquedeniebla\/wp-json\/wp\/v2\/media\/2269"}],"wp:attachment":[{"href":"https:\/\/qrosoft.mx\/tiendabosquedeniebla\/wp-json\/wp\/v2\/media?parent=2510"}],"wp:term":[{"taxonomy":"product_brand","embeddable":true,"href":"https:\/\/qrosoft.mx\/tiendabosquedeniebla\/wp-json\/wp\/v2\/product_brand?post=2510"},{"taxonomy":"product_cat","embeddable":true,"href":"https:\/\/qrosoft.mx\/tiendabosquedeniebla\/wp-json\/wp\/v2\/product_cat?post=2510"},{"taxonomy":"product_tag","embeddable":true,"href":"https:\/\/qrosoft.mx\/tiendabosquedeniebla\/wp-json\/wp\/v2\/product_tag?post=2510"}],"curies":[{"name":"wp","href":"https:\/\/api.w.org\/{rel}","templated":true}]}}