{"id":2500,"date":"2021-05-18T18:28:41","date_gmt":"2021-05-18T23:28:41","guid":{"rendered":"https:\/\/qrosoft.mx\/tiendabosquedeniebla\/product\/malanga-punto-negro\/"},"modified":"2025-12-15T09:12:54","modified_gmt":"2025-12-15T15:12:54","slug":"malanga-punto-negro","status":"publish","type":"product","link":"https:\/\/qrosoft.mx\/tiendabosquedeniebla\/product\/malanga-punto-negro\/","title":{"rendered":"Malanga Punto negro"},"content":{"rendered":"<h4>Malanga Punto negro &#8211; <em>Colocasia esculenta<\/em><\/h4>\n<ul>\n<li><strong>Familia:<\/strong> Araceae<\/li>\n<li><strong>Origen:<\/strong> \u00c1frica occidental<\/li>\n<li><strong>Descripci\u00f3n:<\/strong> Planta herb\u00e1cea de gran altura, llega a medir de 1 a 2 m de alto por 1.5 m de ancho. La porci\u00f3n comestible de la ra\u00edz es de color blanco con rosa.<\/li>\n<li><strong>Usos:<\/strong> Ra\u00edz comestible Excelente producci\u00f3n de calor\u00edas de hasta 40 ton\/ha\/a\u00f1o. Soporta hasta el 50% de sombra por lo que es ideal para sistemas agroforestales, no requiere laboreo del suelo.<\/li>\n<li><strong>Clima:<\/strong> Tropical. Requiere de una precipitaci\u00f3n anual de 1,800 a 2,500mm, con temperaturas de 25\u00b0C a 30\u00b0C y una buena luminosidad. No soporta heladas, pero rebrota.<\/li>\n<li><strong>Zonas:<\/strong> 1, 2 y 3.<\/li>\n<li><strong>Siembra:<\/strong> En la \u00e9poca de lluvia, a una distancia de 2 m entre plantas<\/li>\n<li><strong>Nota:<\/strong> Solo se cosecha cuando se requiere, pues no soporta almacenamiento prolongado.<\/li>\n<\/ul>\n","protected":false},"excerpt":{"rendered":"<p>Tub\u00e9rculo comestible semi-perenne<\/p>\n","protected":false},"featured_media":2260,"comment_status":"open","ping_status":"closed","template":"","meta":{"inline_featured_image":false,"_monsterinsights_skip_tracking":false,"_monsterinsights_sitenote_active":false,"_monsterinsights_sitenote_note":"","_monsterinsights_sitenote_category":0},"product_brand":[],"product_cat":[78],"product_tag":[],"class_list":{"0":"post-2500","1":"product","2":"type-product","3":"status-publish","4":"has-post-thumbnail","6":"product_cat-tuberculos","8":"first","9":"instock","10":"shipping-taxable","11":"purchasable","12":"product-type-variable","13":"has-default-attributes"},"_links":{"self":[{"href":"https:\/\/qrosoft.mx\/tiendabosquedeniebla\/wp-json\/wp\/v2\/product\/2500","targetHints":{"allow":["GET"]}}],"collection":[{"href":"https:\/\/qrosoft.mx\/tiendabosquedeniebla\/wp-json\/wp\/v2\/product"}],"about":[{"href":"https:\/\/qrosoft.mx\/tiendabosquedeniebla\/wp-json\/wp\/v2\/types\/product"}],"replies":[{"embeddable":true,"href":"https:\/\/qrosoft.mx\/tiendabosquedeniebla\/wp-json\/wp\/v2\/comments?post=2500"}],"wp:featuredmedia":[{"embeddable":true,"href":"https:\/\/qrosoft.mx\/tiendabosquedeniebla\/wp-json\/wp\/v2\/media\/2260"}],"wp:attachment":[{"href":"https:\/\/qrosoft.mx\/tiendabosquedeniebla\/wp-json\/wp\/v2\/media?parent=2500"}],"wp:term":[{"taxonomy":"product_brand","embeddable":true,"href":"https:\/\/qrosoft.mx\/tiendabosquedeniebla\/wp-json\/wp\/v2\/product_brand?post=2500"},{"taxonomy":"product_cat","embeddable":true,"href":"https:\/\/qrosoft.mx\/tiendabosquedeniebla\/wp-json\/wp\/v2\/product_cat?post=2500"},{"taxonomy":"product_tag","embeddable":true,"href":"https:\/\/qrosoft.mx\/tiendabosquedeniebla\/wp-json\/wp\/v2\/product_tag?post=2500"}],"curies":[{"name":"wp","href":"https:\/\/api.w.org\/{rel}","templated":true}]}}