{"id":2492,"date":"2021-05-18T18:28:31","date_gmt":"2021-05-18T23:28:31","guid":{"rendered":"https:\/\/qrosoft.mx\/tiendabosquedeniebla\/product\/macadamia-527-de-semilla\/"},"modified":"2025-12-10T12:02:12","modified_gmt":"2025-12-10T18:02:12","slug":"macadamia-527","status":"publish","type":"product","link":"https:\/\/qrosoft.mx\/tiendabosquedeniebla\/product\/macadamia-527\/","title":{"rendered":"Macadamia 527"},"content":{"rendered":"<h4>Macadamia 527 &#8211; <em>Macadamia tetraphylla<\/em><\/h4>\n<ul>\n<li><strong>Familia:<\/strong> Proteaceae<\/li>\n<li><strong>Origen:<\/strong> Este de Australia<\/li>\n<li><strong>Descripci\u00f3n:<\/strong> \u00c1rbol perenifolio de 8 a 15m de alto y copa ancha. Producen hasta los 10 a\u00f1os y los injertos a los 4 a\u00f1os. Requiere de polinizaci\u00f3n cruzada para buenas cosechas, por lo que se recomienda tener diversas variedades. Sus hojas crecen en grupos de 4 por lo que recibe su nombre. Se reconoce por su semilla rugosa y una mancha blanquecina.<\/li>\n<li><strong>Usos:<\/strong> Nuez comestible, de sabor fino y dulce.<\/li>\n<li><strong>Clima:<\/strong> Templado. Se puede cultivar desde los 1,200 ahasta los 1,900msnm, con lluvias de 1,300 a 3,500mm anuales. No resiste vientos fuertes. Recomendada para zonas cafetaleras<\/li>\n<li><strong>Zonas:<\/strong> 3 y 4.<\/li>\n<li><strong>Siembra:<\/strong> Prefiere suelos ligeramente \u00e1cidos, profundos y bien drenados.<\/li>\n<\/ul>\n","protected":false},"excerpt":{"rendered":"<p>Arbol de nuez comestible<\/p>\n","protected":false},"featured_media":2244,"comment_status":"open","ping_status":"closed","template":"","meta":{"inline_featured_image":false,"_monsterinsights_skip_tracking":false,"_monsterinsights_sitenote_active":false,"_monsterinsights_sitenote_note":"","_monsterinsights_sitenote_category":0},"product_brand":[],"product_cat":[80],"product_tag":[],"class_list":{"0":"post-2492","1":"product","2":"type-product","3":"status-publish","4":"has-post-thumbnail","6":"product_cat-frutales","8":"first","9":"instock","10":"shipping-taxable","11":"purchasable","12":"product-type-variable"},"_links":{"self":[{"href":"https:\/\/qrosoft.mx\/tiendabosquedeniebla\/wp-json\/wp\/v2\/product\/2492","targetHints":{"allow":["GET"]}}],"collection":[{"href":"https:\/\/qrosoft.mx\/tiendabosquedeniebla\/wp-json\/wp\/v2\/product"}],"about":[{"href":"https:\/\/qrosoft.mx\/tiendabosquedeniebla\/wp-json\/wp\/v2\/types\/product"}],"replies":[{"embeddable":true,"href":"https:\/\/qrosoft.mx\/tiendabosquedeniebla\/wp-json\/wp\/v2\/comments?post=2492"}],"wp:featuredmedia":[{"embeddable":true,"href":"https:\/\/qrosoft.mx\/tiendabosquedeniebla\/wp-json\/wp\/v2\/media\/2244"}],"wp:attachment":[{"href":"https:\/\/qrosoft.mx\/tiendabosquedeniebla\/wp-json\/wp\/v2\/media?parent=2492"}],"wp:term":[{"taxonomy":"product_brand","embeddable":true,"href":"https:\/\/qrosoft.mx\/tiendabosquedeniebla\/wp-json\/wp\/v2\/product_brand?post=2492"},{"taxonomy":"product_cat","embeddable":true,"href":"https:\/\/qrosoft.mx\/tiendabosquedeniebla\/wp-json\/wp\/v2\/product_cat?post=2492"},{"taxonomy":"product_tag","embeddable":true,"href":"https:\/\/qrosoft.mx\/tiendabosquedeniebla\/wp-json\/wp\/v2\/product_tag?post=2492"}],"curies":[{"name":"wp","href":"https:\/\/api.w.org\/{rel}","templated":true}]}}