{"id":2489,"date":"2021-05-18T18:28:27","date_gmt":"2021-05-18T23:28:27","guid":{"rendered":"https:\/\/qrosoft.mx\/tiendabosquedeniebla\/product\/litchi-acodo\/"},"modified":"2025-12-15T09:15:31","modified_gmt":"2025-12-15T15:15:31","slug":"litchi","status":"publish","type":"product","link":"https:\/\/qrosoft.mx\/tiendabosquedeniebla\/product\/litchi\/","title":{"rendered":"Litchi"},"content":{"rendered":"<h4>Litchi &#8211; <em>Litchi chinensis<\/em><\/h4>\n<ul>\n<li><strong>Familia:<\/strong> Sapindaceae<\/li>\n<li><strong>Origen:<\/strong> Sur de China<\/li>\n<li><strong>Otros nombres:<\/strong> Lychee, Lichi, Leechee, Mamoncillo chino.<\/li>\n<li><strong>Descripci\u00f3n:<\/strong> \u00c1rbol de lento crecimiento de entre 9 y 15m de altura. Posee 3 tipos de flores (1 masculina y 2 hermafroditas).<\/li>\n<li><strong>Usos:<\/strong> Fruto comestible fresco, en alm\u00edbar, mermeladas o desecado. Mel\u00edfero. En forma medicinal se utiliza la semilla como analg\u00e9sico y para problemas intestinales.<\/li>\n<li><strong>Clima:<\/strong> Subtropical con temperatura media \u00f3ptima de 21\u00b0C y precipitaci\u00f3n de 1,500 mm anual. Fresco y seco en invierno. Tolera heladas leves luego de los primeros a\u00f1os.<\/li>\n<li><strong>Zonas:<\/strong> 2 y 3.<\/li>\n<li><strong>Siembra:<\/strong> Crece bien en una gran variedad de suelos, de arenosos a arcillosos. La distancia entre \u00e1rboles debe ser de 12m.<\/li>\n<\/ul>\n","protected":false},"excerpt":{"rendered":"<p>Frutal de clima subtropical y tropical<\/p>\n","protected":false},"featured_media":2241,"comment_status":"open","ping_status":"closed","template":"","meta":{"inline_featured_image":false,"_monsterinsights_skip_tracking":false,"_monsterinsights_sitenote_active":false,"_monsterinsights_sitenote_note":"","_monsterinsights_sitenote_category":0},"product_brand":[],"product_cat":[80],"product_tag":[],"class_list":{"0":"post-2489","1":"product","2":"type-product","3":"status-publish","4":"has-post-thumbnail","6":"product_cat-frutales","8":"first","9":"instock","10":"shipping-taxable","11":"purchasable","12":"product-type-variable"},"_links":{"self":[{"href":"https:\/\/qrosoft.mx\/tiendabosquedeniebla\/wp-json\/wp\/v2\/product\/2489","targetHints":{"allow":["GET"]}}],"collection":[{"href":"https:\/\/qrosoft.mx\/tiendabosquedeniebla\/wp-json\/wp\/v2\/product"}],"about":[{"href":"https:\/\/qrosoft.mx\/tiendabosquedeniebla\/wp-json\/wp\/v2\/types\/product"}],"replies":[{"embeddable":true,"href":"https:\/\/qrosoft.mx\/tiendabosquedeniebla\/wp-json\/wp\/v2\/comments?post=2489"}],"wp:featuredmedia":[{"embeddable":true,"href":"https:\/\/qrosoft.mx\/tiendabosquedeniebla\/wp-json\/wp\/v2\/media\/2241"}],"wp:attachment":[{"href":"https:\/\/qrosoft.mx\/tiendabosquedeniebla\/wp-json\/wp\/v2\/media?parent=2489"}],"wp:term":[{"taxonomy":"product_brand","embeddable":true,"href":"https:\/\/qrosoft.mx\/tiendabosquedeniebla\/wp-json\/wp\/v2\/product_brand?post=2489"},{"taxonomy":"product_cat","embeddable":true,"href":"https:\/\/qrosoft.mx\/tiendabosquedeniebla\/wp-json\/wp\/v2\/product_cat?post=2489"},{"taxonomy":"product_tag","embeddable":true,"href":"https:\/\/qrosoft.mx\/tiendabosquedeniebla\/wp-json\/wp\/v2\/product_tag?post=2489"}],"curies":[{"name":"wp","href":"https:\/\/api.w.org\/{rel}","templated":true}]}}