{"id":2485,"date":"2021-05-18T18:28:25","date_gmt":"2021-05-18T23:28:25","guid":{"rendered":"https:\/\/qrosoft.mx\/tiendabosquedeniebla\/product\/linaza\/"},"modified":"2025-11-28T05:30:40","modified_gmt":"2025-11-28T11:30:40","slug":"linaza","status":"publish","type":"product","link":"https:\/\/qrosoft.mx\/tiendabosquedeniebla\/product\/linaza\/","title":{"rendered":"Linaza"},"content":{"rendered":"<h4><strong>Linaza &#8211; <em>Linum usitatissimum<\/em><\/strong><\/h4>\n<ul>\n<li><strong>Familia:<\/strong> Linaceae<\/li>\n<li><strong>Origen:<\/strong> Egipto y Pen\u00ednsula ar\u00e1biga<\/li>\n<li><strong>Area potencial de siembra por 3.8 g:<\/strong> 8m\u00b2<\/li>\n<li><strong>Semillas por 3.8 g:<\/strong> 700 aprox.<\/li>\n<li><strong>Descripci\u00f3n:<\/strong> Espiga anual de hasta 80 cm de alto, con tallos huecos y llamativas flores azules. Contiene fibra y \u00e1cidos grasos omega-3. Su consumo mejora la salud digestiva, alivia el estre\u00f1imiento y reduce niveles de colesterol en sangre.<\/li>\n<li><strong>Usos:<\/strong> La semilla entera se usa en productos de panificaci\u00f3n. Se recomienda ingerir molida ya que nuestro organismo no la digiere al consumirse entera. De la semilla prensada se obtiene el aceite de linaza.<\/li>\n<li><strong>Clima:<\/strong> Pino-encino y climas ligeramente tropicales.<\/li>\n<li><strong>Zonas:<\/strong> 3, 4<\/li>\n<li><strong>Siembra:<\/strong> Sembrar directo a 5cm entre plantas, o bien al voleo.<\/li>\n<li><strong>Cosecha:<\/strong> Se cortan los tallos a los 3 meses (en plena floraci\u00f3n) para obtenci\u00f3n de lino. Si el objetivo es cosechar semilla, cosechar cuando las c\u00e1psulas de semillas han madurado y comenzado a marchitarse.<\/li>\n<\/ul>\n","protected":false},"excerpt":{"rendered":"<p>Planta de semillas comestibles y oleaginosa anual<\/p>\n","protected":false},"featured_media":4487,"comment_status":"open","ping_status":"closed","template":"","meta":{"inline_featured_image":false,"_monsterinsights_skip_tracking":false,"_monsterinsights_sitenote_active":false,"_monsterinsights_sitenote_note":"","_monsterinsights_sitenote_category":0},"product_brand":[],"product_cat":[806],"product_tag":[],"class_list":{"0":"post-2485","1":"product","2":"type-product","3":"status-publish","4":"has-post-thumbnail","6":"product_cat-oleaginosas","8":"first","9":"instock","10":"shipping-taxable","11":"purchasable","12":"product-type-variable","13":"has-default-attributes"},"_links":{"self":[{"href":"https:\/\/qrosoft.mx\/tiendabosquedeniebla\/wp-json\/wp\/v2\/product\/2485","targetHints":{"allow":["GET"]}}],"collection":[{"href":"https:\/\/qrosoft.mx\/tiendabosquedeniebla\/wp-json\/wp\/v2\/product"}],"about":[{"href":"https:\/\/qrosoft.mx\/tiendabosquedeniebla\/wp-json\/wp\/v2\/types\/product"}],"replies":[{"embeddable":true,"href":"https:\/\/qrosoft.mx\/tiendabosquedeniebla\/wp-json\/wp\/v2\/comments?post=2485"}],"wp:featuredmedia":[{"embeddable":true,"href":"https:\/\/qrosoft.mx\/tiendabosquedeniebla\/wp-json\/wp\/v2\/media\/4487"}],"wp:attachment":[{"href":"https:\/\/qrosoft.mx\/tiendabosquedeniebla\/wp-json\/wp\/v2\/media?parent=2485"}],"wp:term":[{"taxonomy":"product_brand","embeddable":true,"href":"https:\/\/qrosoft.mx\/tiendabosquedeniebla\/wp-json\/wp\/v2\/product_brand?post=2485"},{"taxonomy":"product_cat","embeddable":true,"href":"https:\/\/qrosoft.mx\/tiendabosquedeniebla\/wp-json\/wp\/v2\/product_cat?post=2485"},{"taxonomy":"product_tag","embeddable":true,"href":"https:\/\/qrosoft.mx\/tiendabosquedeniebla\/wp-json\/wp\/v2\/product_tag?post=2485"}],"curies":[{"name":"wp","href":"https:\/\/api.w.org\/{rel}","templated":true}]}}