{"id":2484,"date":"2021-05-18T18:28:25","date_gmt":"2021-05-18T23:28:25","guid":{"rendered":"https:\/\/qrosoft.mx\/tiendabosquedeniebla\/product\/limon-tequilero-tavares-injerto\/"},"modified":"2026-01-04T19:32:00","modified_gmt":"2026-01-05T01:32:00","slug":"limon-tequilero-tavares","status":"publish","type":"product","link":"https:\/\/qrosoft.mx\/tiendabosquedeniebla\/product\/limon-tequilero-tavares\/","title":{"rendered":"Lim\u00f3n tequilero tavares"},"content":{"rendered":"<h4>Lim\u00f3n tequilero tavares &#8211; <em>Citrus sp.<\/em><\/h4>\n<ul>\n<li><strong>Familia:<\/strong> Rutaceae<\/li>\n<li><strong>Origen:<\/strong> Persia<\/li>\n<li><strong>Descripci\u00f3n:<\/strong> \u00c1rbol que alcanza hasta 3m, hojas verde oscuro, fruto amarillo y peque\u00f1o (m\u00e1ximo 4 cm de di\u00e1metro), alargado y de c\u00e1scara delgada, muy jugoso y de semillas peque\u00f1as.<\/li>\n<li><strong>Usos:<\/strong> Fruto comestible, de sabor \u00e1cido, muy maduro es un poco dulce.<\/li>\n<li><strong>Clima:<\/strong> La mayor\u00eda de los limones prefieren un clima caliente y seco, aunque tambi\u00e9n soportan climas templados y h\u00famedos. No soportan heladas.<\/li>\n<li><strong>Zonas:<\/strong> 2, 3.<\/li>\n<li><strong>Siembra:<\/strong> En cualquier tipo de suelo, tolera la sombra y la humedad. Riego abundante.<\/li>\n<\/ul>\n","protected":false},"excerpt":{"rendered":"<p>Frutal de clima subtropical, tropical y templado<\/p>\n","protected":false},"featured_media":5069,"comment_status":"open","ping_status":"closed","template":"","meta":{"inline_featured_image":false,"_monsterinsights_skip_tracking":false,"_monsterinsights_sitenote_active":false,"_monsterinsights_sitenote_note":"","_monsterinsights_sitenote_category":0},"product_brand":[],"product_cat":[80],"product_tag":[],"class_list":{"0":"post-2484","1":"product","2":"type-product","3":"status-publish","4":"has-post-thumbnail","6":"product_cat-frutales","8":"first","9":"instock","10":"shipping-taxable","11":"purchasable","12":"product-type-variable"},"_links":{"self":[{"href":"https:\/\/qrosoft.mx\/tiendabosquedeniebla\/wp-json\/wp\/v2\/product\/2484","targetHints":{"allow":["GET"]}}],"collection":[{"href":"https:\/\/qrosoft.mx\/tiendabosquedeniebla\/wp-json\/wp\/v2\/product"}],"about":[{"href":"https:\/\/qrosoft.mx\/tiendabosquedeniebla\/wp-json\/wp\/v2\/types\/product"}],"replies":[{"embeddable":true,"href":"https:\/\/qrosoft.mx\/tiendabosquedeniebla\/wp-json\/wp\/v2\/comments?post=2484"}],"wp:featuredmedia":[{"embeddable":true,"href":"https:\/\/qrosoft.mx\/tiendabosquedeniebla\/wp-json\/wp\/v2\/media\/5069"}],"wp:attachment":[{"href":"https:\/\/qrosoft.mx\/tiendabosquedeniebla\/wp-json\/wp\/v2\/media?parent=2484"}],"wp:term":[{"taxonomy":"product_brand","embeddable":true,"href":"https:\/\/qrosoft.mx\/tiendabosquedeniebla\/wp-json\/wp\/v2\/product_brand?post=2484"},{"taxonomy":"product_cat","embeddable":true,"href":"https:\/\/qrosoft.mx\/tiendabosquedeniebla\/wp-json\/wp\/v2\/product_cat?post=2484"},{"taxonomy":"product_tag","embeddable":true,"href":"https:\/\/qrosoft.mx\/tiendabosquedeniebla\/wp-json\/wp\/v2\/product_tag?post=2484"}],"curies":[{"name":"wp","href":"https:\/\/api.w.org\/{rel}","templated":true}]}}