{"id":2482,"date":"2021-05-18T18:28:24","date_gmt":"2021-05-18T23:28:24","guid":{"rendered":"https:\/\/qrosoft.mx\/tiendabosquedeniebla\/product\/limon-persa-acodo\/"},"modified":"2026-01-04T19:31:59","modified_gmt":"2026-01-05T01:31:59","slug":"limon-persa","status":"publish","type":"product","link":"https:\/\/qrosoft.mx\/tiendabosquedeniebla\/product\/limon-persa\/","title":{"rendered":"Lim\u00f3n Persa"},"content":{"rendered":"<h4>Lim\u00f3n Persa &#8211; <em>Citrus x aurantiifolia<\/em><\/h4>\n<ul>\n<li><strong>Familia:<\/strong> Rutaceae<\/li>\n<li><strong>Origen:<\/strong> Noreste de la India<\/li>\n<li><strong>Descripci\u00f3n:<\/strong> \u00c1rbol de mayor tama\u00f1o que otras variedades, crece hasta 6m de alto. Frutos de tama\u00f1o entre 5 a 7cm, sin semilla.<\/li>\n<li><strong>Clima:<\/strong> Crece bien casi en cualquier clima, tolera heladas leves aunque perdiendo sus hojas a los -5\u00b0C y sus frutos y flores a los -2\u00b0C.<\/li>\n<li><strong>Zonas:<\/strong> 1, 2, 3, 4 y 5.<\/li>\n<\/ul>\n","protected":false},"excerpt":{"rendered":"<p>Frutal de clima subtropical, tropical y templado<\/p>\n","protected":false},"featured_media":2235,"comment_status":"open","ping_status":"closed","template":"","meta":{"inline_featured_image":false,"_monsterinsights_skip_tracking":false,"_monsterinsights_sitenote_active":false,"_monsterinsights_sitenote_note":"","_monsterinsights_sitenote_category":0},"product_brand":[],"product_cat":[80],"product_tag":[],"class_list":{"0":"post-2482","1":"product","2":"type-product","3":"status-publish","4":"has-post-thumbnail","6":"product_cat-frutales","8":"first","9":"outofstock","10":"shipping-taxable","11":"purchasable","12":"product-type-variable","13":"has-default-attributes"},"_links":{"self":[{"href":"https:\/\/qrosoft.mx\/tiendabosquedeniebla\/wp-json\/wp\/v2\/product\/2482","targetHints":{"allow":["GET"]}}],"collection":[{"href":"https:\/\/qrosoft.mx\/tiendabosquedeniebla\/wp-json\/wp\/v2\/product"}],"about":[{"href":"https:\/\/qrosoft.mx\/tiendabosquedeniebla\/wp-json\/wp\/v2\/types\/product"}],"replies":[{"embeddable":true,"href":"https:\/\/qrosoft.mx\/tiendabosquedeniebla\/wp-json\/wp\/v2\/comments?post=2482"}],"wp:featuredmedia":[{"embeddable":true,"href":"https:\/\/qrosoft.mx\/tiendabosquedeniebla\/wp-json\/wp\/v2\/media\/2235"}],"wp:attachment":[{"href":"https:\/\/qrosoft.mx\/tiendabosquedeniebla\/wp-json\/wp\/v2\/media?parent=2482"}],"wp:term":[{"taxonomy":"product_brand","embeddable":true,"href":"https:\/\/qrosoft.mx\/tiendabosquedeniebla\/wp-json\/wp\/v2\/product_brand?post=2482"},{"taxonomy":"product_cat","embeddable":true,"href":"https:\/\/qrosoft.mx\/tiendabosquedeniebla\/wp-json\/wp\/v2\/product_cat?post=2482"},{"taxonomy":"product_tag","embeddable":true,"href":"https:\/\/qrosoft.mx\/tiendabosquedeniebla\/wp-json\/wp\/v2\/product_tag?post=2482"}],"curies":[{"name":"wp","href":"https:\/\/api.w.org\/{rel}","templated":true}]}}