{"id":2480,"date":"2021-05-18T18:28:24","date_gmt":"2021-05-18T23:28:24","guid":{"rendered":"https:\/\/qrosoft.mx\/tiendabosquedeniebla\/product\/limon-americano-injerto\/"},"modified":"2025-12-15T09:12:25","modified_gmt":"2025-12-15T15:12:25","slug":"limon-americano","status":"publish","type":"product","link":"https:\/\/qrosoft.mx\/tiendabosquedeniebla\/product\/limon-americano\/","title":{"rendered":"Lim\u00f3n Americano"},"content":{"rendered":"<h4>Lim\u00f3n Americano &#8211; <em>Citrus x lim\u00f3n<\/em><\/h4>\n<ul>\n<li><strong>Familia:<\/strong> Rutaceae<\/li>\n<li><strong>Origen:<\/strong> Am\u00e9rica<\/li>\n<li><strong>Descripci\u00f3n:<\/strong> \u00c1rbol perenifolio de hojas simples, medianas, color verde mate. Las inflorescencias son blancas, en racimos de flores de 5 p\u00e9talos. El fruto es grande de c\u00e1scara muy gruesa y rugosa, de color amarillo cuando madura, presenta protuberancias en ambos extremos.<\/li>\n<li><strong>Usos:<\/strong> Lim\u00f3n de sabor \u00e1cido, con mucho jugo.<\/li>\n<li><strong>Clima:<\/strong> La mayor\u00eda de los limones prefieren un clima caliente y seco, aunque tambi\u00e9n soportan climas templados y h\u00famedos.<\/li>\n<li><strong>Zonas:<\/strong> 2, 3.<\/li>\n<li><strong>Siembra:<\/strong> A pleno sol, aunque tolera bien bajas temperaturas. Se adapta bien a todo tipo de suelos, requiere riego moderado.<\/li>\n<\/ul>\n","protected":false},"excerpt":{"rendered":"<p>Frutal de clima subtropical, tropical y templado<\/p>\n","protected":false},"featured_media":4600,"comment_status":"open","ping_status":"closed","template":"","meta":{"inline_featured_image":false,"_monsterinsights_skip_tracking":false,"_monsterinsights_sitenote_active":false,"_monsterinsights_sitenote_note":"","_monsterinsights_sitenote_category":0},"product_brand":[],"product_cat":[80],"product_tag":[],"class_list":{"0":"post-2480","1":"product","2":"type-product","3":"status-publish","4":"has-post-thumbnail","6":"product_cat-frutales","8":"first","9":"instock","10":"shipping-taxable","11":"purchasable","12":"product-type-variable"},"_links":{"self":[{"href":"https:\/\/qrosoft.mx\/tiendabosquedeniebla\/wp-json\/wp\/v2\/product\/2480","targetHints":{"allow":["GET"]}}],"collection":[{"href":"https:\/\/qrosoft.mx\/tiendabosquedeniebla\/wp-json\/wp\/v2\/product"}],"about":[{"href":"https:\/\/qrosoft.mx\/tiendabosquedeniebla\/wp-json\/wp\/v2\/types\/product"}],"replies":[{"embeddable":true,"href":"https:\/\/qrosoft.mx\/tiendabosquedeniebla\/wp-json\/wp\/v2\/comments?post=2480"}],"wp:featuredmedia":[{"embeddable":true,"href":"https:\/\/qrosoft.mx\/tiendabosquedeniebla\/wp-json\/wp\/v2\/media\/4600"}],"wp:attachment":[{"href":"https:\/\/qrosoft.mx\/tiendabosquedeniebla\/wp-json\/wp\/v2\/media?parent=2480"}],"wp:term":[{"taxonomy":"product_brand","embeddable":true,"href":"https:\/\/qrosoft.mx\/tiendabosquedeniebla\/wp-json\/wp\/v2\/product_brand?post=2480"},{"taxonomy":"product_cat","embeddable":true,"href":"https:\/\/qrosoft.mx\/tiendabosquedeniebla\/wp-json\/wp\/v2\/product_cat?post=2480"},{"taxonomy":"product_tag","embeddable":true,"href":"https:\/\/qrosoft.mx\/tiendabosquedeniebla\/wp-json\/wp\/v2\/product_tag?post=2480"}],"curies":[{"name":"wp","href":"https:\/\/api.w.org\/{rel}","templated":true}]}}