{"id":2478,"date":"2021-05-18T18:28:23","date_gmt":"2021-05-18T23:28:23","guid":{"rendered":"https:\/\/qrosoft.mx\/tiendabosquedeniebla\/product\/lengua-de-vaca\/"},"modified":"2026-01-16T22:39:05","modified_gmt":"2026-01-17T04:39:05","slug":"lengua-de-vaca","status":"publish","type":"product","link":"https:\/\/qrosoft.mx\/tiendabosquedeniebla\/product\/lengua-de-vaca\/","title":{"rendered":"Lengua de vaca"},"content":{"rendered":"<h4>Lengua de vaca &#8211; <em>Rumex mexicanus<\/em><\/h4>\n<ul>\n<li><strong>Familia:<\/strong> Polygonaceae<\/li>\n<li><strong>Origen:<\/strong> Norte y Centro Am\u00e9rica<\/li>\n<li><strong>Descripci\u00f3n:<\/strong> Hierba perenne de color verde claro con pintas rojas, que crece hasta 0,5m de altura.<\/li>\n<li><strong>Usos:<\/strong> Forrajera para gallinas y ganado, hoja alimonada tambi\u00e9n comestible para humanos (no se recomienda consumir en demas\u00eda ya que contiene oxalatos). Acumuladora de nutrientes con profundas ra\u00edces.<\/li>\n<li><strong>Clima:<\/strong> C\u00e1lido a templado. Tiene amplio rango de distribuci\u00f3n, desde los 200 a 2700 m.s.n.m. Prefiere suelos h\u00famedos.<\/li>\n<li><strong>Zonas:<\/strong> 2,3 y 4<\/li>\n<li><strong>Siembra:<\/strong> Directo en el suelo previamente aflojado, a una distancia de 40cm entre plantas.<\/li>\n<\/ul>\n","protected":false},"excerpt":{"rendered":"<p>Planta perenne forrajera<\/p>\n","protected":false},"featured_media":2231,"comment_status":"open","ping_status":"closed","template":"","meta":{"inline_featured_image":false,"_monsterinsights_skip_tracking":false,"_monsterinsights_sitenote_active":false,"_monsterinsights_sitenote_note":"","_monsterinsights_sitenote_category":0},"product_brand":[],"product_cat":[273],"product_tag":[],"class_list":{"0":"post-2478","1":"product","2":"type-product","3":"status-publish","4":"has-post-thumbnail","6":"product_cat-forrajeras","8":"first","9":"instock","10":"shipping-taxable","11":"purchasable","12":"product-type-variable","13":"has-default-attributes"},"_links":{"self":[{"href":"https:\/\/qrosoft.mx\/tiendabosquedeniebla\/wp-json\/wp\/v2\/product\/2478","targetHints":{"allow":["GET"]}}],"collection":[{"href":"https:\/\/qrosoft.mx\/tiendabosquedeniebla\/wp-json\/wp\/v2\/product"}],"about":[{"href":"https:\/\/qrosoft.mx\/tiendabosquedeniebla\/wp-json\/wp\/v2\/types\/product"}],"replies":[{"embeddable":true,"href":"https:\/\/qrosoft.mx\/tiendabosquedeniebla\/wp-json\/wp\/v2\/comments?post=2478"}],"wp:featuredmedia":[{"embeddable":true,"href":"https:\/\/qrosoft.mx\/tiendabosquedeniebla\/wp-json\/wp\/v2\/media\/2231"}],"wp:attachment":[{"href":"https:\/\/qrosoft.mx\/tiendabosquedeniebla\/wp-json\/wp\/v2\/media?parent=2478"}],"wp:term":[{"taxonomy":"product_brand","embeddable":true,"href":"https:\/\/qrosoft.mx\/tiendabosquedeniebla\/wp-json\/wp\/v2\/product_brand?post=2478"},{"taxonomy":"product_cat","embeddable":true,"href":"https:\/\/qrosoft.mx\/tiendabosquedeniebla\/wp-json\/wp\/v2\/product_cat?post=2478"},{"taxonomy":"product_tag","embeddable":true,"href":"https:\/\/qrosoft.mx\/tiendabosquedeniebla\/wp-json\/wp\/v2\/product_tag?post=2478"}],"curies":[{"name":"wp","href":"https:\/\/api.w.org\/{rel}","templated":true}]}}