{"id":2466,"date":"2021-05-18T18:28:16","date_gmt":"2021-05-18T23:28:16","guid":{"rendered":"https:\/\/qrosoft.mx\/tiendabosquedeniebla\/product\/lavanda\/"},"modified":"2026-01-16T22:39:04","modified_gmt":"2026-01-17T04:39:04","slug":"lavanda","status":"publish","type":"product","link":"https:\/\/qrosoft.mx\/tiendabosquedeniebla\/product\/lavanda\/","title":{"rendered":"Lavanda"},"content":{"rendered":"<h4>Lavanda &#8211; <em>Lavandula sp.<\/em><\/h4>\n<ul>\n<li><strong>Familia:<\/strong> Lamiaceae<\/li>\n<li><strong>Origen:<\/strong> Europa<\/li>\n<li><strong>Descripci\u00f3n:<\/strong> Planta perenne de hasta 1m de alto con flores moradas.<\/li>\n<li><strong>Usos:<\/strong> Las flores funcionan como relajante y sedante. Sirve para el agotamiento nervioso y los dolores de cabeza. Es antiespasm\u00f3dico, estimulante circulatorio, antibacterial, analg\u00e9sico y antis\u00e9ptico. Alivia los c\u00f3licos y la indigesti\u00f3n.<\/li>\n<li><strong>Clima:<\/strong> Templado.<\/li>\n<li><strong>Zonas:<\/strong> 3, 4 y 5.<\/li>\n<li><strong>Siembra:<\/strong> En un lugar soleado en cualquier tipo de suelo.<\/li>\n<\/ul>\n","protected":false},"excerpt":{"rendered":"<p>Planta medicinal perenne<\/p>\n","protected":false},"featured_media":2219,"comment_status":"open","ping_status":"closed","template":"","meta":{"inline_featured_image":false,"_monsterinsights_skip_tracking":false,"_monsterinsights_sitenote_active":false,"_monsterinsights_sitenote_note":"","_monsterinsights_sitenote_category":0},"product_brand":[],"product_cat":[260],"product_tag":[],"class_list":{"0":"post-2466","1":"product","2":"type-product","3":"status-publish","4":"has-post-thumbnail","6":"product_cat-medicinales-y-culinarias","8":"first","9":"instock","10":"shipping-taxable","11":"purchasable","12":"product-type-variable","13":"has-default-attributes"},"_links":{"self":[{"href":"https:\/\/qrosoft.mx\/tiendabosquedeniebla\/wp-json\/wp\/v2\/product\/2466","targetHints":{"allow":["GET"]}}],"collection":[{"href":"https:\/\/qrosoft.mx\/tiendabosquedeniebla\/wp-json\/wp\/v2\/product"}],"about":[{"href":"https:\/\/qrosoft.mx\/tiendabosquedeniebla\/wp-json\/wp\/v2\/types\/product"}],"replies":[{"embeddable":true,"href":"https:\/\/qrosoft.mx\/tiendabosquedeniebla\/wp-json\/wp\/v2\/comments?post=2466"}],"wp:featuredmedia":[{"embeddable":true,"href":"https:\/\/qrosoft.mx\/tiendabosquedeniebla\/wp-json\/wp\/v2\/media\/2219"}],"wp:attachment":[{"href":"https:\/\/qrosoft.mx\/tiendabosquedeniebla\/wp-json\/wp\/v2\/media?parent=2466"}],"wp:term":[{"taxonomy":"product_brand","embeddable":true,"href":"https:\/\/qrosoft.mx\/tiendabosquedeniebla\/wp-json\/wp\/v2\/product_brand?post=2466"},{"taxonomy":"product_cat","embeddable":true,"href":"https:\/\/qrosoft.mx\/tiendabosquedeniebla\/wp-json\/wp\/v2\/product_cat?post=2466"},{"taxonomy":"product_tag","embeddable":true,"href":"https:\/\/qrosoft.mx\/tiendabosquedeniebla\/wp-json\/wp\/v2\/product_tag?post=2466"}],"curies":[{"name":"wp","href":"https:\/\/api.w.org\/{rel}","templated":true}]}}