{"id":2463,"date":"2021-05-18T18:28:15","date_gmt":"2021-05-18T23:28:15","guid":{"rendered":"https:\/\/qrosoft.mx\/tiendabosquedeniebla\/product\/kalanchoe\/"},"modified":"2026-01-13T20:03:23","modified_gmt":"2026-01-14T02:03:23","slug":"kalanchoe","status":"publish","type":"product","link":"https:\/\/qrosoft.mx\/tiendabosquedeniebla\/product\/kalanchoe\/","title":{"rendered":"Kalanchoe o madre de mil"},"content":{"rendered":"<h4>Kalanchoe &#8211; <em>Kalanchoe daigremontiana<\/em><\/h4>\n<ul>\n<li><strong>Familia:<\/strong> Crassulaceae<\/li>\n<li><strong>Origen:<\/strong> Madagascar<\/li>\n<li><strong>Otros nombres:<\/strong> Espinazo del diablo.<\/li>\n<li><strong>Descripci\u00f3n:<\/strong> Planta perenne de hasta 1m de altura, tallo erecto, hojas opuestas carnosas de hasta 15-20cm de largo y 4-5cm de ancho. Flores rosas en forma de campanilla que salen muy espor\u00e1dicamente. Produce hijuelos en el margen de las hojas, que se desprenden y emiten ra\u00edces f\u00e1cilmente al caer al suelo. Se encuentra amenazada.<\/li>\n<li><strong>Usos:<\/strong> Medicinal pero t\u00f3xica pues contiene un gluc\u00f3sido card\u00edaco llamado daigremontianina. Utilizada para enfermedades relacionadas con da\u00f1os celulares como el c\u00e1ncer, heridas profundas y gangrenadas, quemaduras, tumores, abscesos y for\u00fanculos. Tambi\u00e9n es utilizada para reumatismo, inflamaciones, hipertensi\u00f3n, piedras en el ri\u00f1\u00f3n, diarreas y problemas mentales. Puede ser invasora.<\/li>\n<li><strong>Clima:<\/strong> Tropical y subtropical, soporta el fr\u00edo pero no heladas.<\/li>\n<li><strong>Zonas:<\/strong> 2, 3 y 4.<\/li>\n<li><strong>Siembra:<\/strong> Prefiere suelos arenosos. Se adapta a sombra o sol.<\/li>\n<\/ul>\n","protected":false},"excerpt":{"rendered":"<p>Planta perenne con propiedades medicinaes<\/p>\n","protected":false},"featured_media":4653,"comment_status":"open","ping_status":"closed","template":"","meta":{"inline_featured_image":false,"_monsterinsights_skip_tracking":false,"_monsterinsights_sitenote_active":false,"_monsterinsights_sitenote_note":"","_monsterinsights_sitenote_category":0},"product_brand":[],"product_cat":[260],"product_tag":[],"class_list":{"0":"post-2463","1":"product","2":"type-product","3":"status-publish","4":"has-post-thumbnail","6":"product_cat-medicinales-y-culinarias","8":"first","9":"instock","10":"shipping-taxable","11":"purchasable","12":"product-type-variable","13":"has-default-attributes"},"_links":{"self":[{"href":"https:\/\/qrosoft.mx\/tiendabosquedeniebla\/wp-json\/wp\/v2\/product\/2463","targetHints":{"allow":["GET"]}}],"collection":[{"href":"https:\/\/qrosoft.mx\/tiendabosquedeniebla\/wp-json\/wp\/v2\/product"}],"about":[{"href":"https:\/\/qrosoft.mx\/tiendabosquedeniebla\/wp-json\/wp\/v2\/types\/product"}],"replies":[{"embeddable":true,"href":"https:\/\/qrosoft.mx\/tiendabosquedeniebla\/wp-json\/wp\/v2\/comments?post=2463"}],"wp:featuredmedia":[{"embeddable":true,"href":"https:\/\/qrosoft.mx\/tiendabosquedeniebla\/wp-json\/wp\/v2\/media\/4653"}],"wp:attachment":[{"href":"https:\/\/qrosoft.mx\/tiendabosquedeniebla\/wp-json\/wp\/v2\/media?parent=2463"}],"wp:term":[{"taxonomy":"product_brand","embeddable":true,"href":"https:\/\/qrosoft.mx\/tiendabosquedeniebla\/wp-json\/wp\/v2\/product_brand?post=2463"},{"taxonomy":"product_cat","embeddable":true,"href":"https:\/\/qrosoft.mx\/tiendabosquedeniebla\/wp-json\/wp\/v2\/product_cat?post=2463"},{"taxonomy":"product_tag","embeddable":true,"href":"https:\/\/qrosoft.mx\/tiendabosquedeniebla\/wp-json\/wp\/v2\/product_tag?post=2463"}],"curies":[{"name":"wp","href":"https:\/\/api.w.org\/{rel}","templated":true}]}}