{"id":2462,"date":"2021-05-18T18:28:15","date_gmt":"2021-05-18T23:28:15","guid":{"rendered":"https:\/\/qrosoft.mx\/tiendabosquedeniebla\/product\/jitomate-rinon\/"},"modified":"2026-01-11T10:10:33","modified_gmt":"2026-01-11T16:10:33","slug":"jitomate-rinon","status":"publish","type":"product","link":"https:\/\/qrosoft.mx\/tiendabosquedeniebla\/product\/jitomate-rinon\/","title":{"rendered":"Jitomate ri\u00f1\u00f3n"},"content":{"rendered":"<h4><strong>Jitomate ri\u00f1\u00f3n &#8211; <em>Solanum lycopersicum<\/em><\/strong><\/h4>\n<ul>\n<li><strong>Familia:<\/strong> Solanaceae<\/li>\n<li><strong>Origen:<\/strong> M\u00e9xico<\/li>\n<li><strong>Area potencial de siembra por 0.05 g:<\/strong> 8m\u00b2<\/li>\n<li><strong>Semillas por 0.05 g:<\/strong> 45 aprox.<\/li>\n<li><strong>Descripci\u00f3n:<\/strong> Variedad determinada con frutos en forma de ri\u00f1\u00f3n de tama\u00f1o mediano de 8 a 15cm.<\/li>\n<li><strong>Usos:<\/strong> Frutos comestibles.<\/li>\n<li><strong>Clima:<\/strong> Templado, c\u00e1lido.<\/li>\n<li><strong>Zonas:<\/strong> 2, 3, 4, 5<\/li>\n<li><strong>Siembra:<\/strong> En alm\u00e1cigo y trasplantar a una distancia de 40.<\/li>\n<li><strong>Nota:<\/strong> Es una variedad que se cultiva tradicionalmente en la zona de Veracruz y Puebla. En la actualidad es dif\u00edcil encontrarla en los mercados y en las parcelas. Resistente a la humedad, plagas y enfermedades.<\/li>\n<\/ul>\n","protected":false},"excerpt":{"rendered":"<p>Planta anual de fruto comestible<\/p>\n","protected":false},"featured_media":2214,"comment_status":"open","ping_status":"closed","template":"","meta":{"inline_featured_image":false,"_monsterinsights_skip_tracking":false,"_monsterinsights_sitenote_active":false,"_monsterinsights_sitenote_note":"","_monsterinsights_sitenote_category":0},"product_brand":[],"product_cat":[195],"product_tag":[],"class_list":{"0":"post-2462","1":"product","2":"type-product","3":"status-publish","4":"has-post-thumbnail","6":"product_cat-jitomates-y-tomates","8":"first","9":"instock","10":"shipping-taxable","11":"purchasable","12":"product-type-variable","13":"has-default-attributes"},"_links":{"self":[{"href":"https:\/\/qrosoft.mx\/tiendabosquedeniebla\/wp-json\/wp\/v2\/product\/2462","targetHints":{"allow":["GET"]}}],"collection":[{"href":"https:\/\/qrosoft.mx\/tiendabosquedeniebla\/wp-json\/wp\/v2\/product"}],"about":[{"href":"https:\/\/qrosoft.mx\/tiendabosquedeniebla\/wp-json\/wp\/v2\/types\/product"}],"replies":[{"embeddable":true,"href":"https:\/\/qrosoft.mx\/tiendabosquedeniebla\/wp-json\/wp\/v2\/comments?post=2462"}],"wp:featuredmedia":[{"embeddable":true,"href":"https:\/\/qrosoft.mx\/tiendabosquedeniebla\/wp-json\/wp\/v2\/media\/2214"}],"wp:attachment":[{"href":"https:\/\/qrosoft.mx\/tiendabosquedeniebla\/wp-json\/wp\/v2\/media?parent=2462"}],"wp:term":[{"taxonomy":"product_brand","embeddable":true,"href":"https:\/\/qrosoft.mx\/tiendabosquedeniebla\/wp-json\/wp\/v2\/product_brand?post=2462"},{"taxonomy":"product_cat","embeddable":true,"href":"https:\/\/qrosoft.mx\/tiendabosquedeniebla\/wp-json\/wp\/v2\/product_cat?post=2462"},{"taxonomy":"product_tag","embeddable":true,"href":"https:\/\/qrosoft.mx\/tiendabosquedeniebla\/wp-json\/wp\/v2\/product_tag?post=2462"}],"curies":[{"name":"wp","href":"https:\/\/api.w.org\/{rel}","templated":true}]}}