{"id":2454,"date":"2021-05-18T18:28:09","date_gmt":"2021-05-18T23:28:09","guid":{"rendered":"https:\/\/qrosoft.mx\/tiendabosquedeniebla\/product\/jengibre\/"},"modified":"2025-12-15T10:10:29","modified_gmt":"2025-12-15T16:10:29","slug":"jengibre","status":"publish","type":"product","link":"https:\/\/qrosoft.mx\/tiendabosquedeniebla\/product\/jengibre\/","title":{"rendered":"Jengibre"},"content":{"rendered":"<h4>Jengibre &#8211; <em>Zingiber officinale Familia<\/em><\/h4>\n<ul>\n<li><strong>Origen:<\/strong> Asia<\/li>\n<li><strong>Descripci\u00f3n:<\/strong> Planta herb\u00e1cea perenne de 50cm a 1m de alto. Sus tallos subterr\u00e1neos producen rizomas en forma de dedo.<\/li>\n<li><strong>Usos:<\/strong> Rizomas comestibles crudos \u00f3 cocidos, utilizados com\u00fanmente como condimento con fuerte sabor picante. En usos medicinales tiene propiedades antis\u00e9pticas, antibi\u00f3ticas y digestivas. Es muy popular en la comida asi\u00e1tica.<\/li>\n<li><strong>Clima:<\/strong> Tropical, caliente y h\u00famedo. Se dapta bien hasta los 1,500msnm., con temperaturas de los 18 a los 20OC.<\/li>\n<li><strong>Zonas:<\/strong> 1, 2 y 3.<\/li>\n<li><strong>Siembra:<\/strong> En un lugar soleado.<\/li>\n<li><strong>Nota:<\/strong> Prefiere suelos arenosos<\/li>\n<\/ul>\n","protected":false},"excerpt":{"rendered":"<p>Tub\u00e9rculo culinario y medicinal perenne<\/p>\n","protected":false},"featured_media":2207,"comment_status":"open","ping_status":"closed","template":"","meta":{"inline_featured_image":false,"_monsterinsights_skip_tracking":false,"_monsterinsights_sitenote_active":false,"_monsterinsights_sitenote_note":"","_monsterinsights_sitenote_category":0},"product_brand":[],"product_cat":[260],"product_tag":[],"class_list":{"0":"post-2454","1":"product","2":"type-product","3":"status-publish","4":"has-post-thumbnail","6":"product_cat-medicinales-y-culinarias","8":"first","9":"instock","10":"shipping-taxable","11":"purchasable","12":"product-type-variable","13":"has-default-attributes"},"_links":{"self":[{"href":"https:\/\/qrosoft.mx\/tiendabosquedeniebla\/wp-json\/wp\/v2\/product\/2454","targetHints":{"allow":["GET"]}}],"collection":[{"href":"https:\/\/qrosoft.mx\/tiendabosquedeniebla\/wp-json\/wp\/v2\/product"}],"about":[{"href":"https:\/\/qrosoft.mx\/tiendabosquedeniebla\/wp-json\/wp\/v2\/types\/product"}],"replies":[{"embeddable":true,"href":"https:\/\/qrosoft.mx\/tiendabosquedeniebla\/wp-json\/wp\/v2\/comments?post=2454"}],"wp:featuredmedia":[{"embeddable":true,"href":"https:\/\/qrosoft.mx\/tiendabosquedeniebla\/wp-json\/wp\/v2\/media\/2207"}],"wp:attachment":[{"href":"https:\/\/qrosoft.mx\/tiendabosquedeniebla\/wp-json\/wp\/v2\/media?parent=2454"}],"wp:term":[{"taxonomy":"product_brand","embeddable":true,"href":"https:\/\/qrosoft.mx\/tiendabosquedeniebla\/wp-json\/wp\/v2\/product_brand?post=2454"},{"taxonomy":"product_cat","embeddable":true,"href":"https:\/\/qrosoft.mx\/tiendabosquedeniebla\/wp-json\/wp\/v2\/product_cat?post=2454"},{"taxonomy":"product_tag","embeddable":true,"href":"https:\/\/qrosoft.mx\/tiendabosquedeniebla\/wp-json\/wp\/v2\/product_tag?post=2454"}],"curies":[{"name":"wp","href":"https:\/\/api.w.org\/{rel}","templated":true}]}}