{"id":2452,"date":"2021-05-18T18:28:08","date_gmt":"2021-05-18T23:28:08","guid":{"rendered":"https:\/\/qrosoft.mx\/tiendabosquedeniebla\/product\/jaboncillo\/"},"modified":"2026-01-16T22:39:01","modified_gmt":"2026-01-17T04:39:01","slug":"jaboncillo","status":"publish","type":"product","link":"https:\/\/qrosoft.mx\/tiendabosquedeniebla\/product\/jaboncillo\/","title":{"rendered":"Jaboncillo"},"content":{"rendered":"<h4><strong>Jaboncillo &#8211; <em>Sapindus saponaria<\/em><\/strong><\/h4>\n<ul>\n<li><strong>Familia:<\/strong> Sapindaceae<\/li>\n<li><strong>Origen:<\/strong> Centroam\u00e9rica<\/li>\n<li><strong>Area potencial de siembra por 0.5 kg:<\/strong> 1300m\u00b2<\/li>\n<li><strong>Semillas por 0.5 kg:<\/strong> 850 aprox.<\/li>\n<li><strong>Descripci\u00f3n:<\/strong> \u00c1rbol mediano de 5 a 16m de altura. Siempre verde.<\/li>\n<li><strong>Usos:<\/strong> La pulpa de los frutos se emplean como jab\u00f3n por su gran contenido de saponina (30%). Jab\u00f3n para lavado del pelo o de ropa. De las semillas se obtienen aceite para alumbrado y se hacen artesan\u00edas (canicas), se utilizan como el barbasco para pescar y como insecticida. Su floraci\u00f3n es muy importante para la apicultura. Cerca viva y sombra para cafetales.<\/li>\n<li><strong>Clima:<\/strong> Selva alta y baja, h\u00fameda y seca. Necesita una altura de 0 a 1,400msnm y precipitaci\u00f3n anual de 800 a 1,200mm. Requiere de una estaci\u00f3n seca de 5 a 7 meses.<\/li>\n<li><strong>Zonas:<\/strong> 2, 3<\/li>\n<li><strong>Otros nombres:<\/strong> \u00c1rbol de jab\u00f3n, pipe, semillas de jab\u00f3n, pac\u00f3n, pac\u00fan, g\u00fcirril, chumicos, boliche, tzatpopo, pipi, guayul, charapo.<\/li>\n<\/ul>\n","protected":false},"excerpt":{"rendered":"<p>\u00c1rbol de clima tropical que la c\u00e1scara de sus frutos se utiliza para jab\u00f3n<\/p>\n","protected":false},"featured_media":2205,"comment_status":"open","ping_status":"closed","template":"","meta":{"inline_featured_image":false,"_monsterinsights_skip_tracking":false,"_monsterinsights_sitenote_active":false,"_monsterinsights_sitenote_note":"","_monsterinsights_sitenote_category":0},"product_brand":[],"product_cat":[80],"product_tag":[],"class_list":{"0":"post-2452","1":"product","2":"type-product","3":"status-publish","4":"has-post-thumbnail","6":"product_cat-frutales","8":"first","9":"instock","10":"shipping-taxable","11":"purchasable","12":"product-type-variable","13":"has-default-attributes"},"_links":{"self":[{"href":"https:\/\/qrosoft.mx\/tiendabosquedeniebla\/wp-json\/wp\/v2\/product\/2452","targetHints":{"allow":["GET"]}}],"collection":[{"href":"https:\/\/qrosoft.mx\/tiendabosquedeniebla\/wp-json\/wp\/v2\/product"}],"about":[{"href":"https:\/\/qrosoft.mx\/tiendabosquedeniebla\/wp-json\/wp\/v2\/types\/product"}],"replies":[{"embeddable":true,"href":"https:\/\/qrosoft.mx\/tiendabosquedeniebla\/wp-json\/wp\/v2\/comments?post=2452"}],"wp:featuredmedia":[{"embeddable":true,"href":"https:\/\/qrosoft.mx\/tiendabosquedeniebla\/wp-json\/wp\/v2\/media\/2205"}],"wp:attachment":[{"href":"https:\/\/qrosoft.mx\/tiendabosquedeniebla\/wp-json\/wp\/v2\/media?parent=2452"}],"wp:term":[{"taxonomy":"product_brand","embeddable":true,"href":"https:\/\/qrosoft.mx\/tiendabosquedeniebla\/wp-json\/wp\/v2\/product_brand?post=2452"},{"taxonomy":"product_cat","embeddable":true,"href":"https:\/\/qrosoft.mx\/tiendabosquedeniebla\/wp-json\/wp\/v2\/product_cat?post=2452"},{"taxonomy":"product_tag","embeddable":true,"href":"https:\/\/qrosoft.mx\/tiendabosquedeniebla\/wp-json\/wp\/v2\/product_tag?post=2452"}],"curies":[{"name":"wp","href":"https:\/\/api.w.org\/{rel}","templated":true}]}}