{"id":2451,"date":"2021-05-18T18:28:08","date_gmt":"2021-05-18T23:28:08","guid":{"rendered":"https:\/\/qrosoft.mx\/tiendabosquedeniebla\/product\/insulina\/"},"modified":"2026-01-13T20:03:23","modified_gmt":"2026-01-14T02:03:23","slug":"insulina","status":"publish","type":"product","link":"https:\/\/qrosoft.mx\/tiendabosquedeniebla\/product\/insulina\/","title":{"rendered":"Insulina"},"content":{"rendered":"<h4>Insulina &#8211; <em>Justicia secunda<\/em><\/h4>\n<ul>\n<li><strong>Familia:<\/strong> Acanthaceae<\/li>\n<li><strong>Origen:<\/strong> Am\u00e9rica<\/li>\n<li><strong>Contenido:<\/strong> 1 planta en bolsa<\/li>\n<li><strong>Descripci\u00f3n:<\/strong> Hierba de unos 30 a 60cm de altura, con hojas verde oscuro alargadas, flores en forma de densas espigas rosadas, azules o m\u00e1s raramente blancas, muy fragantes.<\/li>\n<li><strong>Usos:<\/strong> Utilizado como antibi\u00f3tico, bals\u00e1mico, expectorante y digestivo. Tambi\u00e9n como tratamiento para fiebres, cefaleas, hemorroides e hipertensi\u00f3n. Puede ser mel\u00edfera. Las hojas sabor ligeramente amargo e intenso aroma mentolado pueden usarse con moderaci\u00f3n como condimento, tambi\u00e9n en licores.<\/li>\n<li><strong>Clima:<\/strong> Resiste bien las sequ\u00edas, requiere mucho sol y clima c\u00e1lido.<\/li>\n<li><strong>Zonas:<\/strong> 2, 3 y 4.<\/li>\n<li><strong>Siembra:<\/strong> Tolera suelos tanto arcillo-arenosos, como francos y calc\u00e1reos, siempre que cuente con buen drenaje.<\/li>\n<\/ul>\n","protected":false},"excerpt":{"rendered":"<p>Hierba medicinal perenne<\/p>\n","protected":false},"featured_media":4658,"comment_status":"open","ping_status":"closed","template":"","meta":{"inline_featured_image":false,"_monsterinsights_skip_tracking":false,"_monsterinsights_sitenote_active":false,"_monsterinsights_sitenote_note":"","_monsterinsights_sitenote_category":0},"product_brand":[],"product_cat":[260],"product_tag":[],"class_list":{"0":"post-2451","1":"product","2":"type-product","3":"status-publish","4":"has-post-thumbnail","6":"product_cat-medicinales-y-culinarias","8":"first","9":"instock","10":"shipping-taxable","11":"purchasable","12":"product-type-variable","13":"has-default-attributes"},"_links":{"self":[{"href":"https:\/\/qrosoft.mx\/tiendabosquedeniebla\/wp-json\/wp\/v2\/product\/2451","targetHints":{"allow":["GET"]}}],"collection":[{"href":"https:\/\/qrosoft.mx\/tiendabosquedeniebla\/wp-json\/wp\/v2\/product"}],"about":[{"href":"https:\/\/qrosoft.mx\/tiendabosquedeniebla\/wp-json\/wp\/v2\/types\/product"}],"replies":[{"embeddable":true,"href":"https:\/\/qrosoft.mx\/tiendabosquedeniebla\/wp-json\/wp\/v2\/comments?post=2451"}],"wp:featuredmedia":[{"embeddable":true,"href":"https:\/\/qrosoft.mx\/tiendabosquedeniebla\/wp-json\/wp\/v2\/media\/4658"}],"wp:attachment":[{"href":"https:\/\/qrosoft.mx\/tiendabosquedeniebla\/wp-json\/wp\/v2\/media?parent=2451"}],"wp:term":[{"taxonomy":"product_brand","embeddable":true,"href":"https:\/\/qrosoft.mx\/tiendabosquedeniebla\/wp-json\/wp\/v2\/product_brand?post=2451"},{"taxonomy":"product_cat","embeddable":true,"href":"https:\/\/qrosoft.mx\/tiendabosquedeniebla\/wp-json\/wp\/v2\/product_cat?post=2451"},{"taxonomy":"product_tag","embeddable":true,"href":"https:\/\/qrosoft.mx\/tiendabosquedeniebla\/wp-json\/wp\/v2\/product_tag?post=2451"}],"curies":[{"name":"wp","href":"https:\/\/api.w.org\/{rel}","templated":true}]}}