{"id":2449,"date":"2021-05-18T18:28:07","date_gmt":"2021-05-18T23:28:07","guid":{"rendered":"https:\/\/qrosoft.mx\/tiendabosquedeniebla\/product\/huacatay\/"},"modified":"2025-12-28T12:25:00","modified_gmt":"2025-12-28T18:25:00","slug":"huacatay","status":"publish","type":"product","link":"https:\/\/qrosoft.mx\/tiendabosquedeniebla\/product\/huacatay\/","title":{"rendered":"Huacatay"},"content":{"rendered":"<h4><strong>Huacatay &#8211; <em>Tagetes minuta<\/em><\/strong><\/h4>\n<ul>\n<li><strong>Familia:<\/strong> Asteraceae<\/li>\n<li><strong>Origen:<\/strong> Sudam\u00e9rica<\/li>\n<li><strong>Area potencial de siembra por 0.2 g:<\/strong> 30m\u00b2<\/li>\n<li><strong>Semillas por 0.2 g:<\/strong> 180 aprox.<\/li>\n<li><strong>Descripci\u00f3n:<\/strong> Pariente del cempas\u00fachil y de caracter\u00edsticas similares, con flores m\u00e1s peque\u00f1as. Alcanza hasta 1m de altura. De aroma delicioso y penetrante.<\/li>\n<li><strong>Usos:<\/strong> Condimento ampliamente utilizado en variados platillos de la cocina andina desde tiempos ancestrales, ingrediente imprescindible de platillos t\u00edpicos como el Qapchi y la Ocopa. Sus hojas se ocupan en infusi\u00f3n como desinflamante y depurativo natural.<\/li>\n<li><strong>Clima:<\/strong> C\u00e1lido-templado. Amplia distribuci\u00f3n altitudinal, que va desde el nivel del mar y hasta los altiplanos.<\/li>\n<li><strong>Zonas:<\/strong> 1, 2, 3, 4<\/li>\n<li><strong>Siembra:<\/strong> En tiempo de calor. No todas las semillas germinan al mismo tiempo, algunas emergen cada vez que se remueve la tierra.<\/li>\n<\/ul>\n","protected":false},"excerpt":{"rendered":"<p>Planta anual de hasta 60cm alto, culinaria<\/p>\n","protected":false},"featured_media":4663,"comment_status":"open","ping_status":"closed","template":"","meta":{"inline_featured_image":false,"_monsterinsights_skip_tracking":false,"_monsterinsights_sitenote_active":false,"_monsterinsights_sitenote_note":"","_monsterinsights_sitenote_category":0},"product_brand":[],"product_cat":[260],"product_tag":[],"class_list":{"0":"post-2449","1":"product","2":"type-product","3":"status-publish","4":"has-post-thumbnail","6":"product_cat-medicinales-y-culinarias","8":"first","9":"instock","10":"shipping-taxable","11":"purchasable","12":"product-type-variable","13":"has-default-attributes"},"_links":{"self":[{"href":"https:\/\/qrosoft.mx\/tiendabosquedeniebla\/wp-json\/wp\/v2\/product\/2449","targetHints":{"allow":["GET"]}}],"collection":[{"href":"https:\/\/qrosoft.mx\/tiendabosquedeniebla\/wp-json\/wp\/v2\/product"}],"about":[{"href":"https:\/\/qrosoft.mx\/tiendabosquedeniebla\/wp-json\/wp\/v2\/types\/product"}],"replies":[{"embeddable":true,"href":"https:\/\/qrosoft.mx\/tiendabosquedeniebla\/wp-json\/wp\/v2\/comments?post=2449"}],"wp:featuredmedia":[{"embeddable":true,"href":"https:\/\/qrosoft.mx\/tiendabosquedeniebla\/wp-json\/wp\/v2\/media\/4663"}],"wp:attachment":[{"href":"https:\/\/qrosoft.mx\/tiendabosquedeniebla\/wp-json\/wp\/v2\/media?parent=2449"}],"wp:term":[{"taxonomy":"product_brand","embeddable":true,"href":"https:\/\/qrosoft.mx\/tiendabosquedeniebla\/wp-json\/wp\/v2\/product_brand?post=2449"},{"taxonomy":"product_cat","embeddable":true,"href":"https:\/\/qrosoft.mx\/tiendabosquedeniebla\/wp-json\/wp\/v2\/product_cat?post=2449"},{"taxonomy":"product_tag","embeddable":true,"href":"https:\/\/qrosoft.mx\/tiendabosquedeniebla\/wp-json\/wp\/v2\/product_tag?post=2449"}],"curies":[{"name":"wp","href":"https:\/\/api.w.org\/{rel}","templated":true}]}}