{"id":2448,"date":"2021-05-18T18:28:06","date_gmt":"2021-05-18T23:28:06","guid":{"rendered":"https:\/\/qrosoft.mx\/tiendabosquedeniebla\/product\/hortencia\/"},"modified":"2025-12-15T09:15:30","modified_gmt":"2025-12-15T15:15:30","slug":"hortensia","status":"publish","type":"product","link":"https:\/\/qrosoft.mx\/tiendabosquedeniebla\/product\/hortensia\/","title":{"rendered":"Hortensia"},"content":{"rendered":"<h4>Hortencia &#8211; <em>Hydrangea macrophyla<\/em><\/h4>\n<ul>\n<li><strong>Familia:<\/strong> Hydrangeaceae<\/li>\n<li><strong>Origen:<\/strong> Jap\u00f3n<\/li>\n<li><strong>Descripci\u00f3n:<\/strong> arbusto de 1 a 3m de altura que destaca por sus hermosas flores agrupadas en grandes y vistoso racimos. La coloraci\u00f3n es generalmente azul, pero puede variar de blanco hasta morado seg\u00fan la acidez del suelo. Las flores aparecen en primavera.<\/li>\n<li><strong>Usos:<\/strong> Principalmente ornamental, tambi\u00e9n utilizado como seto o barrera viva. Indicador del pH del suelo. Sus ra\u00edces contienen propiedades desinflamatorias que benefician el sistema inmunol\u00f3gico. Excelente diur\u00e9tico, previene la formaci\u00f3n de c\u00e1lculos renales y ayuda a expulsarlos.<\/li>\n<li><strong>Clima:<\/strong> Subtropical, templado y fr\u00edo.<\/li>\n<li><strong>Zonas:<\/strong> 2, 3 C 4.<\/li>\n<li><strong>Siembra:<\/strong> Sembrar en sol, requiere riego abundante.<\/li>\n<\/ul>\n","protected":false},"excerpt":{"rendered":"<p>Flor de ornato perenne<\/p>\n","protected":false},"featured_media":4547,"comment_status":"open","ping_status":"closed","template":"","meta":{"inline_featured_image":false,"_monsterinsights_skip_tracking":false,"_monsterinsights_sitenote_active":false,"_monsterinsights_sitenote_note":"","_monsterinsights_sitenote_category":0},"product_brand":[],"product_cat":[799],"product_tag":[],"class_list":{"0":"post-2448","1":"product","2":"type-product","3":"status-publish","4":"has-post-thumbnail","6":"product_cat-ornamentales","8":"first","9":"instock","10":"shipping-taxable","11":"purchasable","12":"product-type-variable","13":"has-default-attributes"},"_links":{"self":[{"href":"https:\/\/qrosoft.mx\/tiendabosquedeniebla\/wp-json\/wp\/v2\/product\/2448","targetHints":{"allow":["GET"]}}],"collection":[{"href":"https:\/\/qrosoft.mx\/tiendabosquedeniebla\/wp-json\/wp\/v2\/product"}],"about":[{"href":"https:\/\/qrosoft.mx\/tiendabosquedeniebla\/wp-json\/wp\/v2\/types\/product"}],"replies":[{"embeddable":true,"href":"https:\/\/qrosoft.mx\/tiendabosquedeniebla\/wp-json\/wp\/v2\/comments?post=2448"}],"wp:featuredmedia":[{"embeddable":true,"href":"https:\/\/qrosoft.mx\/tiendabosquedeniebla\/wp-json\/wp\/v2\/media\/4547"}],"wp:attachment":[{"href":"https:\/\/qrosoft.mx\/tiendabosquedeniebla\/wp-json\/wp\/v2\/media?parent=2448"}],"wp:term":[{"taxonomy":"product_brand","embeddable":true,"href":"https:\/\/qrosoft.mx\/tiendabosquedeniebla\/wp-json\/wp\/v2\/product_brand?post=2448"},{"taxonomy":"product_cat","embeddable":true,"href":"https:\/\/qrosoft.mx\/tiendabosquedeniebla\/wp-json\/wp\/v2\/product_cat?post=2448"},{"taxonomy":"product_tag","embeddable":true,"href":"https:\/\/qrosoft.mx\/tiendabosquedeniebla\/wp-json\/wp\/v2\/product_tag?post=2448"}],"curies":[{"name":"wp","href":"https:\/\/api.w.org\/{rel}","templated":true}]}}