{"id":2445,"date":"2021-05-18T18:28:05","date_gmt":"2021-05-18T23:28:05","guid":{"rendered":"https:\/\/qrosoft.mx\/tiendabosquedeniebla\/product\/hierba-gatera\/"},"modified":"2026-01-13T20:03:23","modified_gmt":"2026-01-14T02:03:23","slug":"hierba-gatera","status":"publish","type":"product","link":"https:\/\/qrosoft.mx\/tiendabosquedeniebla\/product\/hierba-gatera\/","title":{"rendered":"Hierba gatera"},"content":{"rendered":"<h4>Hierba gatera &#8211; <em>Nepeta cataria<\/em><\/h4>\n<ul>\n<li><strong>Familia:<\/strong> Lamiaceae<\/li>\n<li><strong>Descripci\u00f3n:<\/strong> Hierba perenne de hasta 1m de alto, de hojas peque\u00f1as dentadas.<\/li>\n<li><strong>Usos:<\/strong> Diur\u00e9tica, estimula la menstruaci\u00f3n, digestiva, relajante, estimula la circulaci\u00f3n, disminuye la temperatura, el dolor de reuma, artritis y hemorroides. Se le conoce como hierba gatera por que el aroma de la planta les gusta a los gatos y se tallan en ella.<\/li>\n<li><strong>Clima:<\/strong> Templado a fr\u00edo. Regiones monta\u00f1osas por arriba de los 1,500msnm.<\/li>\n<li><strong>Zonas:<\/strong> 3 y 4<\/li>\n<li><strong>Siembra:<\/strong> En lugar soleado, con suelos poco f\u00e9rtiles.<\/li>\n<\/ul>\n","protected":false},"excerpt":{"rendered":"<p>Hierba perenne medicinal<\/p>\n","protected":false},"featured_media":2197,"comment_status":"open","ping_status":"closed","template":"","meta":{"inline_featured_image":false,"_monsterinsights_skip_tracking":false,"_monsterinsights_sitenote_active":false,"_monsterinsights_sitenote_note":"","_monsterinsights_sitenote_category":0},"product_brand":[],"product_cat":[260],"product_tag":[],"class_list":{"0":"post-2445","1":"product","2":"type-product","3":"status-publish","4":"has-post-thumbnail","6":"product_cat-medicinales-y-culinarias","8":"first","9":"instock","10":"shipping-taxable","11":"purchasable","12":"product-type-variable","13":"has-default-attributes"},"_links":{"self":[{"href":"https:\/\/qrosoft.mx\/tiendabosquedeniebla\/wp-json\/wp\/v2\/product\/2445","targetHints":{"allow":["GET"]}}],"collection":[{"href":"https:\/\/qrosoft.mx\/tiendabosquedeniebla\/wp-json\/wp\/v2\/product"}],"about":[{"href":"https:\/\/qrosoft.mx\/tiendabosquedeniebla\/wp-json\/wp\/v2\/types\/product"}],"replies":[{"embeddable":true,"href":"https:\/\/qrosoft.mx\/tiendabosquedeniebla\/wp-json\/wp\/v2\/comments?post=2445"}],"wp:featuredmedia":[{"embeddable":true,"href":"https:\/\/qrosoft.mx\/tiendabosquedeniebla\/wp-json\/wp\/v2\/media\/2197"}],"wp:attachment":[{"href":"https:\/\/qrosoft.mx\/tiendabosquedeniebla\/wp-json\/wp\/v2\/media?parent=2445"}],"wp:term":[{"taxonomy":"product_brand","embeddable":true,"href":"https:\/\/qrosoft.mx\/tiendabosquedeniebla\/wp-json\/wp\/v2\/product_brand?post=2445"},{"taxonomy":"product_cat","embeddable":true,"href":"https:\/\/qrosoft.mx\/tiendabosquedeniebla\/wp-json\/wp\/v2\/product_cat?post=2445"},{"taxonomy":"product_tag","embeddable":true,"href":"https:\/\/qrosoft.mx\/tiendabosquedeniebla\/wp-json\/wp\/v2\/product_tag?post=2445"}],"curies":[{"name":"wp","href":"https:\/\/api.w.org\/{rel}","templated":true}]}}