{"id":2442,"date":"2021-05-18T18:28:01","date_gmt":"2021-05-18T23:28:01","guid":{"rendered":"https:\/\/qrosoft.mx\/tiendabosquedeniebla\/product\/hierba-buena\/"},"modified":"2025-12-15T09:12:21","modified_gmt":"2025-12-15T15:12:21","slug":"hierba-buena","status":"publish","type":"product","link":"https:\/\/qrosoft.mx\/tiendabosquedeniebla\/product\/hierba-buena\/","title":{"rendered":"Hierba buena"},"content":{"rendered":"<h4>Hierba buena &#8211; <em>Mentha spicata<\/em><\/h4>\n<ul>\n<li><strong>Familia:<\/strong> Lamiaceae<\/li>\n<li><strong>Origen:<\/strong> Europa<\/li>\n<li><strong>Descripci\u00f3n:<\/strong> Hierba perenne de 40 a 60cm de alto, con tallos rastreros.<\/li>\n<li><strong>Usos:<\/strong> Las hojas en t\u00e9 tienen propiedades calmantes, digestivas, para aliviar las nauseas y los v\u00f3mitos. Tambi\u00e9n se usa como condimento.<\/li>\n<li><strong>Clima:<\/strong> Templado con elevada luminosidad, de 500 a 3,500msnm.<\/li>\n<li><strong>Zonas:<\/strong> 2, 3, 4 y 5.<\/li>\n<li><strong>Siembra:<\/strong> A distancia de 40cm entre plantas. Necesita riego abundante hasta que se establezca el cultivo.<\/li>\n<\/ul>\n","protected":false},"excerpt":{"rendered":"<p>Hierba perenne medicinal y culinaria <\/p>\n","protected":false},"featured_media":2194,"comment_status":"open","ping_status":"closed","template":"","meta":{"inline_featured_image":false,"_monsterinsights_skip_tracking":false,"_monsterinsights_sitenote_active":false,"_monsterinsights_sitenote_note":"","_monsterinsights_sitenote_category":0},"product_brand":[],"product_cat":[260],"product_tag":[],"class_list":{"0":"post-2442","1":"product","2":"type-product","3":"status-publish","4":"has-post-thumbnail","6":"product_cat-medicinales-y-culinarias","8":"first","9":"instock","10":"shipping-taxable","11":"purchasable","12":"product-type-variable","13":"has-default-attributes"},"_links":{"self":[{"href":"https:\/\/qrosoft.mx\/tiendabosquedeniebla\/wp-json\/wp\/v2\/product\/2442","targetHints":{"allow":["GET"]}}],"collection":[{"href":"https:\/\/qrosoft.mx\/tiendabosquedeniebla\/wp-json\/wp\/v2\/product"}],"about":[{"href":"https:\/\/qrosoft.mx\/tiendabosquedeniebla\/wp-json\/wp\/v2\/types\/product"}],"replies":[{"embeddable":true,"href":"https:\/\/qrosoft.mx\/tiendabosquedeniebla\/wp-json\/wp\/v2\/comments?post=2442"}],"wp:featuredmedia":[{"embeddable":true,"href":"https:\/\/qrosoft.mx\/tiendabosquedeniebla\/wp-json\/wp\/v2\/media\/2194"}],"wp:attachment":[{"href":"https:\/\/qrosoft.mx\/tiendabosquedeniebla\/wp-json\/wp\/v2\/media?parent=2442"}],"wp:term":[{"taxonomy":"product_brand","embeddable":true,"href":"https:\/\/qrosoft.mx\/tiendabosquedeniebla\/wp-json\/wp\/v2\/product_brand?post=2442"},{"taxonomy":"product_cat","embeddable":true,"href":"https:\/\/qrosoft.mx\/tiendabosquedeniebla\/wp-json\/wp\/v2\/product_cat?post=2442"},{"taxonomy":"product_tag","embeddable":true,"href":"https:\/\/qrosoft.mx\/tiendabosquedeniebla\/wp-json\/wp\/v2\/product_tag?post=2442"}],"curies":[{"name":"wp","href":"https:\/\/api.w.org\/{rel}","templated":true}]}}