{"id":2441,"date":"2021-05-18T18:28:01","date_gmt":"2021-05-18T23:28:01","guid":{"rendered":"https:\/\/qrosoft.mx\/tiendabosquedeniebla\/product\/hibisco-comestible\/"},"modified":"2026-04-21T01:42:03","modified_gmt":"2026-04-21T06:42:03","slug":"hibisco-comestible","status":"publish","type":"product","link":"https:\/\/qrosoft.mx\/tiendabosquedeniebla\/product\/hibisco-comestible\/","title":{"rendered":"Hibisco comestible"},"content":{"rendered":"<h4>Hibisco comestible &#8211; <em>Hibiscus acetosella<\/em><\/h4>\n<ul>\n<li><strong>Familia:<\/strong> Malvaceae<\/li>\n<li><strong>Origen:<\/strong> \u00c1frica y Am\u00e9rica Hibisco comestible<\/li>\n<li><strong>Descripci\u00f3n:<\/strong> Planta anual con hojas rojas, sus son flores rosas con nervaduras rojas y duran s\u00f3lo un d\u00eda.<\/li>\n<li><strong>Usos:<\/strong> Hojas comestibles de sabor \u00e1cido que se utilizan tiernas en ensaladas o picadas en frituras. Sus grasas se utilizan desde la Florida hasta Am\u00e9rica del Sur para hacer una bebida con sabor parecido al ar\u00e1ndano agrio.<\/li>\n<li><strong>Clima:<\/strong> Templado a c\u00e1lido. No soporta las heladas.<\/li>\n<li><strong>Zonas:<\/strong> 2, 3 y 4.<\/li>\n<li><strong>Siembra:<\/strong> Prefiere lugares soleados, con buena humedad pero no estancados. Puede crecer en todo tipo de suelos.<\/li>\n<\/ul>\n","protected":false},"excerpt":{"rendered":"<p>Arbusto perenne de hojas comestibles<\/p>\n","protected":false},"featured_media":4594,"comment_status":"open","ping_status":"closed","template":"","meta":{"inline_featured_image":false,"_monsterinsights_skip_tracking":false,"_monsterinsights_sitenote_active":false,"_monsterinsights_sitenote_note":"","_monsterinsights_sitenote_category":0},"product_brand":[],"product_cat":[803],"product_tag":[],"class_list":{"0":"post-2441","1":"product","2":"type-product","3":"status-publish","4":"has-post-thumbnail","6":"product_cat-hortalizas-varias","8":"first","9":"outofstock","10":"shipping-taxable","11":"purchasable","12":"product-type-variable","13":"has-default-attributes"},"_links":{"self":[{"href":"https:\/\/qrosoft.mx\/tiendabosquedeniebla\/wp-json\/wp\/v2\/product\/2441","targetHints":{"allow":["GET"]}}],"collection":[{"href":"https:\/\/qrosoft.mx\/tiendabosquedeniebla\/wp-json\/wp\/v2\/product"}],"about":[{"href":"https:\/\/qrosoft.mx\/tiendabosquedeniebla\/wp-json\/wp\/v2\/types\/product"}],"replies":[{"embeddable":true,"href":"https:\/\/qrosoft.mx\/tiendabosquedeniebla\/wp-json\/wp\/v2\/comments?post=2441"}],"wp:featuredmedia":[{"embeddable":true,"href":"https:\/\/qrosoft.mx\/tiendabosquedeniebla\/wp-json\/wp\/v2\/media\/4594"}],"wp:attachment":[{"href":"https:\/\/qrosoft.mx\/tiendabosquedeniebla\/wp-json\/wp\/v2\/media?parent=2441"}],"wp:term":[{"taxonomy":"product_brand","embeddable":true,"href":"https:\/\/qrosoft.mx\/tiendabosquedeniebla\/wp-json\/wp\/v2\/product_brand?post=2441"},{"taxonomy":"product_cat","embeddable":true,"href":"https:\/\/qrosoft.mx\/tiendabosquedeniebla\/wp-json\/wp\/v2\/product_cat?post=2441"},{"taxonomy":"product_tag","embeddable":true,"href":"https:\/\/qrosoft.mx\/tiendabosquedeniebla\/wp-json\/wp\/v2\/product_tag?post=2441"}],"curies":[{"name":"wp","href":"https:\/\/api.w.org\/{rel}","templated":true}]}}