{"id":2440,"date":"2021-05-18T18:28:00","date_gmt":"2021-05-18T23:28:00","guid":{"rendered":"https:\/\/qrosoft.mx\/tiendabosquedeniebla\/product\/helecho-comestible-paku\/"},"modified":"2026-01-02T13:14:01","modified_gmt":"2026-01-02T19:14:01","slug":"helecho-comestible-paku","status":"publish","type":"product","link":"https:\/\/qrosoft.mx\/tiendabosquedeniebla\/product\/helecho-comestible-paku\/","title":{"rendered":"Helecho comestible Pak\u00fa"},"content":{"rendered":"<h4><strong>Helecho comestible Paku <\/strong><strong>&#8211; <em>Diplazium esculentum<\/em><\/strong><\/h4>\n<ul>\n<li><strong>Familia:<\/strong> Athyriaceae<\/li>\n<li><strong>Origen:<\/strong> Sur de Asia, Ocean\u00eda<\/li>\n<li><strong>Descripci\u00f3n:<\/strong> Helecho perenne de hasta 1.5 m de alto. Ra\u00edz principal de almacenamiento corpulento, tronco le\u00f1oso y erecto, rodeado de peque\u00f1as ra\u00edces negras, de 20 a 50cm de largo. Hojas de 25 a 40cm de ancho y 50 a 80 de largo, con tallos de 20 a 50cm.<\/li>\n<li><strong>Usos:<\/strong> Brotes comestibles que aportan antioxidantes y vitamina E. Considerado un manjar en algunos lugares de Asia. Las ra\u00edces se utilizan como base para orqu\u00eddeas.<\/li>\n<li><strong>Clima:<\/strong> Tropical, c\u00e1lido y h\u00famedo. Sensible al fr\u00edo.<\/li>\n<li><strong>Zonas:<\/strong> 1, 2, 3.<\/li>\n<li><strong>Siembra:<\/strong> En sombra parcial, prefiere suelos \u00e1cidos y la humedad.<\/li>\n<\/ul>\n","protected":false},"excerpt":{"rendered":"<p>Helecho perenne comestible de clima tropical<\/p>\n","protected":false},"featured_media":5066,"comment_status":"open","ping_status":"closed","template":"","meta":{"inline_featured_image":false,"_monsterinsights_skip_tracking":false,"_monsterinsights_sitenote_active":false,"_monsterinsights_sitenote_note":"","_monsterinsights_sitenote_category":0},"product_brand":[],"product_cat":[181],"product_tag":[],"class_list":{"0":"post-2440","1":"product","2":"type-product","3":"status-publish","4":"has-post-thumbnail","6":"product_cat-hojas-comestibles","8":"first","9":"instock","10":"shipping-taxable","11":"purchasable","12":"product-type-variable"},"_links":{"self":[{"href":"https:\/\/qrosoft.mx\/tiendabosquedeniebla\/wp-json\/wp\/v2\/product\/2440","targetHints":{"allow":["GET"]}}],"collection":[{"href":"https:\/\/qrosoft.mx\/tiendabosquedeniebla\/wp-json\/wp\/v2\/product"}],"about":[{"href":"https:\/\/qrosoft.mx\/tiendabosquedeniebla\/wp-json\/wp\/v2\/types\/product"}],"replies":[{"embeddable":true,"href":"https:\/\/qrosoft.mx\/tiendabosquedeniebla\/wp-json\/wp\/v2\/comments?post=2440"}],"wp:featuredmedia":[{"embeddable":true,"href":"https:\/\/qrosoft.mx\/tiendabosquedeniebla\/wp-json\/wp\/v2\/media\/5066"}],"wp:attachment":[{"href":"https:\/\/qrosoft.mx\/tiendabosquedeniebla\/wp-json\/wp\/v2\/media?parent=2440"}],"wp:term":[{"taxonomy":"product_brand","embeddable":true,"href":"https:\/\/qrosoft.mx\/tiendabosquedeniebla\/wp-json\/wp\/v2\/product_brand?post=2440"},{"taxonomy":"product_cat","embeddable":true,"href":"https:\/\/qrosoft.mx\/tiendabosquedeniebla\/wp-json\/wp\/v2\/product_cat?post=2440"},{"taxonomy":"product_tag","embeddable":true,"href":"https:\/\/qrosoft.mx\/tiendabosquedeniebla\/wp-json\/wp\/v2\/product_tag?post=2440"}],"curies":[{"name":"wp","href":"https:\/\/api.w.org\/{rel}","templated":true}]}}