{"id":2432,"date":"2021-05-18T18:27:57","date_gmt":"2021-05-18T23:27:57","guid":{"rendered":"https:\/\/qrosoft.mx\/tiendabosquedeniebla\/product\/guaje-comestible\/"},"modified":"2025-12-15T09:16:30","modified_gmt":"2025-12-15T15:16:30","slug":"guaje-comestible","status":"publish","type":"product","link":"https:\/\/qrosoft.mx\/tiendabosquedeniebla\/product\/guaje-comestible\/","title":{"rendered":"Guaje comestible"},"content":{"rendered":"<h4><strong>Guaje comestible<\/strong><strong> &#8211; <em>Leucaena sp.<\/em><\/strong><\/h4>\n<ul>\n<li><strong>Familia:<\/strong> Fabaceae<\/li>\n<li><strong>Origen:<\/strong> Am\u00e9rica.<\/li>\n<li><strong>Usos:<\/strong> Las semillas son comestibles,<\/li>\n<li><strong>Descripci\u00f3n:<\/strong> \u00c1rbol caducifolio de hasta 12m de alto y 25cm de di\u00e1metro.<\/li>\n<li><strong>Usos:<\/strong> Guaje de semillas comestibles. Sus hojas y vainas se ocupan como alimento rico en nutrientes para el ganado. Se ocupa como abono verde y para conservaci\u00f3n de suelos. Es fijadora de nitr\u00f3geno, productora de le\u00f1a, provee sombra para cafetales y es buen tutor para enredaderas. Soporta el manejo de poda y rebrote. \u00datil para cultivo en callejones, huertos, bosque comestible y sistemas silvopastoriles.<\/li>\n<li><strong>Clima:<\/strong> Regiones tropicales y subtropicales h\u00famedas, sub-h\u00famedas y \u00e1ridas. Altitud de 0 a 1,400m s. n. m.<\/li>\n<li><strong>Zonas:<\/strong> 1, 2, 3 y 5.<\/li>\n<li><strong>Siembra:<\/strong> Disperso en el bosque huerto comestible, a 50cm entre plantas en cultivo en callejones y sistemas silvopastoriles.<\/li>\n<\/ul>\n","protected":false},"excerpt":{"rendered":"<p>\u00c1rbol fijador de nitr\u00f3geno y de vainas comestibles<\/p>\n","protected":false},"featured_media":2182,"comment_status":"open","ping_status":"closed","template":"","meta":{"inline_featured_image":false,"_monsterinsights_skip_tracking":false,"_monsterinsights_sitenote_active":false,"_monsterinsights_sitenote_note":"","_monsterinsights_sitenote_category":0},"product_brand":[],"product_cat":[84],"product_tag":[],"class_list":{"0":"post-2432","1":"product","2":"type-product","3":"status-publish","4":"has-post-thumbnail","6":"product_cat-fijadoras-de-nitrogeno","8":"first","9":"instock","10":"shipping-taxable","11":"purchasable","12":"product-type-variable"},"_links":{"self":[{"href":"https:\/\/qrosoft.mx\/tiendabosquedeniebla\/wp-json\/wp\/v2\/product\/2432","targetHints":{"allow":["GET"]}}],"collection":[{"href":"https:\/\/qrosoft.mx\/tiendabosquedeniebla\/wp-json\/wp\/v2\/product"}],"about":[{"href":"https:\/\/qrosoft.mx\/tiendabosquedeniebla\/wp-json\/wp\/v2\/types\/product"}],"replies":[{"embeddable":true,"href":"https:\/\/qrosoft.mx\/tiendabosquedeniebla\/wp-json\/wp\/v2\/comments?post=2432"}],"wp:featuredmedia":[{"embeddable":true,"href":"https:\/\/qrosoft.mx\/tiendabosquedeniebla\/wp-json\/wp\/v2\/media\/2182"}],"wp:attachment":[{"href":"https:\/\/qrosoft.mx\/tiendabosquedeniebla\/wp-json\/wp\/v2\/media?parent=2432"}],"wp:term":[{"taxonomy":"product_brand","embeddable":true,"href":"https:\/\/qrosoft.mx\/tiendabosquedeniebla\/wp-json\/wp\/v2\/product_brand?post=2432"},{"taxonomy":"product_cat","embeddable":true,"href":"https:\/\/qrosoft.mx\/tiendabosquedeniebla\/wp-json\/wp\/v2\/product_cat?post=2432"},{"taxonomy":"product_tag","embeddable":true,"href":"https:\/\/qrosoft.mx\/tiendabosquedeniebla\/wp-json\/wp\/v2\/product_tag?post=2432"}],"curies":[{"name":"wp","href":"https:\/\/api.w.org\/{rel}","templated":true}]}}