{"id":2431,"date":"2021-05-18T18:27:54","date_gmt":"2021-05-18T23:27:54","guid":{"rendered":"https:\/\/qrosoft.mx\/tiendabosquedeniebla\/product\/guaje\/"},"modified":"2025-12-15T09:16:30","modified_gmt":"2025-12-15T15:16:30","slug":"guaje-rojo","status":"publish","type":"product","link":"https:\/\/qrosoft.mx\/tiendabosquedeniebla\/product\/guaje-rojo\/","title":{"rendered":"Guaje rojo"},"content":{"rendered":"<h4><strong>Guaje rojo &#8211; <em>Leucaena pulverulenta<\/em><\/strong><\/h4>\n<ul>\n<li><strong>Familia:<\/strong> Fabaceae<\/li>\n<li><strong>Origen:<\/strong> Am\u00e9rica.<\/li>\n<li><strong>Area potencial de siembra por 1.2 g:<\/strong> 40m\u00b2<\/li>\n<li><strong>Semillas por 1.2 g:<\/strong> 90 aprox.<\/li>\n<li><strong>Descripci\u00f3n:<\/strong> \u00c1rbol caducifolio de hasta 12m de alto y 25cm de di\u00e1metro.<\/li>\n<li><strong>Usos:<\/strong> Fijadora de nitr\u00f3geno, producci\u00f3n de le\u00f1a, sombra para cafetales, buen tutor para enredaderas como \u00f1ame, chayote, etc. Soporta manejo de poda y rebrote. \u00datil para cultivo en callejones, huertos bosque comestibles y sistemas silvopastoriles.<\/li>\n<li><strong>Clima:<\/strong> Regiones tropicales y subtropicales h\u00famedas, sub-h\u00famedas y \u00e1ridas. Altitud de 0 a 1,400m s. n. m.<\/li>\n<li><strong>Zonas:<\/strong> 3, 4, 5<\/li>\n<li><strong>Siembra:<\/strong> Disperso en el bosque huerto comestible, a 50cm entre plantas en cultivo en callejones y sistemas agroforestales y a 2 X 2m en bancos para producci\u00f3n de le\u00f1a. Para acelerar la germinaci\u00f3n, meter semillas en bolsa de tela. Retirar agua del fuego al hervir y hundir la bolsa por 5 min. Pasar semillas a agua a temperatura ambiente y revisarlas cada 12 hrs. Las semillas que se hayan hinchado estar\u00e1n pr\u00f3ximas a germinar y se pueden sembrar.<\/li>\n<\/ul>\n","protected":false},"excerpt":{"rendered":"<p>\u00c1rbol fijador de nitr\u00f3geno<\/p>\n","protected":false},"featured_media":2181,"comment_status":"open","ping_status":"closed","template":"","meta":{"inline_featured_image":false,"_monsterinsights_skip_tracking":false,"_monsterinsights_sitenote_active":false,"_monsterinsights_sitenote_note":"","_monsterinsights_sitenote_category":0},"product_brand":[],"product_cat":[84],"product_tag":[],"class_list":{"0":"post-2431","1":"product","2":"type-product","3":"status-publish","4":"has-post-thumbnail","6":"product_cat-fijadoras-de-nitrogeno","8":"first","9":"instock","10":"shipping-taxable","11":"purchasable","12":"product-type-variable","13":"has-default-attributes"},"_links":{"self":[{"href":"https:\/\/qrosoft.mx\/tiendabosquedeniebla\/wp-json\/wp\/v2\/product\/2431","targetHints":{"allow":["GET"]}}],"collection":[{"href":"https:\/\/qrosoft.mx\/tiendabosquedeniebla\/wp-json\/wp\/v2\/product"}],"about":[{"href":"https:\/\/qrosoft.mx\/tiendabosquedeniebla\/wp-json\/wp\/v2\/types\/product"}],"replies":[{"embeddable":true,"href":"https:\/\/qrosoft.mx\/tiendabosquedeniebla\/wp-json\/wp\/v2\/comments?post=2431"}],"wp:featuredmedia":[{"embeddable":true,"href":"https:\/\/qrosoft.mx\/tiendabosquedeniebla\/wp-json\/wp\/v2\/media\/2181"}],"wp:attachment":[{"href":"https:\/\/qrosoft.mx\/tiendabosquedeniebla\/wp-json\/wp\/v2\/media?parent=2431"}],"wp:term":[{"taxonomy":"product_brand","embeddable":true,"href":"https:\/\/qrosoft.mx\/tiendabosquedeniebla\/wp-json\/wp\/v2\/product_brand?post=2431"},{"taxonomy":"product_cat","embeddable":true,"href":"https:\/\/qrosoft.mx\/tiendabosquedeniebla\/wp-json\/wp\/v2\/product_cat?post=2431"},{"taxonomy":"product_tag","embeddable":true,"href":"https:\/\/qrosoft.mx\/tiendabosquedeniebla\/wp-json\/wp\/v2\/product_tag?post=2431"}],"curies":[{"name":"wp","href":"https:\/\/api.w.org\/{rel}","templated":true}]}}