{"id":2429,"date":"2021-05-18T18:27:53","date_gmt":"2021-05-18T23:27:53","guid":{"rendered":"https:\/\/qrosoft.mx\/tiendabosquedeniebla\/product\/granada-de-semilla\/"},"modified":"2026-01-13T20:03:25","modified_gmt":"2026-01-14T02:03:25","slug":"granada","status":"publish","type":"product","link":"https:\/\/qrosoft.mx\/tiendabosquedeniebla\/product\/granada\/","title":{"rendered":"Granada"},"content":{"rendered":"<h4><strong>Granada &#8211; <em>Punica granatum<\/em><\/strong><\/h4>\n<ul>\n<li><strong>Familia:<\/strong> Lythraceae<\/li>\n<li><strong>Origen:<\/strong> Sur de Asia (Ir\u00e1n y Afganist\u00e1n)<\/li>\n<li><strong>Descripci\u00f3n:<\/strong> Arbusto semicaducifolio de 2 a 6m de altura con una copa de 3 a 4m. Flores rojas-anaranjadas muy vistosas. Frutos del tama\u00f1o de una naranja, con semillas rodeadas de una pulpa jugosa, rojiza, algo \u00e1cida y perfumada, con buen sabor.<\/li>\n<li><strong>Usos:<\/strong> Fruta fresca comestible, arbusto ornamental.<\/li>\n<li><strong>Clima:<\/strong> Subtropical, prefiere zonas secas y c\u00e1lidas o templadas. Altitud de 600 a 1800m s. n. m. Resistente a altas temperaturas y a la sequ\u00eda, sus brotes se queman con las heladas pero reto\u00f1an a menos que sean heladas muy fuertes, menores a -15\u00b0C, donde la planta muere.<\/li>\n<li><strong>Zonas:<\/strong> 2, 3 y 5.<\/li>\n<li><strong>Siembra:<\/strong> En lugar soleado a una distancia de 4 o 5m entre plantas. Prefiere suelos arcillosos, profundos, frescos y pesados, pero soporta suelos encharcados y hasta cerca del mar.<\/li>\n<\/ul>\n","protected":false},"excerpt":{"rendered":"<p>Frutal de clima templado y mediterr\u00e1neo<\/p>\n","protected":false},"featured_media":4643,"comment_status":"open","ping_status":"closed","template":"","meta":{"inline_featured_image":false,"_monsterinsights_skip_tracking":false,"_monsterinsights_sitenote_active":false,"_monsterinsights_sitenote_note":"","_monsterinsights_sitenote_category":0},"product_brand":[],"product_cat":[80],"product_tag":[],"class_list":{"0":"post-2429","1":"product","2":"type-product","3":"status-publish","4":"has-post-thumbnail","6":"product_cat-frutales","8":"first","9":"instock","10":"shipping-taxable","11":"purchasable","12":"product-type-variable"},"_links":{"self":[{"href":"https:\/\/qrosoft.mx\/tiendabosquedeniebla\/wp-json\/wp\/v2\/product\/2429","targetHints":{"allow":["GET"]}}],"collection":[{"href":"https:\/\/qrosoft.mx\/tiendabosquedeniebla\/wp-json\/wp\/v2\/product"}],"about":[{"href":"https:\/\/qrosoft.mx\/tiendabosquedeniebla\/wp-json\/wp\/v2\/types\/product"}],"replies":[{"embeddable":true,"href":"https:\/\/qrosoft.mx\/tiendabosquedeniebla\/wp-json\/wp\/v2\/comments?post=2429"}],"wp:featuredmedia":[{"embeddable":true,"href":"https:\/\/qrosoft.mx\/tiendabosquedeniebla\/wp-json\/wp\/v2\/media\/4643"}],"wp:attachment":[{"href":"https:\/\/qrosoft.mx\/tiendabosquedeniebla\/wp-json\/wp\/v2\/media?parent=2429"}],"wp:term":[{"taxonomy":"product_brand","embeddable":true,"href":"https:\/\/qrosoft.mx\/tiendabosquedeniebla\/wp-json\/wp\/v2\/product_brand?post=2429"},{"taxonomy":"product_cat","embeddable":true,"href":"https:\/\/qrosoft.mx\/tiendabosquedeniebla\/wp-json\/wp\/v2\/product_cat?post=2429"},{"taxonomy":"product_tag","embeddable":true,"href":"https:\/\/qrosoft.mx\/tiendabosquedeniebla\/wp-json\/wp\/v2\/product_tag?post=2429"}],"curies":[{"name":"wp","href":"https:\/\/api.w.org\/{rel}","templated":true}]}}