{"id":2423,"date":"2021-05-18T18:27:50","date_gmt":"2021-05-18T23:27:50","guid":{"rendered":"https:\/\/qrosoft.mx\/tiendabosquedeniebla\/product\/giganton\/"},"modified":"2026-01-16T22:39:04","modified_gmt":"2026-01-17T04:39:04","slug":"giganton","status":"publish","type":"product","link":"https:\/\/qrosoft.mx\/tiendabosquedeniebla\/product\/giganton\/","title":{"rendered":"Gigant\u00f3n"},"content":{"rendered":"<h4><strong>Gigant\u00f3n &#8211;\u00a0<em>Tithonia diversifolia<\/em><\/strong><\/h4>\n<ul>\n<li><strong>Familia:<\/strong> Asteraceae<\/li>\n<li><strong>Origen:<\/strong> M\u00e9xico y Centroam\u00e9rica<\/li>\n<li><strong>Descripci\u00f3n:<\/strong> Arbusto perenne de mas de dos metros de altura.<\/li>\n<li><strong>Usos:<\/strong> Productor de biomasa, acumulador de f\u00f3sforo. Excelente barrera viva que se corta y pica como abono verde para mejorar el suelo. Forraje con 26.9% de prote\u00edna. Tiene propiedades medicinales. En Las Ca\u00f1adas usamos en el huerto biointensivo para producir material para compostas, en el bosque huerto comestible para aportar biomasa al sistema (poda y rebrote), en la milpa con el sistema de cultivo en callejones y como forrajera para las becerras.<\/li>\n<li><strong>Clima:<\/strong> Alturas de 0 a 2,000msnm con lluvias de 500 a 5,000mm anuales.<\/li>\n<li><strong>Zona:<\/strong> 1, 2, 3 y 4.<\/li>\n<li><strong>Siembra:<\/strong> Sembrar la vareta directa en el suelo a una distancia de 50cm entre plantas.<\/li>\n<\/ul>\n","protected":false},"excerpt":{"rendered":"<p>Forrajera y productora de biomasa perenne<\/p>\n","protected":false},"featured_media":2172,"comment_status":"closed","ping_status":"closed","template":"","meta":{"inline_featured_image":false,"_monsterinsights_skip_tracking":false,"_monsterinsights_sitenote_active":false,"_monsterinsights_sitenote_note":"","_monsterinsights_sitenote_category":0},"product_brand":[],"product_cat":[273,65],"product_tag":[673,672,670,671],"class_list":{"0":"post-2423","1":"product","2":"type-product","3":"status-publish","4":"has-post-thumbnail","6":"product_cat-forrajeras","7":"product_cat-semillas-y-plantas","8":"product_tag-biomasa","9":"product_tag-forrajera","10":"product_tag-giganton","11":"product_tag-tithonia","13":"first","14":"instock","15":"taxable","16":"shipping-taxable","17":"purchasable","18":"product-type-variable","19":"has-default-attributes"},"_links":{"self":[{"href":"https:\/\/qrosoft.mx\/tiendabosquedeniebla\/wp-json\/wp\/v2\/product\/2423","targetHints":{"allow":["GET"]}}],"collection":[{"href":"https:\/\/qrosoft.mx\/tiendabosquedeniebla\/wp-json\/wp\/v2\/product"}],"about":[{"href":"https:\/\/qrosoft.mx\/tiendabosquedeniebla\/wp-json\/wp\/v2\/types\/product"}],"replies":[{"embeddable":true,"href":"https:\/\/qrosoft.mx\/tiendabosquedeniebla\/wp-json\/wp\/v2\/comments?post=2423"}],"wp:featuredmedia":[{"embeddable":true,"href":"https:\/\/qrosoft.mx\/tiendabosquedeniebla\/wp-json\/wp\/v2\/media\/2172"}],"wp:attachment":[{"href":"https:\/\/qrosoft.mx\/tiendabosquedeniebla\/wp-json\/wp\/v2\/media?parent=2423"}],"wp:term":[{"taxonomy":"product_brand","embeddable":true,"href":"https:\/\/qrosoft.mx\/tiendabosquedeniebla\/wp-json\/wp\/v2\/product_brand?post=2423"},{"taxonomy":"product_cat","embeddable":true,"href":"https:\/\/qrosoft.mx\/tiendabosquedeniebla\/wp-json\/wp\/v2\/product_cat?post=2423"},{"taxonomy":"product_tag","embeddable":true,"href":"https:\/\/qrosoft.mx\/tiendabosquedeniebla\/wp-json\/wp\/v2\/product_tag?post=2423"}],"curies":[{"name":"wp","href":"https:\/\/api.w.org\/{rel}","templated":true}]}}