{"id":2421,"date":"2021-05-18T18:27:34","date_gmt":"2021-05-18T23:27:34","guid":{"rendered":"https:\/\/qrosoft.mx\/tiendabosquedeniebla\/product\/fresa-comercial\/"},"modified":"2025-12-15T09:54:58","modified_gmt":"2025-12-15T15:54:58","slug":"fresa-comercial","status":"publish","type":"product","link":"https:\/\/qrosoft.mx\/tiendabosquedeniebla\/product\/fresa-comercial\/","title":{"rendered":"Fresa Comercial"},"content":{"rendered":"<h4>Fresa Comercial &#8211; <em>Fragaria chiloensis<\/em><\/h4>\n<ul>\n<li><strong>Familia:<\/strong> Rosaceae<\/li>\n<li><strong>Origen:<\/strong> Am\u00e9rica<\/li>\n<li><strong>Descripci\u00f3n:<\/strong> Planta perenne de hasta 30cm de altura. Da frutos s\u00f3lo en temporada, de febrero a marzo.<\/li>\n<li><strong>Usos:<\/strong> Frutos rojos comestibles.<\/li>\n<li><strong>Clima:<\/strong> Templado. Sensible a la sequ\u00eda y a la humedad en exceso, precipitaciones no mayores de 1,200mm.<\/li>\n<li><strong>Zonas:<\/strong> 2 y 4.<\/li>\n<li><strong>Siembra:<\/strong> En suelos con buena retenci\u00f3n de agua pero no en exceso, ricos en materia org\u00e1nica y levemente \u00e1cidos.<\/li>\n<\/ul>\n","protected":false},"excerpt":{"rendered":"<p>Frutilla perenne de clima templado<\/p>\n","protected":false},"featured_media":2149,"comment_status":"open","ping_status":"closed","template":"","meta":{"inline_featured_image":false,"_monsterinsights_skip_tracking":false,"_monsterinsights_sitenote_active":false,"_monsterinsights_sitenote_note":"","_monsterinsights_sitenote_category":0},"product_brand":[],"product_cat":[80],"product_tag":[],"class_list":{"0":"post-2421","1":"product","2":"type-product","3":"status-publish","4":"has-post-thumbnail","6":"product_cat-frutales","8":"first","9":"instock","10":"shipping-taxable","11":"purchasable","12":"product-type-variable","13":"has-default-attributes"},"_links":{"self":[{"href":"https:\/\/qrosoft.mx\/tiendabosquedeniebla\/wp-json\/wp\/v2\/product\/2421","targetHints":{"allow":["GET"]}}],"collection":[{"href":"https:\/\/qrosoft.mx\/tiendabosquedeniebla\/wp-json\/wp\/v2\/product"}],"about":[{"href":"https:\/\/qrosoft.mx\/tiendabosquedeniebla\/wp-json\/wp\/v2\/types\/product"}],"replies":[{"embeddable":true,"href":"https:\/\/qrosoft.mx\/tiendabosquedeniebla\/wp-json\/wp\/v2\/comments?post=2421"}],"wp:featuredmedia":[{"embeddable":true,"href":"https:\/\/qrosoft.mx\/tiendabosquedeniebla\/wp-json\/wp\/v2\/media\/2149"}],"wp:attachment":[{"href":"https:\/\/qrosoft.mx\/tiendabosquedeniebla\/wp-json\/wp\/v2\/media?parent=2421"}],"wp:term":[{"taxonomy":"product_brand","embeddable":true,"href":"https:\/\/qrosoft.mx\/tiendabosquedeniebla\/wp-json\/wp\/v2\/product_brand?post=2421"},{"taxonomy":"product_cat","embeddable":true,"href":"https:\/\/qrosoft.mx\/tiendabosquedeniebla\/wp-json\/wp\/v2\/product_cat?post=2421"},{"taxonomy":"product_tag","embeddable":true,"href":"https:\/\/qrosoft.mx\/tiendabosquedeniebla\/wp-json\/wp\/v2\/product_tag?post=2421"}],"curies":[{"name":"wp","href":"https:\/\/api.w.org\/{rel}","templated":true}]}}